{"id":26476,"date":"2022-06-06T18:33:07","date_gmt":"2022-06-06T16:33:07","guid":{"rendered":"https:\/\/baturina-homewear.com\/product\/herren-hausmantel-burgunder-paisley-jacquard-marine-steppsatin\/"},"modified":"2025-09-25T16:34:40","modified_gmt":"2025-09-25T14:34:40","slug":"herren-hausmantel-burgundy-paisley-jacquard-navy-gesteppt-satin","status":"publish","type":"product","link":"https:\/\/baturina-homewear.com\/de\/produkt\/herren-hausmantel-burgundy-paisley-jacquard-navy-gesteppt-satin\/","title":{"rendered":"Herren Hausmantel Weinrot Paisley Dunkelblau Gesteppt"},"content":{"rendered":"<h2>Ein zeitlos eleganter Morgenmantel f\u00fcr den modernen Dandy<\/h2>\n<p>Hier kommt unser leichter Hausmantel, der aus atemberaubendem Paisley-Jacquard und farbenpr\u00e4chtigem Satin in Weinrot, Dunkelblau und Gold gefertigt wurde. Dieser luxuri\u00f6se Morgenmantel verf\u00fcgt \u00fcber einen fein gesteppten, handgen\u00e4hten Satin Besatz, der elegant mit Paspeln verarbeitet ist. Die glatte Webstruktur und das gef\u00fctterte Satinfutter sorgen f\u00fcr ein angenehmes Gef\u00fchl auf der Haut. Mit dem langen G\u00fcrtel mit Quasten l\u00e4sst er sich m\u00fchelos befestigen.   <\/p>\n<h3>Extra leicht, stilvoll, langlebig und leicht zu waschen<\/h3>\n<p>Schl\u00fcpfen Sie einfach in diesen leichten und eleganten Morgenmantel f\u00fcr Ihre privaten Stunden. Das gef\u00fctterte Satinfutter ist nicht nur luxuri\u00f6s, sondern auch \u00e4u\u00dferst praktisch &#8211; so k\u00f6nnen Sie m\u00fchelos in Ihren Morgenmantel schl\u00fcpfen, auch \u00fcber Hemden oder Loungewear. Aus OEKO-TEX\u00ae-zertifiziertem Polyester gefertigt, ist er besonders strapazierf\u00e4hig und so konzipiert, dass er regelm\u00e4\u00dfigem Tragen standh\u00e4lt, ohne seine elegante Oberfl\u00e4che zu verlieren.   Dieser gesteppte Hausmantel mit Paisleymuster ist das ganze Jahr \u00fcber bequem und unterstreicht Ihren Lebensstil, ob Sie nun zu Hause entspannen oder G\u00e4ste empfangen, mit einem Hauch von Raffinesse und seidiger Eleganz.<\/p>\n<p><strong>Details zur Passform:<\/strong><\/p>\n<ul>\n<li>Das Model ist 183 cm gro\u00df (6 Fu\u00df) und wiegt 70 kg (155 lbs) und tr\u00e4gt Gr\u00f6\u00dfe M, L\u00e4nge 125 cm<\/li>\n<li>Bequeme, lockere Passform<\/li>\n<li>Gro\u00dfe Seitentaschen<\/li>\n<li>extra langer G\u00fcrtel f\u00fcr mehr Komfort (210 cm)<\/li>\n<\/ul>\n<p><strong>Design-Merkmale:<\/strong><\/p>\n<ul>\n<li>Schalkragen<\/li>\n<li>Brusttasche<\/li>\n<li>zwei Seitentaschen<\/li>\n<li>verstellbare Umschlagmanschetten<\/li>\n<li>diskrete Aufh\u00e4ngeschlaufe auf der R\u00fcckseite<\/li>\n<\/ul>\n<p><strong>Materialien und Pflege:<\/strong><\/p>\n<ul>\n<li>\u00c4u\u00dferes: 60% Polyester, 40% Viskose<\/li>\n<li>Innen: 100% Polyester, OEKO-TEX\u00ae Standard 100 zertifiziert<\/li>\n<li>Leicht zu reinigen<\/li>\n<li>Maschinenw\u00e4sche bei 30\u00b0C, nicht im Trockner trocknen, bei niedriger Hitze b\u00fcgeln.<\/li>\n<\/ul>\n","protected":false},"excerpt":{"rendered":"<p>Dieser gesteppte Hausmantel mit Paisleymuster ist das ganze Jahr \u00fcber bequem und unterstreicht Ihren Lebensstil, ob Sie nun zu Hause entspannen oder G\u00e4ste empfangen, mit einem Hauch von Raffinesse und seidiger Eleganz.<\/p>\n","protected":false},"featured_media":57697,"comment_status":"open","ping_status":"closed","template":"","meta":[],"product_brand":[],"product_cat":[463,491,979],"product_tag":[464,768],"class_list":{"0":"post-26476","1":"product","2":"type-product","3":"status-publish","4":"has-post-thumbnail","6":"product_cat-herren-hausmantel","7":"product_cat-morgenmaentel","8":"product_cat-paisley-bademantel","9":"product_tag-custom-size-de","10":"product_tag-monogram-de","11":"product_shipping_class-auf-bestellung","12":"pa_color-blau","13":"pa_color-rot","14":"pa_color-swatch-weinrot","15":"pa_fabric-content-polyester-viscose-mix-de","16":"pa_fabric-weave-type-jacquard-de","17":"pa_fabric-weight-lightweight-de","18":"pa_pattern-paisley-de","19":"pa_size-2xl-de","20":"pa_size-3xl-de","21":"pa_size-4xl-de","22":"pa_size-5xl-de","23":"pa_size-l-de","24":"pa_size-m-de","25":"pa_size-massanfertigung","26":"pa_size-s-de","27":"pa_size-xl-de","28":"pa_size-xs-de","30":"first","31":"instock","32":"taxable","33":"shipping-taxable","34":"purchasable","35":"product-type-simple"},"_links":{"self":[{"href":"https:\/\/baturina-homewear.com\/de\/wp-json\/wp\/v2\/product\/26476","targetHints":{"allow":["GET"]}}],"collection":[{"href":"https:\/\/baturina-homewear.com\/de\/wp-json\/wp\/v2\/product"}],"about":[{"href":"https:\/\/baturina-homewear.com\/de\/wp-json\/wp\/v2\/types\/product"}],"replies":[{"embeddable":true,"href":"https:\/\/baturina-homewear.com\/de\/wp-json\/wp\/v2\/comments?post=26476"}],"version-history":[{"count":11,"href":"https:\/\/baturina-homewear.com\/de\/wp-json\/wp\/v2\/product\/26476\/revisions"}],"predecessor-version":[{"id":76100,"href":"https:\/\/baturina-homewear.com\/de\/wp-json\/wp\/v2\/product\/26476\/revisions\/76100"}],"wp:featuredmedia":[{"embeddable":true,"href":"https:\/\/baturina-homewear.com\/de\/wp-json\/wp\/v2\/media\/57697"}],"wp:attachment":[{"href":"https:\/\/baturina-homewear.com\/de\/wp-json\/wp\/v2\/media?parent=26476"}],"wp:term":[{"taxonomy":"product_brand","embeddable":true,"href":"https:\/\/baturina-homewear.com\/de\/wp-json\/wp\/v2\/product_brand?post=26476"},{"taxonomy":"product_cat","embeddable":true,"href":"https:\/\/baturina-homewear.com\/de\/wp-json\/wp\/v2\/product_cat?post=26476"},{"taxonomy":"product_tag","embeddable":true,"href":"https:\/\/baturina-homewear.com\/de\/wp-json\/wp\/v2\/product_tag?post=26476"}],"curies":[{"name":"wp","href":"https:\/\/api.w.org\/{rel}","templated":true}]}}