{"id":26478,"date":"2022-04-13T18:12:52","date_gmt":"2022-04-13T16:12:52","guid":{"rendered":"https:\/\/baturina-homewear.com\/product\/hausmantel-fuer-maenner-schwarz-weiss-gestreifte-baumwolle\/"},"modified":"2026-03-03T19:14:28","modified_gmt":"2026-03-03T18:14:28","slug":"herren-hausmantel-schwarz-weiss-gestreifte-baumwolle","status":"publish","type":"product","link":"https:\/\/baturina-homewear.com\/de\/produkt\/herren-hausmantel-schwarz-weiss-gestreifte-baumwolle\/","title":{"rendered":"Herren Hausmantel Schwarz-wei\u00df gestreift Baumwolle"},"content":{"rendered":"<p>Eleganter ungef\u00fctterter Morgenmantel mit Schalkragen aus weichem Baumwolljersey, ideal zum Entspannen zu Hause. Das Farbschema besteht aus einem klassischen Schwarz-Wei\u00df-Kontrast. Das Design wird mit einem gl\u00e4nzenden Satin Besatz aus Baumwolle in Schwarz geliefert. Die Innenseite des Stoffes hat eine pl\u00fcschige, weiche Textur. Einfach mit dem langen G\u00fcrtel befestigen. Wenn Sie auf der Suche nach einem leichten Morgenmantel sind, der auch f\u00fcr w\u00e4rmere Temperaturen geeignet ist, ist dieser Morgenmantel die richtige Wahl f\u00fcr ganzj\u00e4hrigen Komfort und Stil.<\/p>\n<ul>\n<li>Schalkragen<\/li>\n<li>zwei tiefe Seitentaschen<\/li>\n<li>verstellbare Umschlagmanschetten<\/li>\n<li>wasserabsorbierender Jersey-Stoff, als Bademantel verwendbar<\/li>\n<li>bequeme, lockere Passform<\/li>\n<li>diskrete Aufh\u00e4ngeschlaufe auf der R\u00fcckseite<\/li>\n<li>langer G\u00fcrtel<\/li>\n<\/ul>\n<p>Material und Pflege: 100% Baumwolle. Separat waschen, 30\u00b0 C, nicht im Trockner trocknen, bei niedriger Hitze b\u00fcgeln. <\/p>\n<p>Alle unsere Designs werden individuell auf Bestellung in unserem Atelier angefertigt und jedes ist das Ergebnis stundenlanger handwerklicher Arbeit. Genie\u00dfen Sie Komfort und Stil in unseren Herren Morgenm\u00e4nteln, Pyjama Sets und Accessoires, hergestellt in Hamburg, Deutschland. <\/p>\n","protected":false},"excerpt":{"rendered":"<p>Eleganter ungef\u00fctterter Morgenmantel mit Schalkragen aus weichem Baumwolljersey, ideal zum Entspannen zu Hause.<\/p>\n","protected":false},"featured_media":32010,"comment_status":"open","ping_status":"closed","template":"","meta":[],"product_brand":[],"product_cat":[662,1105,463,491],"product_tag":[464,768],"class_list":{"0":"post-26478","1":"product","2":"type-product","3":"status-publish","4":"has-post-thumbnail","6":"product_cat-bademantel","7":"product_cat-sommer-mantel","8":"product_cat-herren-hausmantel","9":"product_cat-morgenmaentel","10":"product_tag-custom-size-de","11":"product_tag-monogram-de","12":"product_shipping_class-auf-bestellung","13":"pa_color-black-de","14":"pa_color-weiss","15":"pa_fabric-content-cotton-de","16":"pa_fabric-weave-type-jersey-de","17":"pa_fabric-weave-type-satin-de","18":"pa_fabric-weight-lightweight-de","19":"pa_pattern-gestreift","20":"pa_size-2xl-de","21":"pa_size-3xl-de","22":"pa_size-4xl-de","23":"pa_size-5xl-de","24":"pa_size-l-de","25":"pa_size-m-de","26":"pa_size-massanfertigung","27":"pa_size-s-de","28":"pa_size-xl-de","29":"pa_size-xs-de","31":"first","32":"outofstock","33":"taxable","34":"shipping-taxable","35":"purchasable","36":"product-type-simple"},"_links":{"self":[{"href":"https:\/\/baturina-homewear.com\/de\/wp-json\/wp\/v2\/product\/26478","targetHints":{"allow":["GET"]}}],"collection":[{"href":"https:\/\/baturina-homewear.com\/de\/wp-json\/wp\/v2\/product"}],"about":[{"href":"https:\/\/baturina-homewear.com\/de\/wp-json\/wp\/v2\/types\/product"}],"replies":[{"embeddable":true,"href":"https:\/\/baturina-homewear.com\/de\/wp-json\/wp\/v2\/comments?post=26478"}],"version-history":[{"count":6,"href":"https:\/\/baturina-homewear.com\/de\/wp-json\/wp\/v2\/product\/26478\/revisions"}],"predecessor-version":[{"id":75268,"href":"https:\/\/baturina-homewear.com\/de\/wp-json\/wp\/v2\/product\/26478\/revisions\/75268"}],"wp:featuredmedia":[{"embeddable":true,"href":"https:\/\/baturina-homewear.com\/de\/wp-json\/wp\/v2\/media\/32010"}],"wp:attachment":[{"href":"https:\/\/baturina-homewear.com\/de\/wp-json\/wp\/v2\/media?parent=26478"}],"wp:term":[{"taxonomy":"product_brand","embeddable":true,"href":"https:\/\/baturina-homewear.com\/de\/wp-json\/wp\/v2\/product_brand?post=26478"},{"taxonomy":"product_cat","embeddable":true,"href":"https:\/\/baturina-homewear.com\/de\/wp-json\/wp\/v2\/product_cat?post=26478"},{"taxonomy":"product_tag","embeddable":true,"href":"https:\/\/baturina-homewear.com\/de\/wp-json\/wp\/v2\/product_tag?post=26478"}],"curies":[{"name":"wp","href":"https:\/\/api.w.org\/{rel}","templated":true}]}}