{"id":26479,"date":"2022-06-06T19:45:25","date_gmt":"2022-06-06T17:45:25","guid":{"rendered":"https:\/\/baturina-homewear.com\/product\/herren-hausmantel-navy-paisley-jacquard-burgundy-quilted-satin\/"},"modified":"2024-11-25T11:28:37","modified_gmt":"2024-11-25T10:28:37","slug":"herren-hausmantel-marine-paisley-jacquard-burgunder-gesteppt-satin","status":"publish","type":"product","link":"https:\/\/baturina-homewear.com\/de\/produkt\/herren-hausmantel-marine-paisley-jacquard-burgunder-gesteppt-satin\/","title":{"rendered":"Herren Hausmantel Navy Paisley Jacquard Burgundy Quilted Satin"},"content":{"rendered":"<p>Leichter Morgenmantel aus atemberaubendem Paisley-Jacquard und farbenpr\u00e4chtigem Satin in Marineblau, Burgunderrot und Gold. Mit einem gro\u00dfen gesteppten, handgen\u00e4hten Satinbesatz und Paspelierungen. Es hat eine luxuri\u00f6se, glatte Webstruktur und ist vollst\u00e4ndig mit Satin gef\u00fcttert. Einfach mit dem langen G\u00fcrtel befestigen. Wenn Sie auf der Suche nach einem leichten, seidigen Morgenmantel f\u00fcr das ganze Jahr sind, ist dieses gesteppte Paisleymuster perfekt.<\/p>\n<ul>\n<li>Schalkragen<\/li>\n<li>Brusttasche<\/li>\n<li>zwei tiefe Seitentaschen<\/li>\n<li>verstellbare Umschlagmanschetten<\/li>\n<li>bequeme, lockere Passform<\/li>\n<li>diskrete Aufh\u00e4ngeschlaufe auf der R\u00fcckseite<\/li>\n<li>lange G\u00fcrtel<\/li>\n<\/ul>\n<p>Material und Pflege: 60% Polyester, 40% Viskose. Maschinenw\u00e4sche bei 30\u00b0C, nicht im Trockner trocknen, bei niedriger Hitze b\u00fcgeln.<\/p>\n<p>Individuell handgefertigt in unserem Atelier in Hamburg, Deutschland.<\/p>\n","protected":false},"excerpt":{"rendered":"<p>Leichter Morgenmantel aus atemberaubendem Paisley-Jacquard und farbenpr\u00e4chtigem Satin in Marineblau, Burgunderrot und Gold. Mit einem gro\u00dfen gesteppten, handgen\u00e4hten Satinbesatz und<\/p>\n","protected":false},"featured_media":27886,"comment_status":"open","ping_status":"closed","template":"","meta":[],"product_brand":[],"product_cat":[463],"product_tag":[768],"class_list":{"0":"post-26479","1":"product","2":"type-product","3":"status-publish","4":"has-post-thumbnail","6":"product_cat-herren-hausmantel","7":"product_tag-monogram-de","8":"pa_color-blau","9":"pa_color-rot","10":"pa_fabric-content-polyester-viscose-mix-de","11":"pa_fabric-weave-type-jacquard-de","12":"pa_fabric-weight-lightweight-de","13":"pa_pattern-paisley-de","14":"pa_size-2xl-de","15":"pa_size-3xl-de","16":"pa_size-4xl-de","17":"pa_size-5xl-de","18":"pa_size-l-de","19":"pa_size-m-de","20":"pa_size-massanfertigung","21":"pa_size-s-de","22":"pa_size-xl-de","23":"pa_size-xs-de","25":"first","26":"outofstock","27":"taxable","28":"shipping-taxable","29":"purchasable","30":"product-type-simple"},"_links":{"self":[{"href":"https:\/\/baturina-homewear.com\/de\/wp-json\/wp\/v2\/product\/26479","targetHints":{"allow":["GET"]}}],"collection":[{"href":"https:\/\/baturina-homewear.com\/de\/wp-json\/wp\/v2\/product"}],"about":[{"href":"https:\/\/baturina-homewear.com\/de\/wp-json\/wp\/v2\/types\/product"}],"replies":[{"embeddable":true,"href":"https:\/\/baturina-homewear.com\/de\/wp-json\/wp\/v2\/comments?post=26479"}],"version-history":[{"count":1,"href":"https:\/\/baturina-homewear.com\/de\/wp-json\/wp\/v2\/product\/26479\/revisions"}],"predecessor-version":[{"id":49014,"href":"https:\/\/baturina-homewear.com\/de\/wp-json\/wp\/v2\/product\/26479\/revisions\/49014"}],"wp:featuredmedia":[{"embeddable":true,"href":"https:\/\/baturina-homewear.com\/de\/wp-json\/wp\/v2\/media\/27886"}],"wp:attachment":[{"href":"https:\/\/baturina-homewear.com\/de\/wp-json\/wp\/v2\/media?parent=26479"}],"wp:term":[{"taxonomy":"product_brand","embeddable":true,"href":"https:\/\/baturina-homewear.com\/de\/wp-json\/wp\/v2\/product_brand?post=26479"},{"taxonomy":"product_cat","embeddable":true,"href":"https:\/\/baturina-homewear.com\/de\/wp-json\/wp\/v2\/product_cat?post=26479"},{"taxonomy":"product_tag","embeddable":true,"href":"https:\/\/baturina-homewear.com\/de\/wp-json\/wp\/v2\/product_tag?post=26479"}],"curies":[{"name":"wp","href":"https:\/\/api.w.org\/{rel}","templated":true}]}}