{"id":26480,"date":"2022-03-03T18:17:45","date_gmt":"2022-03-03T18:17:45","guid":{"rendered":"https:\/\/baturina-homewear.com\/product\/herren-hausmantel-bronze-gold-paisley-jacquard-marineblau-satin-fein-gesteppt-mit-quasten\/"},"modified":"2026-02-19T19:59:21","modified_gmt":"2026-02-19T18:59:21","slug":"herren-hausmantel-bronze-gold-paisley","status":"publish","type":"product","link":"https:\/\/baturina-homewear.com\/de\/produkt\/herren-hausmantel-bronze-gold-paisley\/","title":{"rendered":"Herren Hausmantel Gold Paisley Dunkelblau Gesteppt Silber"},"content":{"rendered":"<p>Unser leichter Hausmantel ist aus atemberaubendem Paisley-Jacquard und farbenpr\u00e4chtigem Satin in Bronze, Gold, Dunkelblau und Silber gefertigt. Dieser luxuri\u00f6se Morgenmantel verf\u00fcgt \u00fcber einen fein gesteppten, handgen\u00e4hten Satin Besatz, der elegant mit silbernen Paspeln verziert ist. Die weiche Webstruktur und das gef\u00fctterte Futter aus Satin sorgen f\u00fcr ein angenehmes Gef\u00fchl auf der Haut. Mit dem langen G\u00fcrtel mit Quasten l\u00e4sst er sich m\u00fchelos befestigen. Dieser gesteppte Hausmantel mit Paisleymuster ist das ganze Jahr \u00fcber bequem und unterstreicht Ihren Lebensstil, ob Sie nun zu Hause entspannen oder G\u00e4ste empfangen, mit einem Hauch von Raffinesse und seidiger Eleganz.<\/p>\n<ul>\n<li>Schalkragen<\/li>\n<li>Brusttasche<\/li>\n<li>zwei tiefe Seitentaschen<\/li>\n<li>verstellbare Umschlagmanschetten<\/li>\n<li>bequeme, lockere Passform<\/li>\n<li>diskrete Aufh\u00e4ngeschlaufe auf der R\u00fcckseite<\/li>\n<li>langer G\u00fcrtel<\/li>\n<li>L\u00e4nge des Morgenmantels 125 cm (49 in)<\/li>\n<\/ul>\n<p>Material und Pflege: 60% Polyester, 40% Viskose. Separate Maschinenw\u00e4sche bei 30\u00b0C, nicht im Trockner trocknen, B\u00fcgeln bei niedriger Hitze. <\/p>\n","protected":false},"excerpt":{"rendered":"<p>Entspannen Sie sich zu Hause mit unserem meistverkauften Morgenmantel mit Paisleymuster in Bronzegold. Dieser Morgenmantel aus glattem Jacquard-Gewebe mit gef\u00fcttertem Futter eignet sich perfekt f\u00fcr gem\u00fctliche Abende oder den stilvollen Empfang von G\u00e4sten und bietet h\u00f6chsten Komfort und Eleganz. Erleben Sie die zeitlose Anziehungskraft, die diesen Morgenmantel seit der Er\u00f6ffnung unseres Gesch\u00e4fts zu einem Favoriten gemacht hat.<\/p>\n","protected":false},"featured_media":68672,"comment_status":"open","ping_status":"closed","template":"","meta":[],"product_brand":[],"product_cat":[463,491,979],"product_tag":[464,768],"class_list":{"0":"post-26480","1":"product","2":"type-product","3":"status-publish","4":"has-post-thumbnail","6":"product_cat-herren-hausmantel","7":"product_cat-morgenmaentel","8":"product_cat-paisley-bademantel","9":"product_tag-custom-size-de","10":"product_tag-monogram-de","11":"product_shipping_class-auf-bestellung","12":"pa_color-blau","13":"pa_color-gold-de","14":"pa_color-swatch-gold-de","15":"pa_fabric-content-polyester-viscose-mix-de","16":"pa_fabric-weave-type-jacquard-de","17":"pa_fabric-weight-lightweight-de","18":"pa_pattern-paisley-de","19":"pa_size-2xl-de","20":"pa_size-l-de","21":"pa_size-m-de","22":"pa_size-massanfertigung","23":"pa_size-xl-de","25":"first","26":"instock","27":"taxable","28":"shipping-taxable","29":"purchasable","30":"product-type-simple"},"_links":{"self":[{"href":"https:\/\/baturina-homewear.com\/de\/wp-json\/wp\/v2\/product\/26480","targetHints":{"allow":["GET"]}}],"collection":[{"href":"https:\/\/baturina-homewear.com\/de\/wp-json\/wp\/v2\/product"}],"about":[{"href":"https:\/\/baturina-homewear.com\/de\/wp-json\/wp\/v2\/types\/product"}],"replies":[{"embeddable":true,"href":"https:\/\/baturina-homewear.com\/de\/wp-json\/wp\/v2\/comments?post=26480"}],"version-history":[{"count":15,"href":"https:\/\/baturina-homewear.com\/de\/wp-json\/wp\/v2\/product\/26480\/revisions"}],"predecessor-version":[{"id":79368,"href":"https:\/\/baturina-homewear.com\/de\/wp-json\/wp\/v2\/product\/26480\/revisions\/79368"}],"wp:featuredmedia":[{"embeddable":true,"href":"https:\/\/baturina-homewear.com\/de\/wp-json\/wp\/v2\/media\/68672"}],"wp:attachment":[{"href":"https:\/\/baturina-homewear.com\/de\/wp-json\/wp\/v2\/media?parent=26480"}],"wp:term":[{"taxonomy":"product_brand","embeddable":true,"href":"https:\/\/baturina-homewear.com\/de\/wp-json\/wp\/v2\/product_brand?post=26480"},{"taxonomy":"product_cat","embeddable":true,"href":"https:\/\/baturina-homewear.com\/de\/wp-json\/wp\/v2\/product_cat?post=26480"},{"taxonomy":"product_tag","embeddable":true,"href":"https:\/\/baturina-homewear.com\/de\/wp-json\/wp\/v2\/product_tag?post=26480"}],"curies":[{"name":"wp","href":"https:\/\/api.w.org\/{rel}","templated":true}]}}