{"id":26493,"date":"2022-06-14T20:19:11","date_gmt":"2022-06-14T18:19:11","guid":{"rendered":"https:\/\/baturina-homewear.com\/product\/herren-hausjacke-burgunder-baumwollsamt-fein-gesteppt-mit-kordelpaspel-quasten\/"},"modified":"2026-01-30T10:00:56","modified_gmt":"2026-01-30T09:00:56","slug":"herren-hausjacke-marineblauer-baumwollsamt-fein-gesteppt-mit-kordel-paspeln-quasten","status":"publish","type":"product","link":"https:\/\/baturina-homewear.com\/de\/produkt\/herren-hausjacke-marineblauer-baumwollsamt-fein-gesteppt-mit-kordel-paspeln-quasten\/","title":{"rendered":"Herren Hausjacke Dunkelblau Baumwolle Samt"},"content":{"rendered":"<p>Schwerer, dicker und besonders warmer Morgenmantel aus Baumwollsamt in Dunkelblau. Mit fein gestepptem, handgen\u00e4htem Besatz aus gleichem Stoff, abgeschlossen mit Kordelpaspel. Es hat eine luxuri\u00f6se, weiche Textur und ist vollst\u00e4ndig mit Satin gef\u00fcttert. Einfach mit dem langen G\u00fcrtel mit Quasten schlie\u00dfen. Wenn Sie auf der Suche nach einem warmen Morgenmantel sind, den Sie bei k\u00fchlen Temperaturen im Haus tragen k\u00f6nnen, ist dieser Morgenmantel perfekt. Alle unsere Designs werden individuell auf Bestellung in unserem Atelier angefertigt und jedes ist das Ergebnis stundenlanger handwerklicher Arbeit. Genie\u00dfen Sie Komfort und Stil in unseren Herren Morgenm\u00e4nteln, Pyjama Sets und Accessoires, hergestellt in Hamburg, Deutschland. <\/p>\n<ul>\n<li>Schalkragen<\/li>\n<li>Brusttasche<\/li>\n<li>zwei tiefe Seitentaschen<\/li>\n<li>verstellbare Umschlagmanschetten<\/li>\n<li>bequeme, lockere Passform<\/li>\n<li>diskrete Aufh\u00e4ngeschlaufe auf der R\u00fcckseite<\/li>\n<li>langer G\u00fcrtel<\/li>\n<\/ul>\n<p>Material und Pflege: Au\u00dfenseite: 100% Baumwolle. Innen: 60% Polyester, 40% Viskose.  Professionelle Reinigung.<\/p>\n","protected":false},"excerpt":{"rendered":"<p>Unser Morgenmantel aus dunkelblauem Samt ist ein Meisterwerk der Schneiderkunst, das sowohl auf Komfort als auch auf Eleganz ausgelegt ist. Dieser edle Mantel in Erbst\u00fcckqualit\u00e4t ist f\u00fcr Langlebigkeit gemacht und garantiert zeitlosen Stil und dauerhaften Luxus.<\/p>\n","protected":false},"featured_media":20284,"comment_status":"open","ping_status":"closed","template":"","meta":[],"product_brand":[],"product_cat":[496,491,980,994],"product_tag":[464,768],"class_list":{"0":"post-26493","1":"product","2":"type-product","3":"status-publish","4":"has-post-thumbnail","6":"product_cat-herren-hausjacken","7":"product_cat-morgenmaentel","8":"product_cat-samt-bademantel","9":"product_cat-warme-mantel","10":"product_tag-custom-size-de","11":"product_tag-monogram-de","12":"product_shipping_class-auf-bestellung","13":"pa_color-blau","14":"pa_color-swatch-marineblau","15":"pa_fabric-content-cotton-de","16":"pa_fabric-weave-type-samt","17":"pa_fabric-weight-schwer-und-warm","18":"pa_pattern-einfarbig","19":"pa_size-2xl-de","20":"pa_size-3xl-de","21":"pa_size-4xl-de","22":"pa_size-5xl-de","23":"pa_size-l-de","24":"pa_size-m-de","25":"pa_size-massanfertigung","26":"pa_size-s-de","27":"pa_size-xl-de","28":"pa_size-xs-de","30":"first","31":"instock","32":"taxable","33":"shipping-taxable","34":"purchasable","35":"product-type-simple"},"_links":{"self":[{"href":"https:\/\/baturina-homewear.com\/de\/wp-json\/wp\/v2\/product\/26493","targetHints":{"allow":["GET"]}}],"collection":[{"href":"https:\/\/baturina-homewear.com\/de\/wp-json\/wp\/v2\/product"}],"about":[{"href":"https:\/\/baturina-homewear.com\/de\/wp-json\/wp\/v2\/types\/product"}],"replies":[{"embeddable":true,"href":"https:\/\/baturina-homewear.com\/de\/wp-json\/wp\/v2\/comments?post=26493"}],"version-history":[{"count":13,"href":"https:\/\/baturina-homewear.com\/de\/wp-json\/wp\/v2\/product\/26493\/revisions"}],"predecessor-version":[{"id":76113,"href":"https:\/\/baturina-homewear.com\/de\/wp-json\/wp\/v2\/product\/26493\/revisions\/76113"}],"wp:featuredmedia":[{"embeddable":true,"href":"https:\/\/baturina-homewear.com\/de\/wp-json\/wp\/v2\/media\/20284"}],"wp:attachment":[{"href":"https:\/\/baturina-homewear.com\/de\/wp-json\/wp\/v2\/media?parent=26493"}],"wp:term":[{"taxonomy":"product_brand","embeddable":true,"href":"https:\/\/baturina-homewear.com\/de\/wp-json\/wp\/v2\/product_brand?post=26493"},{"taxonomy":"product_cat","embeddable":true,"href":"https:\/\/baturina-homewear.com\/de\/wp-json\/wp\/v2\/product_cat?post=26493"},{"taxonomy":"product_tag","embeddable":true,"href":"https:\/\/baturina-homewear.com\/de\/wp-json\/wp\/v2\/product_tag?post=26493"}],"curies":[{"name":"wp","href":"https:\/\/api.w.org\/{rel}","templated":true}]}}