{"id":26495,"date":"2022-06-14T17:19:55","date_gmt":"2022-06-14T17:19:55","guid":{"rendered":"https:\/\/baturina-homewear.com\/product\/herren-hausjacke-smaragdgruener-baumwollsamt-gold-feiner-gesteppter-satin-mit-kordelpaspel\/"},"modified":"2026-02-04T09:35:51","modified_gmt":"2026-02-04T08:35:51","slug":"herren-hausjacke-smaragd-grun-baumwoll-samt-gold-fein-gesteppter-satin-mit-kordel-piping","status":"publish","type":"product","link":"https:\/\/baturina-homewear.com\/de\/produkt\/herren-hausjacke-smaragd-grun-baumwoll-samt-gold-fein-gesteppter-satin-mit-kordel-piping\/","title":{"rendered":"Herren Hausjacke Smaragdgr\u00fcn Baumwolle Samt Schwarz"},"content":{"rendered":"<p>Schwerer, dicker und besonders warmer Morgenmantel aus Baumwollsamt in Smaragdgr\u00fcn, Schwarz und Gold. Mit einem fein gesteppten, handgen\u00e4hten Satin Besatz, der mit goldenen und schwarzen Kordelpaspeln versehen ist. Es hat eine luxuri\u00f6se, weiche Textur und ist vollst\u00e4ndig mit Satin gef\u00fcttert. Wenn Sie auf der Suche nach einem warmen Morgenmantel sind, den Sie bei k\u00fchlen Temperaturen im Haus tragen k\u00f6nnen, ist dieser Morgenmantel perfekt. Alle unsere Designs werden individuell auf Bestellung in unserem Atelier angefertigt und jedes ist das Ergebnis stundenlanger handwerklicher Arbeit. Genie\u00dfen Sie Komfort und Stil in unseren Herren Morgenm\u00e4nteln, Pyjama Sets und Accessoires, hergestellt in Hamburg, Deutschland. <\/p>\n<ul>\n<li>Schalkragen<\/li>\n<li>Brusttasche<\/li>\n<li>zwei tiefe Seitentaschen<\/li>\n<li>verstellbare Umschlagmanschetten<\/li>\n<li>bequeme, lockere Passform<\/li>\n<li>diskrete Aufh\u00e4ngeschlaufe auf der R\u00fcckseite<\/li>\n<li>langer G\u00fcrtel<\/li>\n<\/ul>\n<p>Material und Pflege: \u00c4u\u00dferes: 60% Baumwolle, 20% Polyester, 20% Viskose. Innen: 60% Polyester, 40% Viskose. Professionelle Reinigung.<\/p>\n","protected":false},"excerpt":{"rendered":"<p>Der Morgenmantel Baturina aus Samt ist ein begehrtes Meisterwerk der Schneiderkunst, das Komfort und Eleganz miteinander verbindet. Dieses f\u00fcr eine lange Lebensdauer gefertigte St\u00fcck in Erbst\u00fcckqualit\u00e4t verspricht zeitlosen Stil und dauerhaften Luxus.<\/p>\n","protected":false},"featured_media":32072,"comment_status":"open","ping_status":"closed","template":"","meta":[],"product_brand":[],"product_cat":[496,491,980,994],"product_tag":[464,768],"class_list":{"0":"post-26495","1":"product","2":"type-product","3":"status-publish","4":"has-post-thumbnail","6":"product_cat-herren-hausjacken","7":"product_cat-morgenmaentel","8":"product_cat-samt-bademantel","9":"product_cat-warme-mantel","10":"product_tag-custom-size-de","11":"product_tag-monogram-de","12":"product_shipping_class-auf-bestellung","13":"pa_color-gold-de","14":"pa_color-green-de","15":"pa_color-black-de","16":"pa_color-swatch-smaragdgrun","17":"pa_fabric-content-cotton-de","18":"pa_fabric-weave-type-samt","19":"pa_fabric-weight-schwer-und-warm","20":"pa_pattern-einfarbig","21":"pa_size-2xl-de","22":"pa_size-3xl-de","23":"pa_size-4xl-de","24":"pa_size-5xl-de","25":"pa_size-l-de","26":"pa_size-m-de","27":"pa_size-massanfertigung","28":"pa_size-s-de","29":"pa_size-xl-de","30":"pa_size-xs-de","32":"first","33":"instock","34":"taxable","35":"shipping-taxable","36":"purchasable","37":"product-type-simple"},"_links":{"self":[{"href":"https:\/\/baturina-homewear.com\/de\/wp-json\/wp\/v2\/product\/26495","targetHints":{"allow":["GET"]}}],"collection":[{"href":"https:\/\/baturina-homewear.com\/de\/wp-json\/wp\/v2\/product"}],"about":[{"href":"https:\/\/baturina-homewear.com\/de\/wp-json\/wp\/v2\/types\/product"}],"replies":[{"embeddable":true,"href":"https:\/\/baturina-homewear.com\/de\/wp-json\/wp\/v2\/comments?post=26495"}],"version-history":[{"count":6,"href":"https:\/\/baturina-homewear.com\/de\/wp-json\/wp\/v2\/product\/26495\/revisions"}],"predecessor-version":[{"id":76106,"href":"https:\/\/baturina-homewear.com\/de\/wp-json\/wp\/v2\/product\/26495\/revisions\/76106"}],"wp:featuredmedia":[{"embeddable":true,"href":"https:\/\/baturina-homewear.com\/de\/wp-json\/wp\/v2\/media\/32072"}],"wp:attachment":[{"href":"https:\/\/baturina-homewear.com\/de\/wp-json\/wp\/v2\/media?parent=26495"}],"wp:term":[{"taxonomy":"product_brand","embeddable":true,"href":"https:\/\/baturina-homewear.com\/de\/wp-json\/wp\/v2\/product_brand?post=26495"},{"taxonomy":"product_cat","embeddable":true,"href":"https:\/\/baturina-homewear.com\/de\/wp-json\/wp\/v2\/product_cat?post=26495"},{"taxonomy":"product_tag","embeddable":true,"href":"https:\/\/baturina-homewear.com\/de\/wp-json\/wp\/v2\/product_tag?post=26495"}],"curies":[{"name":"wp","href":"https:\/\/api.w.org\/{rel}","templated":true}]}}