{"id":26501,"date":"2024-11-14T17:16:59","date_gmt":"2024-11-14T16:16:59","guid":{"rendered":"https:\/\/baturina-homewear.com\/product\/herren-hausjacke-waldgruener-baumwollsamt-fein-gesteppt-schwarzer-goldsatin-mit-kordelpaspel\/"},"modified":"2026-02-04T14:02:03","modified_gmt":"2026-02-04T13:02:03","slug":"herren-hausjacke-waldgrun-baumwollsamt-fein-abgesteppt-schwarz-gold-satin-mit-kordel-paspel","status":"publish","type":"product","link":"https:\/\/baturina-homewear.com\/de\/produkt\/herren-hausjacke-waldgrun-baumwollsamt-fein-abgesteppt-schwarz-gold-satin-mit-kordel-paspel\/","title":{"rendered":"Herren Hausjacke Waldgr\u00fcn Samt Schwarz Gesteppt"},"content":{"rendered":"<p>Unser schwerer, dicker und besonders warmer Morgenmantel aus Baumwollsamt in tiefem Waldgr\u00fcn, Schwarz und Gold ist ein Meisterwerk an Komfort und Stil. Der Morgenmantel ist mit einem fein gesteppten Satin Besatz und schwarz-gold gestreiften Kordelpaspeln verziert und strahlt Luxus aus. Die \u00fcppige, weiche Textur und das gef\u00fctterte Futter aus Satin sorgen daf\u00fcr, dass Sie es auch bei k\u00fchlen Temperaturen gem\u00fctlich haben.<\/p>\n<p>Morgenm\u00e4ntel wie dieser sind seit dem 19. Jahrhundert ein Muss f\u00fcr raffinierte Freizeitkleidung und symbolisieren Raffinesse und Komfort. Dieser Morgenmantel ist ideal, um sich zu Hause zu entspannen, vor dem Kamin zu lesen oder einen gem\u00fctlichen Morgen zu genie\u00dfen. Er ist perfekt, um Ihren Lebensstil zu Hause zu verbessern. <\/p>\n<p>Jedes Design wird in unserem Hamburger Atelier in stundenlanger Handarbeit gefertigt. Erleben Sie die ultimative Mischung aus Tradition, Komfort und Stil mit unseren Morgenm\u00e4nteln, Pyjama-Sets und Accessoires f\u00fcr Herren, die sorgf\u00e4ltig in Deutschland gefertigt werden. <\/p>\n<ul>\n<li>Schalkragen<\/li>\n<li>Brusttasche<\/li>\n<li>zwei tiefe Seitentaschen<\/li>\n<li>verstellbare Umschlagmanschetten<\/li>\n<li>bequeme, lockere Passform<\/li>\n<li>diskrete Aufh\u00e4ngeschlaufe auf der R\u00fcckseite<\/li>\n<li>langer G\u00fcrtel<\/li>\n<\/ul>\n<p>Material und Pflege: \u00c4u\u00dferes: 60% Baumwolle, 20% Polyester, 20% Viskose. Innen: 60% Polyester, 40% Viskose. Professionelle Reinigung.<\/p>\n","protected":false},"excerpt":{"rendered":"<p>Unser schwerer, dicker und besonders warmer Morgenmantel aus Baumwollsamt in tiefem Waldgr\u00fcn, Schwarz und Gold ist ein Meisterwerk an Komfort<\/p>\n","protected":false},"featured_media":65510,"comment_status":"open","ping_status":"closed","template":"","meta":[],"product_brand":[],"product_cat":[496,980,994],"product_tag":[464,768],"class_list":{"0":"post-26501","1":"product","2":"type-product","3":"status-publish","4":"has-post-thumbnail","6":"product_cat-herren-hausjacken","7":"product_cat-samt-bademantel","8":"product_cat-warme-mantel","9":"product_tag-custom-size-de","10":"product_tag-monogram-de","11":"product_shipping_class-auf-bestellung","12":"pa_color-gold-de","13":"pa_color-green-de","14":"pa_color-black-de","15":"pa_color-swatch-waldgrun","16":"pa_fabric-content-cotton-de","17":"pa_fabric-weave-type-samt","18":"pa_fabric-weight-schwer-und-warm","19":"pa_pattern-einfarbig","20":"pa_size-2xl-de","21":"pa_size-3xl-de","22":"pa_size-4xl-de","23":"pa_size-5xl-de","24":"pa_size-l-de","25":"pa_size-m-de","26":"pa_size-massanfertigung","27":"pa_size-s-de","28":"pa_size-xl-de","29":"pa_size-xs-de","31":"first","32":"instock","33":"taxable","34":"shipping-taxable","35":"purchasable","36":"product-type-simple"},"_links":{"self":[{"href":"https:\/\/baturina-homewear.com\/de\/wp-json\/wp\/v2\/product\/26501","targetHints":{"allow":["GET"]}}],"collection":[{"href":"https:\/\/baturina-homewear.com\/de\/wp-json\/wp\/v2\/product"}],"about":[{"href":"https:\/\/baturina-homewear.com\/de\/wp-json\/wp\/v2\/types\/product"}],"replies":[{"embeddable":true,"href":"https:\/\/baturina-homewear.com\/de\/wp-json\/wp\/v2\/comments?post=26501"}],"version-history":[{"count":7,"href":"https:\/\/baturina-homewear.com\/de\/wp-json\/wp\/v2\/product\/26501\/revisions"}],"predecessor-version":[{"id":73231,"href":"https:\/\/baturina-homewear.com\/de\/wp-json\/wp\/v2\/product\/26501\/revisions\/73231"}],"wp:featuredmedia":[{"embeddable":true,"href":"https:\/\/baturina-homewear.com\/de\/wp-json\/wp\/v2\/media\/65510"}],"wp:attachment":[{"href":"https:\/\/baturina-homewear.com\/de\/wp-json\/wp\/v2\/media?parent=26501"}],"wp:term":[{"taxonomy":"product_brand","embeddable":true,"href":"https:\/\/baturina-homewear.com\/de\/wp-json\/wp\/v2\/product_brand?post=26501"},{"taxonomy":"product_cat","embeddable":true,"href":"https:\/\/baturina-homewear.com\/de\/wp-json\/wp\/v2\/product_cat?post=26501"},{"taxonomy":"product_tag","embeddable":true,"href":"https:\/\/baturina-homewear.com\/de\/wp-json\/wp\/v2\/product_tag?post=26501"}],"curies":[{"name":"wp","href":"https:\/\/api.w.org\/{rel}","templated":true}]}}