{"id":26503,"date":"2022-06-14T20:02:42","date_gmt":"2022-06-14T18:02:42","guid":{"rendered":"https:\/\/baturina-homewear.com\/product\/herren-hausjacke-waldgruen-baumwollsamt-fein-gesteppt-mit-kordelpaspel-quasten\/"},"modified":"2026-02-04T09:35:06","modified_gmt":"2026-02-04T08:35:06","slug":"herren-hausjacke-waldgrun-baumwollsamt-fein-gesteppt-mit-kordel-paspel-quasten","status":"publish","type":"product","link":"https:\/\/baturina-homewear.com\/de\/produkt\/herren-hausjacke-waldgrun-baumwollsamt-fein-gesteppt-mit-kordel-paspel-quasten\/","title":{"rendered":"Herren Hausjacke Waldgr\u00fcner Baumwollsamt fein gesteppt mit Kordelpaspeln, Quasten"},"content":{"rendered":"<p>Schwerer, dicker und besonders warmer Morgenmantel aus Baumwollsamt in Waldgr\u00fcn. Mit fein gestepptem, handgen\u00e4htem Besatz aus gleichem Stoff, abgeschlossen mit Kordelpaspel. Es hat eine luxuri\u00f6se, weiche Textur und ist vollst\u00e4ndig mit Satin gef\u00fcttert. Einfach mit dem langen G\u00fcrtel mit Quasten schlie\u00dfen. Wenn Sie auf der Suche nach einem warmen Morgenmantel sind, den Sie bei k\u00fchlen Temperaturen im Haus tragen k\u00f6nnen, ist dieser Morgenmantel perfekt. Alle unsere Designs werden individuell auf Bestellung in unserem Atelier angefertigt und jedes ist das Ergebnis stundenlanger handwerklicher Arbeit. Genie\u00dfen Sie Komfort und Stil in unseren Herren Morgenm\u00e4nteln, Pyjama Sets und Accessoires, hergestellt in Hamburg, Deutschland. <\/p>\n<ul>\n<li>Schalkragen<\/li>\n<li>Brusttasche<\/li>\n<li>zwei tiefe Seitentaschen<\/li>\n<li>verstellbare Umschlagmanschetten<\/li>\n<li>bequeme, lockere Passform<\/li>\n<li>diskrete Aufh\u00e4ngeschlaufe auf der R\u00fcckseite<\/li>\n<li>langer G\u00fcrtel<\/li>\n<\/ul>\n<p>Material und Pflege: Au\u00dfenseite: 100% Baumwolle. Innen: 60% Polyester, 40% Viskose.  Professionelle Reinigung.<\/p>\n","protected":false},"excerpt":{"rendered":"<p>Schwerer, dicker und besonders warmer Morgenmantel aus Baumwollsamt in Waldgr\u00fcn. Mit fein gestepptem, handgen\u00e4htem Besatz aus gleichem Stoff, abgeschlossen mit<\/p>\n","protected":false},"featured_media":20283,"comment_status":"open","ping_status":"closed","template":"","meta":[],"product_brand":[],"product_cat":[496,980,994],"product_tag":[464,768],"class_list":{"0":"post-26503","1":"product","2":"type-product","3":"status-publish","4":"has-post-thumbnail","6":"product_cat-herren-hausjacken","7":"product_cat-samt-bademantel","8":"product_cat-warme-mantel","9":"product_tag-custom-size-de","10":"product_tag-monogram-de","11":"product_shipping_class-auf-bestellung","12":"pa_color-green-de","13":"pa_color-swatch-waldgrun","14":"pa_fabric-content-cotton-de","15":"pa_fabric-weave-type-samt","16":"pa_fabric-weight-schwer-und-warm","17":"pa_pattern-einfarbig","18":"pa_size-2xl-de","19":"pa_size-3xl-de","20":"pa_size-4xl-de","21":"pa_size-5xl-de","22":"pa_size-l-de","23":"pa_size-m-de","24":"pa_size-massanfertigung","25":"pa_size-s-de","26":"pa_size-xl-de","27":"pa_size-xs-de","29":"first","30":"instock","31":"taxable","32":"shipping-taxable","33":"purchasable","34":"product-type-simple"},"_links":{"self":[{"href":"https:\/\/baturina-homewear.com\/de\/wp-json\/wp\/v2\/product\/26503","targetHints":{"allow":["GET"]}}],"collection":[{"href":"https:\/\/baturina-homewear.com\/de\/wp-json\/wp\/v2\/product"}],"about":[{"href":"https:\/\/baturina-homewear.com\/de\/wp-json\/wp\/v2\/types\/product"}],"replies":[{"embeddable":true,"href":"https:\/\/baturina-homewear.com\/de\/wp-json\/wp\/v2\/comments?post=26503"}],"version-history":[{"count":10,"href":"https:\/\/baturina-homewear.com\/de\/wp-json\/wp\/v2\/product\/26503\/revisions"}],"predecessor-version":[{"id":76110,"href":"https:\/\/baturina-homewear.com\/de\/wp-json\/wp\/v2\/product\/26503\/revisions\/76110"}],"wp:featuredmedia":[{"embeddable":true,"href":"https:\/\/baturina-homewear.com\/de\/wp-json\/wp\/v2\/media\/20283"}],"wp:attachment":[{"href":"https:\/\/baturina-homewear.com\/de\/wp-json\/wp\/v2\/media?parent=26503"}],"wp:term":[{"taxonomy":"product_brand","embeddable":true,"href":"https:\/\/baturina-homewear.com\/de\/wp-json\/wp\/v2\/product_brand?post=26503"},{"taxonomy":"product_cat","embeddable":true,"href":"https:\/\/baturina-homewear.com\/de\/wp-json\/wp\/v2\/product_cat?post=26503"},{"taxonomy":"product_tag","embeddable":true,"href":"https:\/\/baturina-homewear.com\/de\/wp-json\/wp\/v2\/product_tag?post=26503"}],"curies":[{"name":"wp","href":"https:\/\/api.w.org\/{rel}","templated":true}]}}