{"id":26504,"date":"2022-06-14T21:05:57","date_gmt":"2022-06-14T19:05:57","guid":{"rendered":"https:\/\/baturina-homewear.com\/product\/herren-hausjacke-burgund-schwarzer-baumwollsamt-fein-gesteppt-mit-goldsatin-kordelpaspel-quasten\/"},"modified":"2026-03-24T14:01:29","modified_gmt":"2026-03-24T13:01:29","slug":"herren-hausjacke-burgund-schwarz-baumwollsamt-fein-gesteppt-mit-goldener-satin-kordel-piping-quasten","status":"publish","type":"product","link":"https:\/\/baturina-homewear.com\/de\/produkt\/herren-hausjacke-burgund-schwarz-baumwollsamt-fein-gesteppt-mit-goldener-satin-kordel-piping-quasten\/","title":{"rendered":"Herren Hausjacke Weinrot Schwarz Gold Samt"},"content":{"rendered":"<p>Schwerer, dicker und besonders warmer Morgenmantel aus Baumwollsamt in Weinrot, Schwarz und Gold. Mit einer fein gesteppten, handgen\u00e4hten, schwarz-gold gestreiften Kordelpaspel aus Satin. Es hat eine luxuri\u00f6se, weiche Textur und ist vollst\u00e4ndig mit Satin gef\u00fcttert. Einfach mit dem langen G\u00fcrtel mit Quasten schlie\u00dfen. Wenn Sie auf der Suche nach einem warmen Morgenmantel sind, den Sie bei k\u00fchlen Temperaturen im Haus tragen k\u00f6nnen, ist dieser Morgenmantel perfekt. Alle unsere Designs werden individuell auf Bestellung in unserem Atelier angefertigt und jedes ist das Ergebnis stundenlanger handwerklicher Arbeit. Genie\u00dfen Sie Komfort und Stil in unseren Herren Morgenm\u00e4nteln, Pyjama Sets und Accessoires, hergestellt in Hamburg, Deutschland. <\/p>\n<ul>\n<li>Schalkragen<\/li>\n<li>Brusttasche<\/li>\n<li>zwei tiefe Seitentaschen<\/li>\n<li>verstellbare Umschlagmanschetten<\/li>\n<li>bequeme, lockere Passform<\/li>\n<li>diskrete Aufh\u00e4ngeschlaufe auf der R\u00fcckseite<\/li>\n<li>langer G\u00fcrtel<\/li>\n<\/ul>\n<p>Material und Pflege: Au\u00dfenseite: 100% Baumwolle. Innen: 60% Polyester, 40% Viskose.  Professionelle Reinigung.<\/p>\n","protected":false},"excerpt":{"rendered":"<p>Schwerer, dicker und besonders warmer Morgenmantel aus Baumwollsamt in Weinrot, Schwarz und Gold. Mit einer fein gesteppten, handgen\u00e4hten, schwarz-gold gestreiften<\/p>\n","protected":false},"featured_media":61069,"comment_status":"open","ping_status":"closed","template":"","meta":[],"product_brand":[],"product_cat":[496,491,1210,980,994],"product_tag":[464,768],"class_list":{"0":"post-26504","1":"product","2":"type-product","3":"status-publish","4":"has-post-thumbnail","6":"product_cat-herren-hausjacken","7":"product_cat-morgenmaentel","8":"product_cat-herrenzimmer","9":"product_cat-samt-bademantel","10":"product_cat-warme-mantel","11":"product_tag-custom-size-de","12":"product_tag-monogram-de","13":"product_shipping_class-auf-bestellung","14":"pa_color-gold-de","15":"pa_color-rot","16":"pa_color-black-de","17":"pa_fabric-content-cotton-de","18":"pa_fabric-weave-type-samt","19":"pa_fabric-weight-schwer-und-warm","20":"pa_pattern-einfarbig","21":"pa_size-2xl-de","22":"pa_size-3xl-de","23":"pa_size-4xl-de","24":"pa_size-5xl-de","25":"pa_size-l-de","26":"pa_size-m-de","27":"pa_size-massanfertigung","28":"pa_size-s-de","29":"pa_size-xl-de","30":"pa_size-xs-de","32":"first","33":"instock","34":"taxable","35":"shipping-taxable","36":"purchasable","37":"product-type-simple"},"_links":{"self":[{"href":"https:\/\/baturina-homewear.com\/de\/wp-json\/wp\/v2\/product\/26504","targetHints":{"allow":["GET"]}}],"collection":[{"href":"https:\/\/baturina-homewear.com\/de\/wp-json\/wp\/v2\/product"}],"about":[{"href":"https:\/\/baturina-homewear.com\/de\/wp-json\/wp\/v2\/types\/product"}],"replies":[{"embeddable":true,"href":"https:\/\/baturina-homewear.com\/de\/wp-json\/wp\/v2\/comments?post=26504"}],"version-history":[{"count":8,"href":"https:\/\/baturina-homewear.com\/de\/wp-json\/wp\/v2\/product\/26504\/revisions"}],"predecessor-version":[{"id":76114,"href":"https:\/\/baturina-homewear.com\/de\/wp-json\/wp\/v2\/product\/26504\/revisions\/76114"}],"wp:featuredmedia":[{"embeddable":true,"href":"https:\/\/baturina-homewear.com\/de\/wp-json\/wp\/v2\/media\/61069"}],"wp:attachment":[{"href":"https:\/\/baturina-homewear.com\/de\/wp-json\/wp\/v2\/media?parent=26504"}],"wp:term":[{"taxonomy":"product_brand","embeddable":true,"href":"https:\/\/baturina-homewear.com\/de\/wp-json\/wp\/v2\/product_brand?post=26504"},{"taxonomy":"product_cat","embeddable":true,"href":"https:\/\/baturina-homewear.com\/de\/wp-json\/wp\/v2\/product_cat?post=26504"},{"taxonomy":"product_tag","embeddable":true,"href":"https:\/\/baturina-homewear.com\/de\/wp-json\/wp\/v2\/product_tag?post=26504"}],"curies":[{"name":"wp","href":"https:\/\/api.w.org\/{rel}","templated":true}]}}