{"id":26508,"date":"2022-06-17T15:55:20","date_gmt":"2022-06-17T13:55:20","guid":{"rendered":"https:\/\/baturina-homewear.com\/product\/set-aus-robe-shorts-und-hose-fuer-maenner-lila-baumwolle\/"},"modified":"2025-07-23T15:17:39","modified_gmt":"2025-07-23T13:17:39","slug":"herren-robe-kurz-und-hosen-set-violett-baumwolle","status":"publish","type":"product","link":"https:\/\/baturina-homewear.com\/de\/produkt\/herren-robe-kurz-und-hosen-set-violett-baumwolle\/","title":{"rendered":"Herren Morgenmantel, Shorts und Hose Set Lila Baumwolle"},"content":{"rendered":"<p>Leichtes Baumwollset mit Morgenmantel mit Schalkragen, Shorts und langer Hose &#8211; perfekt f\u00fcr warme Temperaturen und Reisen! Atmungsaktive, leichte und weiche Baumwolle.<\/p>\n<p>Das Design ist in einem zeitlos eleganten Lila-Ton gehalten und mit schwarzen Paspeln verziert. In diesem Set k\u00f6nnen Sie sicher sein, dass Sie sich bequem und stilvoll entspannen k\u00f6nnen. Dar\u00fcber hinaus ist es ein gro\u00dfartiges Geschenk f\u00fcr einen Partner, einen Freund oder ein Familienmitglied.<\/p>\n<p>Morgenmantel:<\/p>\n<ul>\n<li>ungef\u00fcttert<\/li>\n<li>Schalkragen<\/li>\n<li>zwei tiefe Seitentaschen<\/li>\n<li>verstellbare Umschlagmanschetten<\/li>\n<li>bequeme, lockere Passform<\/li>\n<li>diskrete Aufh\u00e4ngeschlaufe auf der R\u00fcckseite<\/li>\n<li>langer G\u00fcrtel<\/li>\n<li>Morgenmantel L\u00e4nge: 125 cm (49 3\/16 inches)<\/li>\n<\/ul>\n<p>Shorts &amp; Hosen:<\/p>\n<ul>\n<li>elastischer Bund<\/li>\n<li>verdeckter Hosenschlitz mit Knopf<\/li>\n<li>L\u00e4nge der Shorts: 35 cm (13 3\/4 Zoll)<\/li>\n<li>Hosenl\u00e4nge: 100 cm (39 3\/8 Zoll)<\/li>\n<\/ul>\n<p>Material und Pflege: 100% Baumwolle. Separat in der Maschine bei 30\u00b0C waschen, nicht im Trockner trocknen, bei niedriger Hitze b\u00fcgeln. <\/p>\n<p>Alle unsere Designs werden individuell auf Bestellung in unserem Atelier angefertigt und jedes ist das Ergebnis stundenlanger handwerklicher Arbeit. Genie\u00dfen Sie Komfort und Stil in unseren Herren Morgenm\u00e4nteln, Pyjama Sets und Accessoires, hergestellt in Hamburg, Deutschland.<\/p>\n","protected":false},"excerpt":{"rendered":"<p>Leichtes Baumwollset mit Morgenmantel mit Schalkragen, Shorts und langer Hose &#8211; perfekt f\u00fcr warme Temperaturen und Reisen! Atmungsaktive, leichte und<\/p>\n","protected":false},"featured_media":20847,"comment_status":"open","ping_status":"closed","template":"","meta":[],"product_brand":[],"product_cat":[495],"product_tag":[],"class_list":{"0":"post-26508","1":"product","2":"type-product","3":"status-publish","4":"has-post-thumbnail","6":"product_cat-morgenmantel-sets","7":"pa_color-purple-de","8":"pa_color-swatch-violett","9":"pa_fabric-content-cotton-de","10":"pa_fabric-weave-type-einfach","11":"pa_fabric-weight-lightweight-de","12":"pa_pattern-einfarbig","13":"pa_size-2xl-de","14":"pa_size-3xl-de","15":"pa_size-4xl-de","16":"pa_size-5xl-de","17":"pa_size-l-de","18":"pa_size-m-de","19":"pa_size-s-de","20":"pa_size-xl-de","21":"pa_size-xs-de","23":"first","24":"outofstock","25":"taxable","26":"shipping-taxable","27":"product-type-variable"},"_links":{"self":[{"href":"https:\/\/baturina-homewear.com\/de\/wp-json\/wp\/v2\/product\/26508","targetHints":{"allow":["GET"]}}],"collection":[{"href":"https:\/\/baturina-homewear.com\/de\/wp-json\/wp\/v2\/product"}],"about":[{"href":"https:\/\/baturina-homewear.com\/de\/wp-json\/wp\/v2\/types\/product"}],"replies":[{"embeddable":true,"href":"https:\/\/baturina-homewear.com\/de\/wp-json\/wp\/v2\/comments?post=26508"}],"version-history":[{"count":3,"href":"https:\/\/baturina-homewear.com\/de\/wp-json\/wp\/v2\/product\/26508\/revisions"}],"predecessor-version":[{"id":73301,"href":"https:\/\/baturina-homewear.com\/de\/wp-json\/wp\/v2\/product\/26508\/revisions\/73301"}],"wp:featuredmedia":[{"embeddable":true,"href":"https:\/\/baturina-homewear.com\/de\/wp-json\/wp\/v2\/media\/20847"}],"wp:attachment":[{"href":"https:\/\/baturina-homewear.com\/de\/wp-json\/wp\/v2\/media?parent=26508"}],"wp:term":[{"taxonomy":"product_brand","embeddable":true,"href":"https:\/\/baturina-homewear.com\/de\/wp-json\/wp\/v2\/product_brand?post=26508"},{"taxonomy":"product_cat","embeddable":true,"href":"https:\/\/baturina-homewear.com\/de\/wp-json\/wp\/v2\/product_cat?post=26508"},{"taxonomy":"product_tag","embeddable":true,"href":"https:\/\/baturina-homewear.com\/de\/wp-json\/wp\/v2\/product_tag?post=26508"}],"curies":[{"name":"wp","href":"https:\/\/api.w.org\/{rel}","templated":true}]}}