{"id":26548,"date":"2022-06-17T15:45:23","date_gmt":"2022-06-17T13:45:23","guid":{"rendered":"https:\/\/baturina-homewear.com\/product\/herren-morgenmantel-shorts-und-hosen-set-burnt-orange-cotton\/"},"modified":"2026-03-03T07:58:32","modified_gmt":"2026-03-03T06:58:32","slug":"herren-bademantel-shorts-und-hosen-set-morgenmantel-orange-cotton","status":"publish","type":"product","link":"https:\/\/baturina-homewear.com\/de\/produkt\/herren-bademantel-shorts-und-hosen-set-morgenmantel-orange-cotton\/","title":{"rendered":"Herren Morgenmantel, Shorts und Hose Set Burnt Orange Baumwolle"},"content":{"rendered":"<p>Das Design zeichnet sich durch ein zeitlos elegantes, leuchtendes Brandorange mit schwarzen Paspeln aus. In diesem Set k\u00f6nnen Sie sicher sein, dass Sie sich bequem und stilvoll entspannen k\u00f6nnen. Dar\u00fcber hinaus ist es ein gro\u00dfartiges Geschenk f\u00fcr einen Partner, einen Freund oder ein Familienmitglied.<\/p>\n<p>Morgenmantel:<\/p>\n<ul>\n<li>ungef\u00fcttert<\/li>\n<li>Schalkragen<\/li>\n<li>zwei tiefe Seitentaschen<\/li>\n<li>verstellbare Umschlagmanschetten<\/li>\n<li>bequeme, lockere Passform<\/li>\n<li>diskrete Aufh\u00e4ngeschlaufe auf der R\u00fcckseite<\/li>\n<li>langer G\u00fcrtel<\/li>\n<li>Morgenmantel-L\u00e4nge (empfohlen): 125 cm (49 3\/16 Zoll)<\/li>\n<\/ul>\n<p>Shorts &amp; Hosen:<\/p>\n<ul>\n<li>elastischer Bund<\/li>\n<li>verdeckter Hosenschlitz mit Knopf<\/li>\n<li>L\u00e4nge der Shorts: 35 cm (13 3\/4 Zoll)<\/li>\n<li>Hosenl\u00e4nge: 100 cm (39 3\/8 Zoll)<\/li>\n<\/ul>\n<p>Material und Pflege: 100% Baumwolle. Separat in der Maschine bei 30\u00b0C waschen, nicht im Trockner trocknen, bei niedriger Hitze b\u00fcgeln. <\/p>\n<p>Alle unsere Designs werden individuell auf Bestellung in unserem Atelier angefertigt und jedes ist das Ergebnis stundenlanger handwerklicher Arbeit. Genie\u00dfen Sie Komfort und Stil in unseren Herren Morgenm\u00e4nteln, Pyjama Sets und Accessoires, hergestellt in Hamburg, Deutschland. <\/p>\n","protected":false},"excerpt":{"rendered":"<p>Leichtes Baumwollset mit Morgenmantel mit Schalkragen, Shorts und langer Hose &#8211; perfekt f\u00fcr warme Temperaturen und Reisen! Atmungsaktive, leichte und weiche Baumwolle.<\/p>\n","protected":false},"featured_media":20893,"comment_status":"open","ping_status":"closed","template":"","meta":[],"product_brand":[],"product_cat":[495,1105,491],"product_tag":[1108,768],"class_list":{"0":"post-26548","1":"product","2":"type-product","3":"status-publish","4":"has-post-thumbnail","6":"product_cat-morgenmantel-sets","7":"product_cat-sommer-mantel","8":"product_cat-morgenmaentel","9":"product_tag-custom-set-size-de","10":"product_tag-monogram-de","11":"product_shipping_class-auf-bestellung","12":"pa_color-orange-de","13":"pa_color-swatch-orange-de","14":"pa_fabric-content-cotton-de","15":"pa_fabric-weave-type-einfach","16":"pa_fabric-weight-lightweight-de","17":"pa_pattern-einfarbig","18":"pa_size-2xl-de","19":"pa_size-3xl-de","20":"pa_size-4xl-de","21":"pa_size-5xl-de","22":"pa_size-l-de","23":"pa_size-m-de","24":"pa_size-s-de","25":"pa_size-xl-de","26":"pa_size-xs-de","28":"first","29":"outofstock","30":"taxable","31":"shipping-taxable","32":"purchasable","33":"product-type-simple"},"_links":{"self":[{"href":"https:\/\/baturina-homewear.com\/de\/wp-json\/wp\/v2\/product\/26548","targetHints":{"allow":["GET"]}}],"collection":[{"href":"https:\/\/baturina-homewear.com\/de\/wp-json\/wp\/v2\/product"}],"about":[{"href":"https:\/\/baturina-homewear.com\/de\/wp-json\/wp\/v2\/types\/product"}],"replies":[{"embeddable":true,"href":"https:\/\/baturina-homewear.com\/de\/wp-json\/wp\/v2\/comments?post=26548"}],"version-history":[{"count":6,"href":"https:\/\/baturina-homewear.com\/de\/wp-json\/wp\/v2\/product\/26548\/revisions"}],"predecessor-version":[{"id":75279,"href":"https:\/\/baturina-homewear.com\/de\/wp-json\/wp\/v2\/product\/26548\/revisions\/75279"}],"wp:featuredmedia":[{"embeddable":true,"href":"https:\/\/baturina-homewear.com\/de\/wp-json\/wp\/v2\/media\/20893"}],"wp:attachment":[{"href":"https:\/\/baturina-homewear.com\/de\/wp-json\/wp\/v2\/media?parent=26548"}],"wp:term":[{"taxonomy":"product_brand","embeddable":true,"href":"https:\/\/baturina-homewear.com\/de\/wp-json\/wp\/v2\/product_brand?post=26548"},{"taxonomy":"product_cat","embeddable":true,"href":"https:\/\/baturina-homewear.com\/de\/wp-json\/wp\/v2\/product_cat?post=26548"},{"taxonomy":"product_tag","embeddable":true,"href":"https:\/\/baturina-homewear.com\/de\/wp-json\/wp\/v2\/product_tag?post=26548"}],"curies":[{"name":"wp","href":"https:\/\/api.w.org\/{rel}","templated":true}]}}