{"id":26600,"date":"2022-06-17T15:00:55","date_gmt":"2022-06-17T13:00:55","guid":{"rendered":"https:\/\/baturina-homewear.com\/product\/herren-morgenmantel-und-shorts-set-marineblau-gestreiftes-leinen\/"},"modified":"2026-03-03T07:58:57","modified_gmt":"2026-03-03T06:58:57","slug":"herren-morgenmantel-2","status":"publish","type":"product","link":"https:\/\/baturina-homewear.com\/de\/produkt\/herren-morgenmantel-2\/","title":{"rendered":"Herren Morgenmantel und Shorts Set Dunkelblau gestreiftes Leinen"},"content":{"rendered":"<p>Das Design zeichnet sich durch einen zeitlos eleganten Farbton in Dunkelblau mit wei\u00dfem Streifenmuster und schwarzen Paspeln aus. In diesem Set k\u00f6nnen Sie sicher sein, dass Sie sich bequem und stilvoll entspannen k\u00f6nnen. Dar\u00fcber hinaus ist es ein gro\u00dfartiges Geschenk f\u00fcr einen Partner, einen Freund oder ein Familienmitglied.<\/p>\n<p>Morgenmantel:<\/p>\n<ul>\n<li>ungef\u00fcttert<\/li>\n<li>Schalkragen<\/li>\n<li>zwei tiefe Seitentaschen<\/li>\n<li>verstellbare Umschlagmanschetten<\/li>\n<li>bequeme, lockere Passform<\/li>\n<li>diskrete Aufh\u00e4ngeschlaufe auf der R\u00fcckseite<\/li>\n<li>langer G\u00fcrtel<\/li>\n<li>Morgenmantel-L\u00e4nge (abgebildet): 125 cm (49 3\/16 Zoll)<\/li>\n<\/ul>\n<p>Kurze Hose:<\/p>\n<ul>\n<li>elastischer Bund<\/li>\n<li>verdeckter Hosenschlitz mit Knopf<\/li>\n<li>L\u00e4nge der Shorts: 35 cm (13 3\/4 Zoll)<\/li>\n<\/ul>\n<p>Material und Pflege: 100% Leinen. Separate Maschinenw\u00e4sche bei 30\u00b0C, nicht im Trockner trocknen, B\u00fcgeln bei niedriger Hitze.<\/p>\n","protected":false},"excerpt":{"rendered":"<p>Leichtes Set mit luxuri\u00f6sem Morgenmantel mit Schalkragen und Shorts aus Leinen &#8211; perfekt f\u00fcr warme Temperaturen und Reisen! Atmungsaktiv, leicht und weich.<\/p>\n","protected":false},"featured_media":20555,"comment_status":"open","ping_status":"closed","template":"","meta":[],"product_brand":[],"product_cat":[495,662,492,1105,491,565,493],"product_tag":[1108,768],"class_list":{"0":"post-26600","1":"product","2":"type-product","3":"status-publish","4":"has-post-thumbnail","6":"product_cat-morgenmantel-sets","7":"product_cat-bademantel","8":"product_cat-herren-boxershorts","9":"product_cat-sommer-mantel","10":"product_cat-morgenmaentel","11":"product_cat-pyjamas","12":"product_cat-herren-pyjamas","13":"product_tag-custom-set-size-de","14":"product_tag-monogram-de","15":"product_shipping_class-auf-bestellung","16":"pa_color-blau","17":"pa_color-weiss","18":"pa_fabric-content-leinen","19":"pa_fabric-weave-type-einfach","20":"pa_pattern-gestreift","21":"pa_size-2xl-de","22":"pa_size-3xl-de","23":"pa_size-4xl-de","24":"pa_size-5xl-de","25":"pa_size-l-de","26":"pa_size-m-de","27":"pa_size-s-de","28":"pa_size-xl-de","29":"pa_size-xs-de","31":"first","32":"outofstock","33":"taxable","34":"shipping-taxable","35":"purchasable","36":"product-type-simple"},"_links":{"self":[{"href":"https:\/\/baturina-homewear.com\/de\/wp-json\/wp\/v2\/product\/26600","targetHints":{"allow":["GET"]}}],"collection":[{"href":"https:\/\/baturina-homewear.com\/de\/wp-json\/wp\/v2\/product"}],"about":[{"href":"https:\/\/baturina-homewear.com\/de\/wp-json\/wp\/v2\/types\/product"}],"replies":[{"embeddable":true,"href":"https:\/\/baturina-homewear.com\/de\/wp-json\/wp\/v2\/comments?post=26600"}],"version-history":[{"count":8,"href":"https:\/\/baturina-homewear.com\/de\/wp-json\/wp\/v2\/product\/26600\/revisions"}],"predecessor-version":[{"id":75270,"href":"https:\/\/baturina-homewear.com\/de\/wp-json\/wp\/v2\/product\/26600\/revisions\/75270"}],"wp:featuredmedia":[{"embeddable":true,"href":"https:\/\/baturina-homewear.com\/de\/wp-json\/wp\/v2\/media\/20555"}],"wp:attachment":[{"href":"https:\/\/baturina-homewear.com\/de\/wp-json\/wp\/v2\/media?parent=26600"}],"wp:term":[{"taxonomy":"product_brand","embeddable":true,"href":"https:\/\/baturina-homewear.com\/de\/wp-json\/wp\/v2\/product_brand?post=26600"},{"taxonomy":"product_cat","embeddable":true,"href":"https:\/\/baturina-homewear.com\/de\/wp-json\/wp\/v2\/product_cat?post=26600"},{"taxonomy":"product_tag","embeddable":true,"href":"https:\/\/baturina-homewear.com\/de\/wp-json\/wp\/v2\/product_tag?post=26600"}],"curies":[{"name":"wp","href":"https:\/\/api.w.org\/{rel}","templated":true}]}}