{"id":26673,"date":"2022-06-17T00:54:44","date_gmt":"2022-06-16T22:54:44","guid":{"rendered":"https:\/\/baturina-homewear.com\/product\/herren-rauchermuetze-navy-schwarz-totenkoepfe-jacquard\/"},"modified":"2026-03-14T14:34:35","modified_gmt":"2026-03-14T13:34:35","slug":"herren-smoking-cap-schwarz-totenkopf-jacquard","status":"publish","type":"product","link":"https:\/\/baturina-homewear.com\/de\/produkt\/herren-smoking-cap-schwarz-totenkopf-jacquard\/","title":{"rendered":"Herren Smoking Cap Dunkelblau Schwarz Totenk\u00f6pfe Jacquard"},"content":{"rendered":"<p>Ein zeitloser Freizeitlook f\u00fcr den Gentleman von heute, inspiriert von Designs des 19. Jahrhunderts. Unsere Raucherm\u00fctzen sind von den kultigen Kopfbedeckungen aus dem 19. Jahrhundert inspiriert, die in Raucherlokalen und zu Hause getragen wurden. Sie sind ein tolles Accessoire zum Entspannen, Sammlerst\u00fcck oder Geschenk.<\/p>\n<ul>\n<li>voll gef\u00fcttert<\/li>\n<li>mit Quasten<\/li>\n<li>H\u00f6he der Kappe: 10 cm<\/li>\n<\/ul>\n<p>Material und Pflege: \u00c4u\u00dferes: 60% Baumwolle, 20% Polyester, 20% Viskose. Innen: 100% Baumwolle. Professionelle Reinigung.<\/p>\n<p>Alle unsere Designs werden individuell auf Bestellung in unserem Atelier angefertigt und jedes ist das Ergebnis stundenlanger handwerklicher Arbeit. Genie\u00dfen Sie Komfort und Stil in unseren Herren Morgenm\u00e4nteln, Pyjama Sets und Accessoires, hergestellt in Hamburg, Deutschland. <\/p>\n","protected":false},"excerpt":{"rendered":"<p>Ein zeitloser Freizeitlook f\u00fcr den Gentleman von heute, inspiriert von Designs des 19. Jahrhunderts. Unsere Raucherm\u00fctzen sind von den kultigen<\/p>\n","protected":false},"featured_media":20794,"comment_status":"open","ping_status":"closed","template":"","meta":[],"product_brand":[],"product_cat":[490,555,899],"product_tag":[],"class_list":{"0":"post-26673","1":"product","2":"type-product","3":"status-publish","4":"has-post-thumbnail","6":"product_cat-smoking-caps-de","7":"product_cat-accessoires","8":"product_cat-limited-edition-de","9":"product_shipping_class-small-de","10":"pa_color-blau","11":"pa_fabric-content-cotton-de","12":"pa_fabric-content-polyester-viscose-mix-de","13":"pa_fabric-weave-type-jacquard-de","14":"pa_pattern-verspielt","15":"pa_product-type-limited-edition-de","17":"first","18":"instock","19":"taxable","20":"shipping-taxable","21":"purchasable","22":"product-type-variable"},"_links":{"self":[{"href":"https:\/\/baturina-homewear.com\/de\/wp-json\/wp\/v2\/product\/26673","targetHints":{"allow":["GET"]}}],"collection":[{"href":"https:\/\/baturina-homewear.com\/de\/wp-json\/wp\/v2\/product"}],"about":[{"href":"https:\/\/baturina-homewear.com\/de\/wp-json\/wp\/v2\/types\/product"}],"replies":[{"embeddable":true,"href":"https:\/\/baturina-homewear.com\/de\/wp-json\/wp\/v2\/comments?post=26673"}],"version-history":[{"count":6,"href":"https:\/\/baturina-homewear.com\/de\/wp-json\/wp\/v2\/product\/26673\/revisions"}],"predecessor-version":[{"id":73293,"href":"https:\/\/baturina-homewear.com\/de\/wp-json\/wp\/v2\/product\/26673\/revisions\/73293"}],"wp:featuredmedia":[{"embeddable":true,"href":"https:\/\/baturina-homewear.com\/de\/wp-json\/wp\/v2\/media\/20794"}],"wp:attachment":[{"href":"https:\/\/baturina-homewear.com\/de\/wp-json\/wp\/v2\/media?parent=26673"}],"wp:term":[{"taxonomy":"product_brand","embeddable":true,"href":"https:\/\/baturina-homewear.com\/de\/wp-json\/wp\/v2\/product_brand?post=26673"},{"taxonomy":"product_cat","embeddable":true,"href":"https:\/\/baturina-homewear.com\/de\/wp-json\/wp\/v2\/product_cat?post=26673"},{"taxonomy":"product_tag","embeddable":true,"href":"https:\/\/baturina-homewear.com\/de\/wp-json\/wp\/v2\/product_tag?post=26673"}],"curies":[{"name":"wp","href":"https:\/\/api.w.org\/{rel}","templated":true}]}}