{"id":26707,"date":"2022-06-16T23:00:52","date_gmt":"2022-06-16T21:00:52","guid":{"rendered":"https:\/\/baturina-homewear.com\/product\/smoking-cap-rotes-medaillon-baumwolle\/"},"modified":"2025-07-23T15:16:42","modified_gmt":"2025-07-23T13:16:42","slug":"herren-smoking-cap-rot-medallion","status":"publish","type":"product","link":"https:\/\/baturina-homewear.com\/de\/produkt\/herren-smoking-cap-rot-medallion\/","title":{"rendered":"Herren Smoking Cap Rotes Medaillon Baumwolle"},"content":{"rendered":"<p>Ein zeitloser Freizeitlook f\u00fcr den Gentleman von heute, inspiriert von Designs aus dem 19. Jahrhundert.<br \/>\nUnsere Smoking Caps sind von den kultigen Kopfbedeckungen des 19. Jahrhunderts inspiriert, die in Raucherlokalen und zu Hause getragen wurden. Sie sind ein tolles Accessoire zum Entspannen, Sammlerst\u00fcck oder Geschenk.<\/p>\n<ul>\n<li>100% Baumwolle<\/li>\n<li>volles Baumwollfutter<\/li>\n<li>mit Quasten<\/li>\n<li>H\u00f6he der Kappe: 10 cm<\/li>\n<li>Professionelle chemische Reinigung<\/li>\n<\/ul>\n<p>Messen Sie Ihren Kopf in der Mitte der Stirn oberhalb der Ohren mit einem weichen Ma\u00dfband. W\u00e4hlen Sie die passende Gr\u00f6\u00dfe aus dem Men\u00fc.<\/p>\n","protected":false},"excerpt":{"rendered":"<p>Ein zeitloser Freizeitlook f\u00fcr den Gentleman von heute, inspiriert von Designs aus dem 19. Jahrhundert. Unsere Smoking Caps sind von<\/p>\n","protected":false},"featured_media":20791,"comment_status":"open","ping_status":"closed","template":"","meta":[],"product_brand":[],"product_cat":[490,555],"product_tag":[],"class_list":{"0":"post-26707","1":"product","2":"type-product","3":"status-publish","4":"has-post-thumbnail","6":"product_cat-smoking-caps-de","7":"product_cat-accessoires","8":"product_shipping_class-regular-de","9":"pa_color-rot","10":"pa_fabric-content-cotton-de","11":"pa_fabric-weave-type-einfach","12":"pa_pattern-abstrakt","14":"first","15":"outofstock","16":"taxable","17":"shipping-taxable","18":"purchasable","19":"product-type-variable"},"_links":{"self":[{"href":"https:\/\/baturina-homewear.com\/de\/wp-json\/wp\/v2\/product\/26707","targetHints":{"allow":["GET"]}}],"collection":[{"href":"https:\/\/baturina-homewear.com\/de\/wp-json\/wp\/v2\/product"}],"about":[{"href":"https:\/\/baturina-homewear.com\/de\/wp-json\/wp\/v2\/types\/product"}],"replies":[{"embeddable":true,"href":"https:\/\/baturina-homewear.com\/de\/wp-json\/wp\/v2\/comments?post=26707"}],"version-history":[{"count":5,"href":"https:\/\/baturina-homewear.com\/de\/wp-json\/wp\/v2\/product\/26707\/revisions"}],"predecessor-version":[{"id":73195,"href":"https:\/\/baturina-homewear.com\/de\/wp-json\/wp\/v2\/product\/26707\/revisions\/73195"}],"wp:featuredmedia":[{"embeddable":true,"href":"https:\/\/baturina-homewear.com\/de\/wp-json\/wp\/v2\/media\/20791"}],"wp:attachment":[{"href":"https:\/\/baturina-homewear.com\/de\/wp-json\/wp\/v2\/media?parent=26707"}],"wp:term":[{"taxonomy":"product_brand","embeddable":true,"href":"https:\/\/baturina-homewear.com\/de\/wp-json\/wp\/v2\/product_brand?post=26707"},{"taxonomy":"product_cat","embeddable":true,"href":"https:\/\/baturina-homewear.com\/de\/wp-json\/wp\/v2\/product_cat?post=26707"},{"taxonomy":"product_tag","embeddable":true,"href":"https:\/\/baturina-homewear.com\/de\/wp-json\/wp\/v2\/product_tag?post=26707"}],"curies":[{"name":"wp","href":"https:\/\/api.w.org\/{rel}","templated":true}]}}