{"id":26914,"date":"2022-06-17T23:26:44","date_gmt":"2022-06-17T21:26:44","guid":{"rendered":"https:\/\/baturina-homewear.com\/product\/schlaf-augenmaske-bronze-brokat-wirbel\/"},"modified":"2025-11-30T17:14:50","modified_gmt":"2025-11-30T16:14:50","slug":"schlaf-augen-maske-bronze-brokat-wirbel","status":"publish","type":"product","link":"https:\/\/baturina-homewear.com\/de\/produkt\/schlaf-augen-maske-bronze-brokat-wirbel\/","title":{"rendered":"Schlaf-Augenmaske Bronze Brokat Wirbel"},"content":{"rendered":"<p>Luxuri\u00f6se Schlafmaske aus einem atemberaubenden Brokatstoff aus unserer Kollektion. Es weist ein eingewobenes Rankenmuster in einem satten Bronzegoldton auf. Es ist v\u00f6llig blickdicht und die Innenseite besteht aus weicher Baumwolle. Sie hat ein elastisches Band, das f\u00fcr einen sicheren Sitz um den Kopf sorgt.<\/p>\n<p>Material und Pflege: 100% Baumwolle. Separate Maschinenw\u00e4sche bei 30\u00b0C, nicht im Trockner trocknen, nicht b\u00fcgeln. <\/p>\n<p>Abmessungen:<\/p>\n<p>\u00d6senst\u00fcck Breite x H\u00f6he: 20 x 8 cm | 7 7\/8 x 3 1\/8 in<\/p>\n<p>Gesamtumfang der Maske: 57 &#8211; 62 cm | 22 1\/2 &#8211; 24 3\/8 in<\/p>\n","protected":false},"excerpt":{"rendered":"<p>Einheitsgr\u00f6\u00dfe<\/p>\n","protected":false},"featured_media":21067,"comment_status":"open","ping_status":"closed","template":"","meta":[],"product_brand":[],"product_cat":[489,555,899],"product_tag":[],"class_list":{"0":"post-26914","1":"product","2":"type-product","3":"status-publish","4":"has-post-thumbnail","6":"product_cat-schlafmasken-de","7":"product_cat-accessoires","8":"product_cat-limited-edition-de","9":"product_shipping_class-small-de","10":"pa_color-gold-de","11":"pa_fabric-content-cotton-de","12":"pa_fabric-content-polyester-viscose-mix-de","13":"pa_fabric-weave-type-brokat","14":"pa_pattern-abstrakt","15":"pa_product-type-limited-edition-de","17":"first","18":"instock","19":"taxable","20":"shipping-taxable","21":"purchasable","22":"product-type-simple"},"_links":{"self":[{"href":"https:\/\/baturina-homewear.com\/de\/wp-json\/wp\/v2\/product\/26914","targetHints":{"allow":["GET"]}}],"collection":[{"href":"https:\/\/baturina-homewear.com\/de\/wp-json\/wp\/v2\/product"}],"about":[{"href":"https:\/\/baturina-homewear.com\/de\/wp-json\/wp\/v2\/types\/product"}],"replies":[{"embeddable":true,"href":"https:\/\/baturina-homewear.com\/de\/wp-json\/wp\/v2\/comments?post=26914"}],"version-history":[{"count":6,"href":"https:\/\/baturina-homewear.com\/de\/wp-json\/wp\/v2\/product\/26914\/revisions"}],"predecessor-version":[{"id":73190,"href":"https:\/\/baturina-homewear.com\/de\/wp-json\/wp\/v2\/product\/26914\/revisions\/73190"}],"wp:featuredmedia":[{"embeddable":true,"href":"https:\/\/baturina-homewear.com\/de\/wp-json\/wp\/v2\/media\/21067"}],"wp:attachment":[{"href":"https:\/\/baturina-homewear.com\/de\/wp-json\/wp\/v2\/media?parent=26914"}],"wp:term":[{"taxonomy":"product_brand","embeddable":true,"href":"https:\/\/baturina-homewear.com\/de\/wp-json\/wp\/v2\/product_brand?post=26914"},{"taxonomy":"product_cat","embeddable":true,"href":"https:\/\/baturina-homewear.com\/de\/wp-json\/wp\/v2\/product_cat?post=26914"},{"taxonomy":"product_tag","embeddable":true,"href":"https:\/\/baturina-homewear.com\/de\/wp-json\/wp\/v2\/product_tag?post=26914"}],"curies":[{"name":"wp","href":"https:\/\/api.w.org\/{rel}","templated":true}]}}