{"id":26916,"date":"2022-06-17T22:16:54","date_gmt":"2022-06-17T20:16:54","guid":{"rendered":"https:\/\/baturina-homewear.com\/product\/schlaf-augenmaske-baumwolle-samt-marineblau\/"},"modified":"2025-07-23T15:21:20","modified_gmt":"2025-07-23T13:21:20","slug":"schlaf-augen-maske-baumwollvelvet-navy-blau","status":"publish","type":"product","link":"https:\/\/baturina-homewear.com\/de\/produkt\/schlaf-augen-maske-baumwollvelvet-navy-blau\/","title":{"rendered":"Schlaf Augenmaske Baumwolle Samt Marineblau"},"content":{"rendered":"<p>Luxuri\u00f6se Schlafmaske aus pl\u00fcschigem, weichem Baumwollsamt. Es ist v\u00f6llig blickdicht und die Innenseite besteht aus weicher Baumwolle. Sie hat ein elastisches Band, das f\u00fcr einen sicheren Sitz um den Kopf sorgt.<\/p>\n<p>Material und Pflege: 100% Baumwolle. Separate Maschinenw\u00e4sche bei 30\u00b0C, nicht im Trockner trocknen, nicht b\u00fcgeln. <\/p>\n<p>Abmessungen:<\/p>\n<p>\u00d6senst\u00fcck Breite x H\u00f6he: 20 x 8 cm | 7 7\/8 x 3 1\/8 in<\/p>\n<p>Gesamtumfang der Maske: 57 &#8211; 62 cm | 22 1\/2 &#8211; 24 3\/8 in<\/p>\n<p>Eine Samt-Schlafmaske von Baturina Homewear ist mehr als nur ein Schlaf-Accessoire; sie ist eine Investition in Ihr Wohlbefinden. Unsere Masken sorgen f\u00fcr eine dunkle, komfortable Umgebung und helfen Ihnen, eine bessere Schlafqualit\u00e4t zu erreichen. Die luxuri\u00f6sen Materialien, die handgefertigte Qualit\u00e4t und die nachhaltigen Praktiken, die hinter jeder Maske stehen, stellen sicher, dass Sie ein Produkt erhalten, das ebenso sch\u00f6n wie funktionell ist.<\/p>\n","protected":false},"excerpt":{"rendered":"<p>Unsere Schlafmasken zeichnen sich durch ein klares, elegantes und zeitloses Design aus, so dass Sie auch bei einem Nickerchen stilvoll aussehen. Sorgf\u00e4ltig in Deutschland aus den besten Materialien hergestellt.<\/p>\n","protected":false},"featured_media":21021,"comment_status":"open","ping_status":"closed","template":"","meta":[],"product_brand":[],"product_cat":[489,555],"product_tag":[],"class_list":{"0":"post-26916","1":"product","2":"type-product","3":"status-publish","4":"has-post-thumbnail","6":"product_cat-schlafmasken-de","7":"product_cat-accessoires","8":"product_shipping_class-small-de","9":"pa_color-blau","11":"first","12":"instock","13":"taxable","14":"shipping-taxable","15":"purchasable","16":"product-type-simple"},"_links":{"self":[{"href":"https:\/\/baturina-homewear.com\/de\/wp-json\/wp\/v2\/product\/26916","targetHints":{"allow":["GET"]}}],"collection":[{"href":"https:\/\/baturina-homewear.com\/de\/wp-json\/wp\/v2\/product"}],"about":[{"href":"https:\/\/baturina-homewear.com\/de\/wp-json\/wp\/v2\/types\/product"}],"replies":[{"embeddable":true,"href":"https:\/\/baturina-homewear.com\/de\/wp-json\/wp\/v2\/comments?post=26916"}],"version-history":[{"count":6,"href":"https:\/\/baturina-homewear.com\/de\/wp-json\/wp\/v2\/product\/26916\/revisions"}],"predecessor-version":[{"id":73634,"href":"https:\/\/baturina-homewear.com\/de\/wp-json\/wp\/v2\/product\/26916\/revisions\/73634"}],"wp:featuredmedia":[{"embeddable":true,"href":"https:\/\/baturina-homewear.com\/de\/wp-json\/wp\/v2\/media\/21021"}],"wp:attachment":[{"href":"https:\/\/baturina-homewear.com\/de\/wp-json\/wp\/v2\/media?parent=26916"}],"wp:term":[{"taxonomy":"product_brand","embeddable":true,"href":"https:\/\/baturina-homewear.com\/de\/wp-json\/wp\/v2\/product_brand?post=26916"},{"taxonomy":"product_cat","embeddable":true,"href":"https:\/\/baturina-homewear.com\/de\/wp-json\/wp\/v2\/product_cat?post=26916"},{"taxonomy":"product_tag","embeddable":true,"href":"https:\/\/baturina-homewear.com\/de\/wp-json\/wp\/v2\/product_tag?post=26916"}],"curies":[{"name":"wp","href":"https:\/\/api.w.org\/{rel}","templated":true}]}}