{"id":26917,"date":"2022-06-17T22:12:12","date_gmt":"2022-06-17T20:12:12","guid":{"rendered":"https:\/\/baturina-homewear.com\/product\/schlaf-augenmaske-baumwolle-samt-olivgruen\/"},"modified":"2025-05-20T20:10:35","modified_gmt":"2025-05-20T18:10:35","slug":"schlaf-augen-maske-baumwollsamt-oliv-grun","status":"publish","type":"product","link":"https:\/\/baturina-homewear.com\/de\/produkt\/schlaf-augen-maske-baumwollsamt-oliv-grun\/","title":{"rendered":"Schlaf Augenmaske Baumwolle Samt Olivgr\u00fcn"},"content":{"rendered":"<p>Luxuri\u00f6se Schlafmaske aus pl\u00fcschigem, weichem Baumwollsamt. Es ist v\u00f6llig blickdicht und die Innenseite besteht aus weicher Baumwolle. Sie hat ein elastisches Band, das f\u00fcr einen sicheren Sitz um den Kopf sorgt.<\/p>\n<p>Material und Pflege: 100% Baumwolle. Separate Maschinenw\u00e4sche bei 30\u00b0C, nicht im Trockner trocknen, nicht b\u00fcgeln. <\/p>\n<p>Abmessungen:<\/p>\n<p>\u00d6senst\u00fcck Breite x H\u00f6he: 20 x 8 cm | 7 7\/8 x 3 1\/8 in<\/p>\n<p>Gesamtumfang der Maske: 57 &#8211; 62 cm | 22 1\/2 &#8211; 24 3\/8 in<\/p>\n","protected":false},"excerpt":{"rendered":"<p>Einheitsgr\u00f6\u00dfe<\/p>\n","protected":false},"featured_media":21015,"comment_status":"open","ping_status":"closed","template":"","meta":[],"product_brand":[],"product_cat":[489,555],"product_tag":[],"class_list":{"0":"post-26917","1":"product","2":"type-product","3":"status-publish","4":"has-post-thumbnail","6":"product_cat-schlafmasken-de","7":"product_cat-accessoires","8":"product_shipping_class-small-de","9":"pa_color-green-de","10":"pa_color-swatch-olivgrun","11":"pa_fabric-weave-type-samt","13":"first","14":"instock","15":"taxable","16":"shipping-taxable","17":"purchasable","18":"product-type-simple"},"_links":{"self":[{"href":"https:\/\/baturina-homewear.com\/de\/wp-json\/wp\/v2\/product\/26917","targetHints":{"allow":["GET"]}}],"collection":[{"href":"https:\/\/baturina-homewear.com\/de\/wp-json\/wp\/v2\/product"}],"about":[{"href":"https:\/\/baturina-homewear.com\/de\/wp-json\/wp\/v2\/types\/product"}],"replies":[{"embeddable":true,"href":"https:\/\/baturina-homewear.com\/de\/wp-json\/wp\/v2\/comments?post=26917"}],"version-history":[{"count":4,"href":"https:\/\/baturina-homewear.com\/de\/wp-json\/wp\/v2\/product\/26917\/revisions"}],"predecessor-version":[{"id":70101,"href":"https:\/\/baturina-homewear.com\/de\/wp-json\/wp\/v2\/product\/26917\/revisions\/70101"}],"wp:featuredmedia":[{"embeddable":true,"href":"https:\/\/baturina-homewear.com\/de\/wp-json\/wp\/v2\/media\/21015"}],"wp:attachment":[{"href":"https:\/\/baturina-homewear.com\/de\/wp-json\/wp\/v2\/media?parent=26917"}],"wp:term":[{"taxonomy":"product_brand","embeddable":true,"href":"https:\/\/baturina-homewear.com\/de\/wp-json\/wp\/v2\/product_brand?post=26917"},{"taxonomy":"product_cat","embeddable":true,"href":"https:\/\/baturina-homewear.com\/de\/wp-json\/wp\/v2\/product_cat?post=26917"},{"taxonomy":"product_tag","embeddable":true,"href":"https:\/\/baturina-homewear.com\/de\/wp-json\/wp\/v2\/product_tag?post=26917"}],"curies":[{"name":"wp","href":"https:\/\/api.w.org\/{rel}","templated":true}]}}