{"id":28097,"date":"2022-04-15T19:13:44","date_gmt":"2022-04-15T17:13:44","guid":{"rendered":"https:\/\/baturina-homewear.com\/product\/herren-pyjama-weinrot-paisley-jacquard\/"},"modified":"2026-03-24T14:01:09","modified_gmt":"2026-03-24T13:01:09","slug":"burgunder-paisley-pyjamas","status":"publish","type":"product","link":"https:\/\/baturina-homewear.com\/de\/produkt\/burgunder-paisley-pyjamas\/","title":{"rendered":"Herren Pyjama Weinrot Paisley Jacquard"},"content":{"rendered":"<p>Klassisches Pyjama-Set mit einem bequemen Langarmshirt und einer langen Hose. Aus einem leichten, glatten Jacquard in dunklem Weinrot mit eingewebtem Paisleymuster. Vollst\u00e4ndig mit schwarzen Paspeln eingefasst. Dieses Set ist ein unverzichtbares St\u00fcck Loungewear und sorgt f\u00fcr einen zeitlos eleganten Look.<\/p>\n<ul>\n<li>bequeme, lockere Passform<\/li>\n<li>Hemd mit gekerbtem Kragen, Knopfleiste, drei Taschen<\/li>\n<li>Hose mit elastischem Bund, Kordelzug, verdeckter Knopfleiste, zwei Seitentaschen<\/li>\n<li>Acrylkn\u00f6pfe<\/li>\n<\/ul>\n<p>Individuell handgefertigt in unserem Atelier in Hamburg, Deutschland.<\/p>\n<p><strong>Details zur Passform:<\/strong><\/p>\n<ul>\n<li>Das Model ist 183 cm gro\u00df (6 Fu\u00df), wiegt 70 kg und tr\u00e4gt Gr\u00f6\u00dfe M<\/li>\n<li>Brusttasche<\/li>\n<li>Zwei gro\u00dfe Seitentaschen<\/li>\n<\/ul>\n<p><strong>Design-Merkmale:<\/strong><\/p>\n<ul>\n<li>bequeme, lockere Passform<\/li>\n<li>Hemd mit gekerbtem Kragen, Knopfleiste, drei Taschen<\/li>\n<li>Hose mit elastischem Bund, Kordelzug, verdeckter Knopfleiste, zwei Seitentaschen<\/li>\n<\/ul>\n<p>Material und Pflege: 60% Polyester, 40% Viskose. Separate Maschinenw\u00e4sche bei 30\u00b0C, nicht im Trockner trocknen, B\u00fcgeln bei niedriger Hitze. <\/p>\n","protected":false},"excerpt":{"rendered":"<p>Klassisches Pyjama-Set mit einem bequemen Langarmshirt und einer langen Hose. Aus einem leichten, glatten Jacquard in dunklem Weinrot mit eingewebtem Paisleymuster.<\/p>\n","protected":false},"featured_media":55053,"comment_status":"open","ping_status":"closed","template":"","meta":[],"product_brand":[],"product_cat":[565,1210,493],"product_tag":[482,768],"class_list":{"0":"post-28097","1":"product","2":"type-product","3":"status-publish","4":"has-post-thumbnail","6":"product_cat-pyjamas","7":"product_cat-herrenzimmer","8":"product_cat-herren-pyjamas","9":"product_tag-custom-size-pajamas-de","10":"product_tag-monogram-de","11":"product_shipping_class-auf-bestellung","12":"pa_color-swatch-weinrot","13":"pa_fabric-content-polyester-viscose-mix-de","14":"pa_fabric-weave-type-jacquard-de","15":"pa_fabric-weight-lightweight-de","16":"pa_pattern-paisley-de","17":"pa_size-2xl-de","18":"pa_size-3xl-de","19":"pa_size-4xl-de","20":"pa_size-5xl-de","21":"pa_size-l-de","22":"pa_size-m-de","23":"pa_size-massanfertigung","24":"pa_size-s-de","25":"pa_size-xl-de","26":"pa_size-xs-de","28":"first","29":"instock","30":"taxable","31":"shipping-taxable","32":"purchasable","33":"product-type-simple"},"_links":{"self":[{"href":"https:\/\/baturina-homewear.com\/de\/wp-json\/wp\/v2\/product\/28097","targetHints":{"allow":["GET"]}}],"collection":[{"href":"https:\/\/baturina-homewear.com\/de\/wp-json\/wp\/v2\/product"}],"about":[{"href":"https:\/\/baturina-homewear.com\/de\/wp-json\/wp\/v2\/types\/product"}],"replies":[{"embeddable":true,"href":"https:\/\/baturina-homewear.com\/de\/wp-json\/wp\/v2\/comments?post=28097"}],"version-history":[{"count":6,"href":"https:\/\/baturina-homewear.com\/de\/wp-json\/wp\/v2\/product\/28097\/revisions"}],"predecessor-version":[{"id":73351,"href":"https:\/\/baturina-homewear.com\/de\/wp-json\/wp\/v2\/product\/28097\/revisions\/73351"}],"wp:featuredmedia":[{"embeddable":true,"href":"https:\/\/baturina-homewear.com\/de\/wp-json\/wp\/v2\/media\/55053"}],"wp:attachment":[{"href":"https:\/\/baturina-homewear.com\/de\/wp-json\/wp\/v2\/media?parent=28097"}],"wp:term":[{"taxonomy":"product_brand","embeddable":true,"href":"https:\/\/baturina-homewear.com\/de\/wp-json\/wp\/v2\/product_brand?post=28097"},{"taxonomy":"product_cat","embeddable":true,"href":"https:\/\/baturina-homewear.com\/de\/wp-json\/wp\/v2\/product_cat?post=28097"},{"taxonomy":"product_tag","embeddable":true,"href":"https:\/\/baturina-homewear.com\/de\/wp-json\/wp\/v2\/product_tag?post=28097"}],"curies":[{"name":"wp","href":"https:\/\/api.w.org\/{rel}","templated":true}]}}