{"id":31448,"date":"2024-07-31T18:19:37","date_gmt":"2024-07-31T16:19:37","guid":{"rendered":"https:\/\/baturina-homewear.com\/product\/hausmantel-fuer-herren-gruen-marine-kariert-baumwolle-mit-silber-satin-und-paspel\/"},"modified":"2025-07-23T15:18:11","modified_gmt":"2025-07-23T13:18:11","slug":"herren-hausmantel-grun-marine-blau-baumwolle-mit-silberner-satin-und-paspelierung","status":"publish","type":"product","link":"https:\/\/baturina-homewear.com\/de\/produkt\/herren-hausmantel-grun-marine-blau-baumwolle-mit-silberner-satin-und-paspelierung\/","title":{"rendered":"2XL Hausmantel Gr\u00fcn Dunkelblau Kariert Baumwolle"},"content":{"rendered":"<p>Klassisch karierter Hausmantel mit Schalkragen aus einer sch\u00f6nen, robusten, mittelschweren Baumwolle. Sie ist mit glattem, silbernem Satinfutter gef\u00fcttert und mit silbernen Paspeln in Kontrastfarbe versehen. Einfach mit dem langen G\u00fcrtel befestigen. Wenn Sie einen normalgewichtigen Morgenmantel mit etwas W\u00e4rme suchen, ist dieser Morgenmantel eine gute Wahl.<\/p>\n<ul>\n<li>Schalkragen<\/li>\n<li>Brusttasche<\/li>\n<li>zwei tiefe Seitentaschen<\/li>\n<li>verstellbare Umschlagmanschetten<\/li>\n<li>Bequeme, lockere Passform<\/li>\n<li>diskrete Aufh\u00e4ngeschlaufe auf der R\u00fcckseite<\/li>\n<li>langer G\u00fcrtel<\/li>\n<li>L\u00e4nge des Morgenmantels 125 cm (49 in)<\/li>\n<\/ul>\n<p>Material und Pflege: \u00c4u\u00dferes: 100% Baumwolle. Innen: 60% Polyester, 40% Viskose. Maschinenw\u00e4sche bei 30\u00b0C, nicht im Trockner trocknen, bei niedriger Hitze b\u00fcgeln.<\/p>\n<p>Das Model ist 185 cm gro\u00df und tr\u00e4gt die Gr\u00f6\u00dfe M.<\/p>\n","protected":false},"excerpt":{"rendered":"<p>Klassisch karierter Hausmantel mit Schalkragen aus einer sch\u00f6nen, robusten, mittelschweren Baumwolle. Sie ist mit glattem, silbernem Satinfutter gef\u00fcttert und mit<\/p>\n","protected":false},"featured_media":66708,"comment_status":"open","ping_status":"closed","template":"","meta":[],"product_brand":[],"product_cat":[463],"product_tag":[],"class_list":{"0":"post-31448","1":"product","2":"type-product","3":"status-publish","4":"has-post-thumbnail","6":"product_cat-herren-hausmantel","7":"product_shipping_class-regular-de","8":"pa_color-green-de","9":"pa_fabric-content-cotton-de","10":"pa_fabric-weave-type-einfach","11":"pa_fabric-weight-regular-de","12":"pa_pattern-kariert","13":"pa_product-type-einzelstuck","14":"pa_product-type-sonderangebot","15":"pa_size-2xl-de","17":"first","18":"outofstock","19":"sale","20":"taxable","21":"shipping-taxable","22":"purchasable","23":"product-type-simple"},"_links":{"self":[{"href":"https:\/\/baturina-homewear.com\/de\/wp-json\/wp\/v2\/product\/31448","targetHints":{"allow":["GET"]}}],"collection":[{"href":"https:\/\/baturina-homewear.com\/de\/wp-json\/wp\/v2\/product"}],"about":[{"href":"https:\/\/baturina-homewear.com\/de\/wp-json\/wp\/v2\/types\/product"}],"replies":[{"embeddable":true,"href":"https:\/\/baturina-homewear.com\/de\/wp-json\/wp\/v2\/comments?post=31448"}],"version-history":[{"count":7,"href":"https:\/\/baturina-homewear.com\/de\/wp-json\/wp\/v2\/product\/31448\/revisions"}],"predecessor-version":[{"id":73370,"href":"https:\/\/baturina-homewear.com\/de\/wp-json\/wp\/v2\/product\/31448\/revisions\/73370"}],"wp:featuredmedia":[{"embeddable":true,"href":"https:\/\/baturina-homewear.com\/de\/wp-json\/wp\/v2\/media\/66708"}],"wp:attachment":[{"href":"https:\/\/baturina-homewear.com\/de\/wp-json\/wp\/v2\/media?parent=31448"}],"wp:term":[{"taxonomy":"product_brand","embeddable":true,"href":"https:\/\/baturina-homewear.com\/de\/wp-json\/wp\/v2\/product_brand?post=31448"},{"taxonomy":"product_cat","embeddable":true,"href":"https:\/\/baturina-homewear.com\/de\/wp-json\/wp\/v2\/product_cat?post=31448"},{"taxonomy":"product_tag","embeddable":true,"href":"https:\/\/baturina-homewear.com\/de\/wp-json\/wp\/v2\/product_tag?post=31448"}],"curies":[{"name":"wp","href":"https:\/\/api.w.org\/{rel}","templated":true}]}}