{"id":31573,"date":"2022-08-09T21:06:31","date_gmt":"2022-08-09T19:06:31","guid":{"rendered":"https:\/\/baturina-homewear.com\/product\/herren-hausmantel-schwarz-pelz-barock-jacquard-baumwolle\/"},"modified":"2024-11-25T11:30:48","modified_gmt":"2024-11-25T10:30:48","slug":"herren-hausmantel-schwarzer-pelz-barock-jacquard-baumwolle","status":"publish","type":"product","link":"https:\/\/baturina-homewear.com\/de\/produkt\/herren-hausmantel-schwarzer-pelz-barock-jacquard-baumwolle\/","title":{"rendered":"Herren Hausmantel Kunstpelz Barock Jacquard Baumwolle Schwarz"},"content":{"rendered":"<p>Dieses exklusive Design ist aus einem atemberaubenden Kunstpelz in einem tiefen Schwarzton und einem schwarzen, barock gemusterten Baumwolljacquard gefertigt. Er ist unglaublich geschmeidig und hebt Ihren Freizeitlook mit Sicherheit auf die n\u00e4chste Stufe der Dekadenz und des Genusses. Innen ist sie vollst\u00e4ndig mit seidenartigem Satin gef\u00fcttert. Entspannen Sie sich wie ein K\u00f6nig in diesem wahrhaft luxuri\u00f6sen Morgenmantel aus Pelz. Einfach mit dem langen G\u00fcrtel befestigen.<\/p>\n<ul>\n<li>Schalkragen<\/li>\n<li>Brusttasche<\/li>\n<li>zwei tiefe Seitentaschen<\/li>\n<li>verstellbare Umschlagmanschetten<\/li>\n<li>bequeme, lockere Passform<\/li>\n<li>diskrete Aufh\u00e4ngeschlaufe auf der R\u00fcckseite<\/li>\n<li>lange G\u00fcrtel<\/li>\n<li>L\u00e4nge: 135 cm (53 1\/18 Zoll)<\/li>\n<\/ul>\n<p>Material und Pflege: \u00c4u\u00dferes: 60% Baumwolle, 40% Polyester. Innen: 60%Polyester, 40% Viskose. Maschinenw\u00e4sche bei 30\u00b0C, nicht im Trockner trocknen, bei niedriger Hitze b\u00fcgeln.<\/p>\n","protected":false},"excerpt":{"rendered":"<p>Dieses exklusive Design ist aus einem atemberaubenden Kunstpelz in einem tiefen Schwarzton und einem schwarzen, barock gemusterten Baumwolljacquard gefertigt. Er<\/p>\n","protected":false},"featured_media":33700,"comment_status":"open","ping_status":"closed","template":"","meta":[],"product_brand":[],"product_cat":[463],"product_tag":[768],"class_list":{"0":"post-31573","1":"product","2":"type-product","3":"status-publish","4":"has-post-thumbnail","6":"product_cat-herren-hausmantel","7":"product_tag-monogram-de","8":"pa_color-black-de","9":"pa_fabric-content-cotton-de","10":"pa_fabric-content-polyester-viscose-mix-de","11":"pa_fabric-weave-type-jacquard-de","12":"pa_fabric-weave-type-pelzimitat","13":"pa_fabric-weight-regular-de","14":"pa_pattern-einfarbig","15":"pa_pattern-blumen","16":"pa_size-2xl-de","17":"pa_size-l-de","18":"pa_size-m-de","19":"pa_size-xl-de","21":"first","22":"outofstock","23":"taxable","24":"shipping-taxable","25":"purchasable","26":"product-type-variable"},"_links":{"self":[{"href":"https:\/\/baturina-homewear.com\/de\/wp-json\/wp\/v2\/product\/31573","targetHints":{"allow":["GET"]}}],"collection":[{"href":"https:\/\/baturina-homewear.com\/de\/wp-json\/wp\/v2\/product"}],"about":[{"href":"https:\/\/baturina-homewear.com\/de\/wp-json\/wp\/v2\/types\/product"}],"replies":[{"embeddable":true,"href":"https:\/\/baturina-homewear.com\/de\/wp-json\/wp\/v2\/comments?post=31573"}],"version-history":[{"count":1,"href":"https:\/\/baturina-homewear.com\/de\/wp-json\/wp\/v2\/product\/31573\/revisions"}],"predecessor-version":[{"id":44167,"href":"https:\/\/baturina-homewear.com\/de\/wp-json\/wp\/v2\/product\/31573\/revisions\/44167"}],"wp:featuredmedia":[{"embeddable":true,"href":"https:\/\/baturina-homewear.com\/de\/wp-json\/wp\/v2\/media\/33700"}],"wp:attachment":[{"href":"https:\/\/baturina-homewear.com\/de\/wp-json\/wp\/v2\/media?parent=31573"}],"wp:term":[{"taxonomy":"product_brand","embeddable":true,"href":"https:\/\/baturina-homewear.com\/de\/wp-json\/wp\/v2\/product_brand?post=31573"},{"taxonomy":"product_cat","embeddable":true,"href":"https:\/\/baturina-homewear.com\/de\/wp-json\/wp\/v2\/product_cat?post=31573"},{"taxonomy":"product_tag","embeddable":true,"href":"https:\/\/baturina-homewear.com\/de\/wp-json\/wp\/v2\/product_tag?post=31573"}],"curies":[{"name":"wp","href":"https:\/\/api.w.org\/{rel}","templated":true}]}}