{"id":31577,"date":"2022-08-09T19:10:21","date_gmt":"2022-08-09T17:10:21","guid":{"rendered":"https:\/\/baturina-homewear.com\/product\/herren-pyjama-gold-satin\/"},"modified":"2024-11-25T11:39:29","modified_gmt":"2024-11-25T10:39:29","slug":"herren-pyjama-set-gold-satin","status":"publish","type":"product","link":"https:\/\/baturina-homewear.com\/de\/produkt\/herren-pyjama-set-gold-satin\/","title":{"rendered":"Herren Pyjama Set Gold Satin Baumwolle"},"content":{"rendered":"<p>Lehnen Sie sich zur\u00fcck und entspannen Sie sich in unseren bequemen Pyjama. Dieses klassische Pyjamaset besteht aus einem lang\u00e4rmeligen Hemd und einer langen Hose. Hergestellt aus dicker, glatter Baumwolle mit einem atemberaubenden Satin-Gewebe in einem zeitlosen Goldton. Vollst\u00e4ndig mit schwarzer Paspel<br \/>\n eingefasst. Dieses Set ist ein absolutes Muss f\u00fcr die Loungewear und sorgt f\u00fcr einen wirklich eleganten Look.<\/p>\n<ul>\n<li>bequeme, lockere Passform<\/li>\n<li>Hemd mit gekerbtem Kragen, Knopfleiste, drei Taschen<\/li>\n<li>Hose mit elastischem Bund, Kordelzug, verdeckter Knopfleiste, zwei Seitentaschen<\/li>\n<li>Acrylkn\u00f6pfe<\/li>\n<\/ul>\n<p>Material und Pflege: 100% Baumwolle. Separate Maschinenw\u00e4sche bei 30\u00b0C, nicht im Trockner trocknen, B\u00fcgeln bei niedriger Hitze.<\/p>\n<p>Das Model ist 185 cm gro\u00df und tr\u00e4gt die Gr\u00f6\u00dfe M.<\/p>\n","protected":false},"excerpt":{"rendered":"<p>Lehnen Sie sich zur\u00fcck und entspannen Sie sich in unseren bequemen Pyjama. Dieses klassische Pyjamaset besteht aus einem lang\u00e4rmeligen Hemd<\/p>\n","protected":false},"featured_media":35207,"comment_status":"open","ping_status":"closed","template":"","meta":[],"product_brand":[],"product_cat":[493],"product_tag":[482],"class_list":{"0":"post-31577","1":"product","2":"type-product","3":"status-publish","4":"has-post-thumbnail","6":"product_cat-herren-pyjamas","7":"product_tag-custom-size-pajamas-de","8":"pa_fabric-content-cotton-de","9":"pa_fabric-weave-type-satin-de","10":"pa_fabric-weight-lightweight-de","11":"pa_pattern-einfarbig","12":"pa_size-2xl-de","13":"pa_size-3xl-de","14":"pa_size-4xl-de","15":"pa_size-5xl-de","16":"pa_size-l-de","17":"pa_size-m-de","18":"pa_size-massanfertigung","19":"pa_size-s-de","20":"pa_size-xl-de","21":"pa_size-xs-de","23":"first","24":"outofstock","25":"taxable","26":"shipping-taxable","27":"purchasable","28":"product-type-simple"},"_links":{"self":[{"href":"https:\/\/baturina-homewear.com\/de\/wp-json\/wp\/v2\/product\/31577","targetHints":{"allow":["GET"]}}],"collection":[{"href":"https:\/\/baturina-homewear.com\/de\/wp-json\/wp\/v2\/product"}],"about":[{"href":"https:\/\/baturina-homewear.com\/de\/wp-json\/wp\/v2\/types\/product"}],"replies":[{"embeddable":true,"href":"https:\/\/baturina-homewear.com\/de\/wp-json\/wp\/v2\/comments?post=31577"}],"version-history":[{"count":4,"href":"https:\/\/baturina-homewear.com\/de\/wp-json\/wp\/v2\/product\/31577\/revisions"}],"predecessor-version":[{"id":55962,"href":"https:\/\/baturina-homewear.com\/de\/wp-json\/wp\/v2\/product\/31577\/revisions\/55962"}],"wp:featuredmedia":[{"embeddable":true,"href":"https:\/\/baturina-homewear.com\/de\/wp-json\/wp\/v2\/media\/35207"}],"wp:attachment":[{"href":"https:\/\/baturina-homewear.com\/de\/wp-json\/wp\/v2\/media?parent=31577"}],"wp:term":[{"taxonomy":"product_brand","embeddable":true,"href":"https:\/\/baturina-homewear.com\/de\/wp-json\/wp\/v2\/product_brand?post=31577"},{"taxonomy":"product_cat","embeddable":true,"href":"https:\/\/baturina-homewear.com\/de\/wp-json\/wp\/v2\/product_cat?post=31577"},{"taxonomy":"product_tag","embeddable":true,"href":"https:\/\/baturina-homewear.com\/de\/wp-json\/wp\/v2\/product_tag?post=31577"}],"curies":[{"name":"wp","href":"https:\/\/api.w.org\/{rel}","templated":true}]}}