{"id":31579,"date":"2022-08-09T20:09:49","date_gmt":"2022-08-09T18:09:49","guid":{"rendered":"https:\/\/baturina-homewear.com\/product\/herren-hausjacke-dunkelrot-orange-abstrakter-druck-samt\/"},"modified":"2025-09-25T15:31:00","modified_gmt":"2025-09-25T13:31:00","slug":"herren-hausjacke-dunkelrot-orange-abstrakt-druck-samt","status":"publish","type":"product","link":"https:\/\/baturina-homewear.com\/de\/produkt\/herren-hausjacke-dunkelrot-orange-abstrakt-druck-samt\/","title":{"rendered":"Herren Hausjacke Schwarz Dunkel Orange Print Samt"},"content":{"rendered":"<p>Luxuri\u00f6ser Morgenmantel aus Samt mit einzigartigem, malerischem Druck in dunklen Rot- und Orange-T\u00f6nen. Kragen, Manschetten und Taschendetails sind aus seidenartigem, glattem schwarzem Satin gefertigt. Es hat eine luxuri\u00f6se, weiche Textur, sowohl au\u00dfen als auch innen, da es vollst\u00e4ndig mit dunkelgrauem Satin gef\u00fcttert ist. Einfach mit dem langen G\u00fcrtel befestigen. Wenn Sie auf der Suche nach einem warmen Morgenmantel sind, den Sie bei k\u00fchlen Temperaturen im Haus tragen k\u00f6nnen, ist dieser Morgenmantel perfekt. Alle unsere Designs werden individuell auf Bestellung in unserem Atelier angefertigt und jedes ist das Ergebnis stundenlanger handwerklicher Arbeit. Genie\u00dfen Sie Komfort und Stil in unseren Herren Morgenm\u00e4nteln, Pyjama Sets und Accessoires, hergestellt in Hamburg, Deutschland. <\/p>\n<ul>\n<li>Schalkragen<\/li>\n<li>Brusttasche<\/li>\n<li>zwei tiefe Seitentaschen<\/li>\n<li>verstellbare Umschlagmanschetten<\/li>\n<li>bequeme, lockere Passform<\/li>\n<li>diskrete Aufh\u00e4ngeschlaufe auf der R\u00fcckseite<\/li>\n<li>langer G\u00fcrtel<\/li>\n<li>abgebildete L\u00e4nge des Morgenmantels 85 cm (33 in)<\/li>\n<\/ul>\n<p>Material und Pflege: \u00c4u\u00dferes: 60% Baumwolle, 40% Polyester. Innen: 60% Polyester, 40% Viskose.  Professionelle Reinigung.<\/p>\n","protected":false},"excerpt":{"rendered":"<p>Luxuri\u00f6ser Morgenmantel aus Samt mit einzigartigem, malerischem Druck in dunklen Rot- und Orange-T\u00f6nen.<\/p>\n","protected":false},"featured_media":31488,"comment_status":"open","ping_status":"closed","template":"","meta":[],"product_brand":[],"product_cat":[496,463,980,994],"product_tag":[],"class_list":{"0":"post-31579","1":"product","2":"type-product","3":"status-publish","4":"has-post-thumbnail","6":"product_cat-herren-hausjacken","7":"product_cat-herren-hausmantel","8":"product_cat-samt-bademantel","9":"product_cat-warme-mantel","10":"product_shipping_class-auf-bestellung","11":"pa_color-orange-de","12":"pa_color-rot","13":"pa_color-black-de","14":"pa_fabric-content-cotton-de","15":"pa_fabric-content-polyester-viscose-mix-de","16":"pa_fabric-weave-type-samt","17":"pa_fabric-weight-schwer-und-warm","18":"pa_pattern-abstrakt","19":"pa_size-s-de","21":"first","22":"outofstock","23":"taxable","24":"shipping-taxable","25":"purchasable","26":"product-type-simple"},"_links":{"self":[{"href":"https:\/\/baturina-homewear.com\/de\/wp-json\/wp\/v2\/product\/31579","targetHints":{"allow":["GET"]}}],"collection":[{"href":"https:\/\/baturina-homewear.com\/de\/wp-json\/wp\/v2\/product"}],"about":[{"href":"https:\/\/baturina-homewear.com\/de\/wp-json\/wp\/v2\/types\/product"}],"replies":[{"embeddable":true,"href":"https:\/\/baturina-homewear.com\/de\/wp-json\/wp\/v2\/comments?post=31579"}],"version-history":[{"count":6,"href":"https:\/\/baturina-homewear.com\/de\/wp-json\/wp\/v2\/product\/31579\/revisions"}],"predecessor-version":[{"id":75072,"href":"https:\/\/baturina-homewear.com\/de\/wp-json\/wp\/v2\/product\/31579\/revisions\/75072"}],"wp:featuredmedia":[{"embeddable":true,"href":"https:\/\/baturina-homewear.com\/de\/wp-json\/wp\/v2\/media\/31488"}],"wp:attachment":[{"href":"https:\/\/baturina-homewear.com\/de\/wp-json\/wp\/v2\/media?parent=31579"}],"wp:term":[{"taxonomy":"product_brand","embeddable":true,"href":"https:\/\/baturina-homewear.com\/de\/wp-json\/wp\/v2\/product_brand?post=31579"},{"taxonomy":"product_cat","embeddable":true,"href":"https:\/\/baturina-homewear.com\/de\/wp-json\/wp\/v2\/product_cat?post=31579"},{"taxonomy":"product_tag","embeddable":true,"href":"https:\/\/baturina-homewear.com\/de\/wp-json\/wp\/v2\/product_tag?post=31579"}],"curies":[{"name":"wp","href":"https:\/\/api.w.org\/{rel}","templated":true}]}}