{"id":31580,"date":"2022-08-09T20:43:07","date_gmt":"2022-08-09T18:43:07","guid":{"rendered":"https:\/\/baturina-homewear.com\/product\/schwarz-weisser-hausmantel-fuer-maenner-mit-orangefarbenem-innenfutter\/"},"modified":"2025-08-28T17:25:37","modified_gmt":"2025-08-28T15:25:37","slug":"herren-schwarz-weis-paisley-hausmantel-mit-orangefarbenem-futter","status":"publish","type":"product","link":"https:\/\/baturina-homewear.com\/de\/produkt\/herren-schwarz-weis-paisley-hausmantel-mit-orangefarbenem-futter\/","title":{"rendered":"Herren Hausmantel in Schwarz-Wei\u00df mit Paisleymuster und orangefarbenem Futter"},"content":{"rendered":"<p>Kragen, Manschetten und Taschendetails sind aus seidenartigem, glattem schwarzem Satin gefertigt. Es ist innen sehr weich, da es vollst\u00e4ndig mit seidenartigem Satin in einem leuchtenden Orangeton gef\u00fcttert ist. Kragen, Manschetten und Taschendetails sind vollst\u00e4ndig mit schwarz-gold gestreiften Kordelpaspeln eingefasst. Einfach mit dem langen G\u00fcrtel befestigen. Wenn Sie auf der Suche nach einem luxuri\u00f6sen Morgenmantel im Vintage-Stil f\u00fcr das ganze Jahr sind, ist dieses Design mit Paisleymuster perfekt.<\/p>\n<ul>\n<li>Schalkragen<\/li>\n<li>Brusttasche<\/li>\n<li>zwei tiefe Seitentaschen<\/li>\n<li>verstellbare Umschlagmanschetten<\/li>\n<li>bequeme, lockere Passform<\/li>\n<li>diskrete Aufh\u00e4ngeschlaufe auf der R\u00fcckseite<\/li>\n<li>langer G\u00fcrtel<\/li>\n<\/ul>\n<p>Materialien und Pflege: \u00c4u\u00dferes: 60% Baumwolle, 40% Polyester. Innen: 60%Polyester, 40% Viskose. Maschinenw\u00e4sche bei 30\u00b0C, nicht im Trockner trocknen, bei niedriger Hitze b\u00fcgeln.  <\/p>\n","protected":false},"excerpt":{"rendered":"<p>Dieser luxuri\u00f6se Morgenmantel ist aus einer herrlich dicken Baumwolle gefertigt. Es zeigt ein klassisches schwarz-wei\u00dfes Paisleymuster.<\/p>\n","protected":false},"featured_media":45948,"comment_status":"open","ping_status":"closed","template":"","meta":[],"product_brand":[],"product_cat":[463,491],"product_tag":[464,768],"class_list":{"0":"post-31580","1":"product","2":"type-product","3":"status-publish","4":"has-post-thumbnail","6":"product_cat-herren-hausmantel","7":"product_cat-morgenmaentel","8":"product_tag-custom-size-de","9":"product_tag-monogram-de","10":"product_shipping_class-auf-bestellung","11":"pa_color-orange-de","12":"pa_color-black-de","13":"pa_fabric-content-cotton-de","14":"pa_fabric-weave-type-einfach","15":"pa_fabric-weight-regular-de","16":"pa_pattern-paisley-de","17":"pa_size-2xl-de","18":"pa_size-3xl-de","19":"pa_size-4xl-de","20":"pa_size-5xl-de","21":"pa_size-l-de","22":"pa_size-m-de","23":"pa_size-massanfertigung","24":"pa_size-s-de","25":"pa_size-xl-de","26":"pa_size-xs-de","28":"first","29":"outofstock","30":"taxable","31":"shipping-taxable","32":"purchasable","33":"product-type-simple"},"_links":{"self":[{"href":"https:\/\/baturina-homewear.com\/de\/wp-json\/wp\/v2\/product\/31580","targetHints":{"allow":["GET"]}}],"collection":[{"href":"https:\/\/baturina-homewear.com\/de\/wp-json\/wp\/v2\/product"}],"about":[{"href":"https:\/\/baturina-homewear.com\/de\/wp-json\/wp\/v2\/types\/product"}],"replies":[{"embeddable":true,"href":"https:\/\/baturina-homewear.com\/de\/wp-json\/wp\/v2\/comments?post=31580"}],"version-history":[{"count":3,"href":"https:\/\/baturina-homewear.com\/de\/wp-json\/wp\/v2\/product\/31580\/revisions"}],"predecessor-version":[{"id":73345,"href":"https:\/\/baturina-homewear.com\/de\/wp-json\/wp\/v2\/product\/31580\/revisions\/73345"}],"wp:featuredmedia":[{"embeddable":true,"href":"https:\/\/baturina-homewear.com\/de\/wp-json\/wp\/v2\/media\/45948"}],"wp:attachment":[{"href":"https:\/\/baturina-homewear.com\/de\/wp-json\/wp\/v2\/media?parent=31580"}],"wp:term":[{"taxonomy":"product_brand","embeddable":true,"href":"https:\/\/baturina-homewear.com\/de\/wp-json\/wp\/v2\/product_brand?post=31580"},{"taxonomy":"product_cat","embeddable":true,"href":"https:\/\/baturina-homewear.com\/de\/wp-json\/wp\/v2\/product_cat?post=31580"},{"taxonomy":"product_tag","embeddable":true,"href":"https:\/\/baturina-homewear.com\/de\/wp-json\/wp\/v2\/product_tag?post=31580"}],"curies":[{"name":"wp","href":"https:\/\/api.w.org\/{rel}","templated":true}]}}