{"id":31581,"date":"2022-08-09T21:50:13","date_gmt":"2022-08-09T19:50:13","guid":{"rendered":"https:\/\/baturina-homewear.com\/product\/herren-hausmantel-schwarz-weiss-medaillon-jacquard-gold-gesteppt\/"},"modified":"2024-11-25T11:30:44","modified_gmt":"2024-11-25T10:30:44","slug":"herren-hausmantel-schwarz-weis-medaillon-jacquard-gold-gesteppt","status":"publish","type":"product","link":"https:\/\/baturina-homewear.com\/de\/produkt\/herren-hausmantel-schwarz-weis-medaillon-jacquard-gold-gesteppt\/","title":{"rendered":"Herren Hausmantel Schwarz Wei\u00df Medaillon Jacquard Gold Gesteppt"},"content":{"rendered":"<p>Dieser exklusive, luxuri\u00f6se Morgenmantel ist aus einzigartigem Baumwolljacquard gefertigt. Es zeichnet sich durch ein gro\u00dfes, medaillonartiges Muster mit eingewebten Details aus. Der Jacquard-Stoff ist etwas schwerer, was bedeutet, dass er eine gute W\u00e4rmeleistung aufweist. Kragen, Manschetten und Taschendetails sind aus seidenartigem, goldfarbenem Baumwollsatin gefertigt. Es ist innen sehr weich, da es vollst\u00e4ndig mit seidenartigem Satin gef\u00fcttert ist. Kragen, Manschetten und Taschendetails sind vollst\u00e4ndig mit schwarz-gold gestreiften Paspel<br \/>\n eingefasst. Einfach mit dem langen G\u00fcrtel zu schlie\u00dfen. Wenn Sie auf der Suche nach einem luxuri\u00f6sen Morgenmantel im Vintage-Stil f\u00fcr ganzj\u00e4hrigen Komfort und Stil sind, ist dieses Design perfekt.<\/p>\n<ul>\n<li>Schalkragen<\/li>\n<li>Brusttasche<\/li>\n<li>zwei tiefe Seitentaschen<\/li>\n<li>verstellbare Umschlagmanschetten<\/li>\n<li>bequeme, lockere Passform<\/li>\n<li>diskrete Aufh\u00e4ngeschlaufe auf der R\u00fcckseite<\/li>\n<li>lange G\u00fcrtel<\/li>\n<li>L\u00e4nge des Morgenmantels 125 cm<\/li>\n<\/ul>\n<p>Material und Pflege: \u00c4u\u00dferes: 60% Baumwolle, 40% Polyester. Innen: 60%Polyester, 40% Viskose. Maschinenw\u00e4sche bei 30\u00b0C, nicht im Trockner trocknen, bei niedriger Hitze b\u00fcgeln.<\/p>\n","protected":false},"excerpt":{"rendered":"<p>Dieser exklusive, luxuri\u00f6se Morgenmantel ist aus einzigartigem Baumwolljacquard gefertigt. Es zeichnet sich durch ein gro\u00dfes, medaillonartiges Muster mit eingewebten Details<\/p>\n","protected":false},"featured_media":33655,"comment_status":"open","ping_status":"closed","template":"","meta":[],"product_brand":[],"product_cat":[463],"product_tag":[],"class_list":{"0":"post-31581","1":"product","2":"type-product","3":"status-publish","4":"has-post-thumbnail","6":"product_cat-herren-hausmantel","7":"pa_color-creme","8":"pa_color-black-de","9":"pa_color-weiss","10":"pa_fabric-content-cotton-de","11":"pa_fabric-weave-type-jacquard-de","12":"pa_fabric-weight-schwer-und-warm","13":"pa_pattern-abstrakt","14":"pa_size-2xl-de","15":"pa_size-l-de","16":"pa_size-m-de","17":"pa_size-xl-de","19":"first","20":"outofstock","21":"sale","22":"taxable","23":"shipping-taxable","24":"purchasable","25":"product-type-variable"},"_links":{"self":[{"href":"https:\/\/baturina-homewear.com\/de\/wp-json\/wp\/v2\/product\/31581","targetHints":{"allow":["GET"]}}],"collection":[{"href":"https:\/\/baturina-homewear.com\/de\/wp-json\/wp\/v2\/product"}],"about":[{"href":"https:\/\/baturina-homewear.com\/de\/wp-json\/wp\/v2\/types\/product"}],"replies":[{"embeddable":true,"href":"https:\/\/baturina-homewear.com\/de\/wp-json\/wp\/v2\/comments?post=31581"}],"version-history":[{"count":2,"href":"https:\/\/baturina-homewear.com\/de\/wp-json\/wp\/v2\/product\/31581\/revisions"}],"predecessor-version":[{"id":55794,"href":"https:\/\/baturina-homewear.com\/de\/wp-json\/wp\/v2\/product\/31581\/revisions\/55794"}],"wp:featuredmedia":[{"embeddable":true,"href":"https:\/\/baturina-homewear.com\/de\/wp-json\/wp\/v2\/media\/33655"}],"wp:attachment":[{"href":"https:\/\/baturina-homewear.com\/de\/wp-json\/wp\/v2\/media?parent=31581"}],"wp:term":[{"taxonomy":"product_brand","embeddable":true,"href":"https:\/\/baturina-homewear.com\/de\/wp-json\/wp\/v2\/product_brand?post=31581"},{"taxonomy":"product_cat","embeddable":true,"href":"https:\/\/baturina-homewear.com\/de\/wp-json\/wp\/v2\/product_cat?post=31581"},{"taxonomy":"product_tag","embeddable":true,"href":"https:\/\/baturina-homewear.com\/de\/wp-json\/wp\/v2\/product_tag?post=31581"}],"curies":[{"name":"wp","href":"https:\/\/api.w.org\/{rel}","templated":true}]}}