{"id":31582,"date":"2022-08-09T17:42:36","date_gmt":"2022-08-09T15:42:36","guid":{"rendered":"https:\/\/baturina-homewear.com\/product\/herren-schlafanzug-orange-abstrakt-gemalt-baumwolle-jacquard\/"},"modified":"2025-10-01T18:33:41","modified_gmt":"2025-10-01T16:33:41","slug":"herren-pyjamas-orange-abstrakt-gemalt-baumwoll-jacquard","status":"publish","type":"product","link":"https:\/\/baturina-homewear.com\/de\/produkt\/herren-pyjamas-orange-abstrakt-gemalt-baumwoll-jacquard\/","title":{"rendered":"Herren Schlafanzug Orange Abstrakt Gemalt Baumwolle Jacquard"},"content":{"rendered":"<p>Klassisches Pyjama-Set mit einem bequemen Langarmshirt und einer langen Hose. Hergestellt aus mittelschwerem Baumwolljacquard, der eine gewisse W\u00e4rme ausstrahlt. Es zeichnet sich durch ein eingewobenes malerisches Design in leuchtenden tropischen Farben aus. Das einzigartige Muster zeigt getupfte Farbfl\u00e4chen, die ineinander \u00fcbergehen und Orange, Creme und einen Hauch von Lila aufweisen. Es ist vollst\u00e4ndig mit dunkelblauen Paspeln in Kontrastfarbe eingefasst. Dieses Set ist ein unverzichtbares St\u00fcck Loungewear und sorgt f\u00fcr einen zeitlos eleganten Look. Wenn Sie ein w\u00e4rmeres Paar Schlafanz\u00fcge suchen, ist dieses Set perfekt. Alle unsere Designs werden individuell auf Bestellung in unserem Atelier angefertigt und jedes ist das Ergebnis stundenlanger handwerklicher Arbeit. Genie\u00dfen Sie Komfort und Stil in unseren Herren Morgenm\u00e4nteln, Pyjama Sets und Accessoires, hergestellt in Hamburg, Deutschland. <\/p>\n<ul>\n<li>bequeme, lockere Passform<\/li>\n<li>Hemd mit gekerbtem Kragen, Knopfleiste, drei Taschen<\/li>\n<li>Hose mit elastischem Bund, Kordelzug, verdeckter Knopfleiste, zwei Seitentaschen<\/li>\n<li>Perlmuttkn\u00f6pfe<\/li>\n<\/ul>\n<p>Material und Pflege: 100% Baumwolle. Separat in der Maschine bei 30\u00b0C waschen, nicht im Trockner trocknen, bei niedriger Hitze b\u00fcgeln. <\/p>\n<p>Das Modell ist 185 cm gro\u00df und tr\u00e4gt die Gr\u00f6\u00dfe M.<\/p>\n","protected":false},"excerpt":{"rendered":"<p>Klassisches Pyjama-Set mit einem bequemen Langarmshirt und einer langen Hose. Hergestellt aus mittelschwerem Baumwolljacquard, der eine gewisse W\u00e4rme ausstrahlt.<\/p>\n","protected":false},"featured_media":35198,"comment_status":"open","ping_status":"closed","template":"","meta":[],"product_brand":[],"product_cat":[493,565,899],"product_tag":[482,768],"class_list":{"0":"post-31582","1":"product","2":"type-product","3":"status-publish","4":"has-post-thumbnail","6":"product_cat-herren-pyjamas","7":"product_cat-pyjamas","8":"product_cat-limited-edition-de","9":"product_tag-custom-size-pajamas-de","10":"product_tag-monogram-de","11":"product_shipping_class-auf-bestellung","12":"pa_color-orange-de","13":"pa_color-swatch-orange-violett","14":"pa_fabric-content-cotton-de","15":"pa_fabric-weave-type-jacquard-de","16":"pa_fabric-weight-regular-de","17":"pa_pattern-abstrakt","18":"pa_size-m-de","20":"first","21":"instock","22":"taxable","23":"shipping-taxable","24":"purchasable","25":"product-type-simple"},"_links":{"self":[{"href":"https:\/\/baturina-homewear.com\/de\/wp-json\/wp\/v2\/product\/31582","targetHints":{"allow":["GET"]}}],"collection":[{"href":"https:\/\/baturina-homewear.com\/de\/wp-json\/wp\/v2\/product"}],"about":[{"href":"https:\/\/baturina-homewear.com\/de\/wp-json\/wp\/v2\/types\/product"}],"replies":[{"embeddable":true,"href":"https:\/\/baturina-homewear.com\/de\/wp-json\/wp\/v2\/comments?post=31582"}],"version-history":[{"count":10,"href":"https:\/\/baturina-homewear.com\/de\/wp-json\/wp\/v2\/product\/31582\/revisions"}],"predecessor-version":[{"id":76743,"href":"https:\/\/baturina-homewear.com\/de\/wp-json\/wp\/v2\/product\/31582\/revisions\/76743"}],"wp:featuredmedia":[{"embeddable":true,"href":"https:\/\/baturina-homewear.com\/de\/wp-json\/wp\/v2\/media\/35198"}],"wp:attachment":[{"href":"https:\/\/baturina-homewear.com\/de\/wp-json\/wp\/v2\/media?parent=31582"}],"wp:term":[{"taxonomy":"product_brand","embeddable":true,"href":"https:\/\/baturina-homewear.com\/de\/wp-json\/wp\/v2\/product_brand?post=31582"},{"taxonomy":"product_cat","embeddable":true,"href":"https:\/\/baturina-homewear.com\/de\/wp-json\/wp\/v2\/product_cat?post=31582"},{"taxonomy":"product_tag","embeddable":true,"href":"https:\/\/baturina-homewear.com\/de\/wp-json\/wp\/v2\/product_tag?post=31582"}],"curies":[{"name":"wp","href":"https:\/\/api.w.org\/{rel}","templated":true}]}}