{"id":32426,"date":"2022-08-20T19:54:45","date_gmt":"2022-08-20T17:54:45","guid":{"rendered":"https:\/\/baturina-homewear.com\/?post_type=product&#038;p=32426"},"modified":"2024-11-25T11:30:46","modified_gmt":"2024-11-25T10:30:46","slug":"herren-hausmantel-schwarz-gold-weiser-chevron-jacquard","status":"publish","type":"product","link":"https:\/\/baturina-homewear.com\/de\/produkt\/herren-hausmantel-schwarz-gold-weiser-chevron-jacquard\/","title":{"rendered":"Herren Hausmantel Schwarz Gold Wei\u00df Chevron Jacquard"},"content":{"rendered":"<p>Dieser exklusive, luxuri\u00f6se Morgenmantel ist aus einzigartigem Baumwolljacquard gefertigt. Es zeigt ein elegantes Chevron-Muster in Gold, Schwarz und Wei\u00df. Der Jacquard-Stoff ist etwas schwerer, was bedeutet, dass er eine gute W\u00e4rmeleistung aufweist. Kragen, Manschetten und Taschendetails sind aus einem seiden\u00e4hnlichen, glatten schwarzen Baumwollsatin gefertigt. Sie ist innen sehr weich, da sie vollst\u00e4ndig mit seidenartigem, goldenem Satin gef\u00fcttert ist. Kragen, Manschetten und Taschendetails sind vollst\u00e4ndig mit schwarz-gold gestreiften Paspel<br \/>\n eingefasst. Einfach mit dem langen G\u00fcrtel zu schlie\u00dfen. Wenn Sie auf der Suche nach einem luxuri\u00f6sen Morgenmantel im Vintage-Stil f\u00fcr ganzj\u00e4hrigen Komfort und Stil sind, ist dieses Design perfekt.<\/p>\n<ul>\n<li>Schalkragen<\/li>\n<li>Brusttasche<\/li>\n<li>zwei tiefe Seitentaschen<\/li>\n<li>verstellbare Umschlagmanschetten<\/li>\n<li>bequeme, lockere Passform<\/li>\n<li>diskrete Aufh\u00e4ngeschlaufe auf der R\u00fcckseite<\/li>\n<li>lange G\u00fcrtel<\/li>\n<li>L\u00e4nge des Morgenmantels 125 cm<\/li>\n<\/ul>\n<p>Material und Pflege: \u00c4u\u00dferes: 60% Baumwolle, 40% Polyester. Innen: 60%Polyester, 40% Viskose. Maschinenw\u00e4sche bei 30\u00b0C, nicht im Trockner trocknen, bei niedriger Hitze b\u00fcgeln.<\/p>\n","protected":false},"excerpt":{"rendered":"<p>Dieser exklusive, luxuri\u00f6se Morgenmantel ist aus einzigartigem Baumwolljacquard gefertigt. Es zeigt ein elegantes Chevron-Muster in Gold, Schwarz und Wei\u00df. Der<\/p>\n","protected":false},"featured_media":33679,"comment_status":"open","ping_status":"closed","template":"","meta":[],"product_brand":[],"product_cat":[463],"product_tag":[464],"class_list":{"0":"post-32426","1":"product","2":"type-product","3":"status-publish","4":"has-post-thumbnail","6":"product_cat-herren-hausmantel","7":"product_tag-custom-size-de","8":"pa_color-creme","9":"pa_color-gold-de","10":"pa_color-black-de","11":"pa_color-weiss","12":"pa_fabric-content-cotton-de","13":"pa_fabric-weave-type-jacquard-de","14":"pa_fabric-weight-schwer-und-warm","15":"pa_pattern-abstrakt","16":"pa_size-2xl-de","17":"pa_size-l-de","18":"pa_size-m-de","19":"pa_size-xl-de","21":"first","22":"outofstock","23":"taxable","24":"shipping-taxable","25":"purchasable","26":"product-type-simple"},"_links":{"self":[{"href":"https:\/\/baturina-homewear.com\/de\/wp-json\/wp\/v2\/product\/32426","targetHints":{"allow":["GET"]}}],"collection":[{"href":"https:\/\/baturina-homewear.com\/de\/wp-json\/wp\/v2\/product"}],"about":[{"href":"https:\/\/baturina-homewear.com\/de\/wp-json\/wp\/v2\/types\/product"}],"replies":[{"embeddable":true,"href":"https:\/\/baturina-homewear.com\/de\/wp-json\/wp\/v2\/comments?post=32426"}],"version-history":[{"count":4,"href":"https:\/\/baturina-homewear.com\/de\/wp-json\/wp\/v2\/product\/32426\/revisions"}],"predecessor-version":[{"id":63311,"href":"https:\/\/baturina-homewear.com\/de\/wp-json\/wp\/v2\/product\/32426\/revisions\/63311"}],"wp:featuredmedia":[{"embeddable":true,"href":"https:\/\/baturina-homewear.com\/de\/wp-json\/wp\/v2\/media\/33679"}],"wp:attachment":[{"href":"https:\/\/baturina-homewear.com\/de\/wp-json\/wp\/v2\/media?parent=32426"}],"wp:term":[{"taxonomy":"product_brand","embeddable":true,"href":"https:\/\/baturina-homewear.com\/de\/wp-json\/wp\/v2\/product_brand?post=32426"},{"taxonomy":"product_cat","embeddable":true,"href":"https:\/\/baturina-homewear.com\/de\/wp-json\/wp\/v2\/product_cat?post=32426"},{"taxonomy":"product_tag","embeddable":true,"href":"https:\/\/baturina-homewear.com\/de\/wp-json\/wp\/v2\/product_tag?post=32426"}],"curies":[{"name":"wp","href":"https:\/\/api.w.org\/{rel}","templated":true}]}}