{"id":32454,"date":"2022-08-20T20:20:31","date_gmt":"2022-08-20T18:20:31","guid":{"rendered":"https:\/\/baturina-homewear.com\/?post_type=product&#038;p=32454"},"modified":"2024-11-25T11:30:48","modified_gmt":"2024-11-25T10:30:48","slug":"herren-hausmantel-rot-fleur-de-lys-schwarz-fein-gesteppter-satin","status":"publish","type":"product","link":"https:\/\/baturina-homewear.com\/de\/produkt\/herren-hausmantel-rot-fleur-de-lys-schwarz-fein-gesteppter-satin\/","title":{"rendered":"Herren Hausmantel Rot Fleur De Lys Schwarz Fein gesteppter Satin"},"content":{"rendered":"<p>Dieser luxuri\u00f6se Morgenmantel ist aus einer herrlich dicken Baumwolle gefertigt. Es ist mit einem eleganten eingewebten Fleur de Lys-Muster versehen. Kragen, Manschetten und Taschendetails sind aus seiden\u00e4hnlichem, glattem schwarzem Satin gefertigt und mit einer besonders feinen, handgestickten Steppung versehen. Sie ist innen sehr weich, da sie vollst\u00e4ndig mit seidenartigem, goldenem Satin gef\u00fcttert ist. Kragen, Manschetten und Taschendetails sind vollst\u00e4ndig mit roten Paspel<br \/>\n eingefasst. Einfach mit dem langen G\u00fcrtel zu schlie\u00dfen. Wenn Sie auf der Suche nach einem luxuri\u00f6sen Morgenmantel im Vintage-Stil f\u00fcr ganzj\u00e4hrigen Komfort und Stil sind, ist dieses rot-schwarze Design perfekt.<\/p>\n<ul>\n<li>Schalkragen<\/li>\n<li>Brusttasche<\/li>\n<li>zwei tiefe Seitentaschen<\/li>\n<li>verstellbare Umschlagmanschetten<\/li>\n<li>bequeme, lockere Passform<\/li>\n<li>diskrete Aufh\u00e4ngeschlaufe auf der R\u00fcckseite<\/li>\n<li>lange G\u00fcrtel<\/li>\n<\/ul>\n<p>Material und Pflege: \u00c4u\u00dferes: 60% Baumwolle, 40% Polyester. Innen: 60%Polyester, 40% Viskose. Maschinenw\u00e4sche bei 30\u00b0C, nicht im Trockner trocknen, bei niedriger Hitze b\u00fcgeln.<\/p>\n","protected":false},"excerpt":{"rendered":"<p>Dieser luxuri\u00f6se Morgenmantel ist aus einer herrlich dicken Baumwolle gefertigt. Es ist mit einem eleganten eingewebten Fleur de Lys-Muster versehen.<\/p>\n","protected":false},"featured_media":33681,"comment_status":"open","ping_status":"closed","template":"","meta":[],"product_brand":[],"product_cat":[463],"product_tag":[464],"class_list":{"0":"post-32454","1":"product","2":"type-product","3":"status-publish","4":"has-post-thumbnail","6":"product_cat-herren-hausmantel","7":"product_tag-custom-size-de","8":"pa_color-rot","9":"pa_color-black-de","10":"pa_fabric-content-cotton-de","11":"pa_fabric-weave-type-jacquard-de","12":"pa_fabric-weight-regular-de","13":"pa_pattern-blumen","14":"pa_size-l-de","15":"pa_size-m-de","17":"first","18":"outofstock","19":"taxable","20":"shipping-taxable","21":"purchasable","22":"product-type-simple"},"_links":{"self":[{"href":"https:\/\/baturina-homewear.com\/de\/wp-json\/wp\/v2\/product\/32454","targetHints":{"allow":["GET"]}}],"collection":[{"href":"https:\/\/baturina-homewear.com\/de\/wp-json\/wp\/v2\/product"}],"about":[{"href":"https:\/\/baturina-homewear.com\/de\/wp-json\/wp\/v2\/types\/product"}],"replies":[{"embeddable":true,"href":"https:\/\/baturina-homewear.com\/de\/wp-json\/wp\/v2\/comments?post=32454"}],"version-history":[{"count":1,"href":"https:\/\/baturina-homewear.com\/de\/wp-json\/wp\/v2\/product\/32454\/revisions"}],"predecessor-version":[{"id":44152,"href":"https:\/\/baturina-homewear.com\/de\/wp-json\/wp\/v2\/product\/32454\/revisions\/44152"}],"wp:featuredmedia":[{"embeddable":true,"href":"https:\/\/baturina-homewear.com\/de\/wp-json\/wp\/v2\/media\/33681"}],"wp:attachment":[{"href":"https:\/\/baturina-homewear.com\/de\/wp-json\/wp\/v2\/media?parent=32454"}],"wp:term":[{"taxonomy":"product_brand","embeddable":true,"href":"https:\/\/baturina-homewear.com\/de\/wp-json\/wp\/v2\/product_brand?post=32454"},{"taxonomy":"product_cat","embeddable":true,"href":"https:\/\/baturina-homewear.com\/de\/wp-json\/wp\/v2\/product_cat?post=32454"},{"taxonomy":"product_tag","embeddable":true,"href":"https:\/\/baturina-homewear.com\/de\/wp-json\/wp\/v2\/product_tag?post=32454"}],"curies":[{"name":"wp","href":"https:\/\/api.w.org\/{rel}","templated":true}]}}