{"id":32485,"date":"2022-08-21T15:34:28","date_gmt":"2022-08-21T13:34:28","guid":{"rendered":"https:\/\/baturina-homewear.com\/?post_type=product&#038;p=32485"},"modified":"2025-10-21T13:55:20","modified_gmt":"2025-10-21T11:55:20","slug":"herren-pyjama-set-lachsrosa-punkte-baumwolle","status":"publish","type":"product","link":"https:\/\/baturina-homewear.com\/de\/produkt\/herren-pyjama-set-lachsrosa-punkte-baumwolle\/","title":{"rendered":"Herren Pyjama Rosa Baumwolle gepunktet"},"content":{"rendered":"<p>Der Besitz eines Pyjama-Sets bringt Komfort, Bequemlichkeit und Entspannung in Ihren Alltag und ist damit eine lohnende Erg\u00e4nzung Ihrer Garderobe. Investieren Sie in Ihren pers\u00f6nlichen Komfort und Stil mit unseren Pyjama-Sets nach Ma\u00df. Dieses klassische Pyjama-Set besteht aus einem bequemen Langarmshirt und einer langen Hose. Hergestellt aus mittelschwerer Baumwolle, die ein wenig w\u00e4rmt. Es zeigt ein gedrucktes Design aus gemalten Punkten auf einem eleganten neutralen lachsfarbenen Hintergrund. Vollst\u00e4ndig mit goldenen Paspeln eingefasst. Dieses Set ist ein unverzichtbares St\u00fcck Loungewear und sorgt f\u00fcr einen zeitlos eleganten Look. Wenn Sie ein w\u00e4rmeres Paar Schlafanz\u00fcge suchen, ist dieses Set perfekt. Alle unsere Designs werden individuell auf Bestellung in unserem Atelier angefertigt und jedes ist das Ergebnis stundenlanger handwerklicher Arbeit. Genie\u00dfen Sie Komfort und Stil in unseren Herren Morgenm\u00e4nteln, Pyjama Sets und Accessoires, hergestellt in Hamburg, Deutschland. <\/p>\n<ul>\n<li>bequeme, lockere Passform<\/li>\n<li>Hemd mit gekerbtem Kragen, Knopfleiste, drei Taschen<\/li>\n<li>Hose mit elastischem Bund, Kordelzug, verdeckter Knopfleiste, zwei Seitentaschen<\/li>\n<li>Perlmuttkn\u00f6pfe<\/li>\n<\/ul>\n<p>Material und Pflege: 100% Baumwolle. Separat in der Maschine bei 30\u00b0C waschen, nicht im Trockner trocknen, bei niedriger Hitze b\u00fcgeln. <\/p>\n<p>Das Modell ist 185 cm gro\u00df und tr\u00e4gt die Gr\u00f6\u00dfe M.<\/p>\n","protected":false},"excerpt":{"rendered":"<p>Der Besitz eines Pyjama-Sets bringt Komfort, Bequemlichkeit und Entspannung in Ihren Alltag und ist damit eine lohnende Erg\u00e4nzung Ihrer Garderobe.<\/p>\n","protected":false},"featured_media":35230,"comment_status":"open","ping_status":"closed","template":"","meta":[],"product_brand":[],"product_cat":[493,565],"product_tag":[],"class_list":{"0":"post-32485","1":"product","2":"type-product","3":"status-publish","4":"has-post-thumbnail","6":"product_cat-herren-pyjamas","7":"product_cat-pyjamas","8":"product_shipping_class-auf-bestellung","9":"pa_color-swatch-rosa","10":"pa_fabric-content-cotton-de","11":"pa_fabric-weave-type-jacquard-de","12":"pa_fabric-weight-regular-de","13":"pa_pattern-gepunktet","14":"pa_size-2xl-de","15":"pa_size-m-de","16":"pa_size-xl-de","18":"first","19":"instock","20":"sale","21":"taxable","22":"shipping-taxable","23":"purchasable","24":"product-type-variable","25":"has-default-attributes"},"_links":{"self":[{"href":"https:\/\/baturina-homewear.com\/de\/wp-json\/wp\/v2\/product\/32485","targetHints":{"allow":["GET"]}}],"collection":[{"href":"https:\/\/baturina-homewear.com\/de\/wp-json\/wp\/v2\/product"}],"about":[{"href":"https:\/\/baturina-homewear.com\/de\/wp-json\/wp\/v2\/types\/product"}],"replies":[{"embeddable":true,"href":"https:\/\/baturina-homewear.com\/de\/wp-json\/wp\/v2\/comments?post=32485"}],"version-history":[{"count":10,"href":"https:\/\/baturina-homewear.com\/de\/wp-json\/wp\/v2\/product\/32485\/revisions"}],"predecessor-version":[{"id":77258,"href":"https:\/\/baturina-homewear.com\/de\/wp-json\/wp\/v2\/product\/32485\/revisions\/77258"}],"wp:featuredmedia":[{"embeddable":true,"href":"https:\/\/baturina-homewear.com\/de\/wp-json\/wp\/v2\/media\/35230"}],"wp:attachment":[{"href":"https:\/\/baturina-homewear.com\/de\/wp-json\/wp\/v2\/media?parent=32485"}],"wp:term":[{"taxonomy":"product_brand","embeddable":true,"href":"https:\/\/baturina-homewear.com\/de\/wp-json\/wp\/v2\/product_brand?post=32485"},{"taxonomy":"product_cat","embeddable":true,"href":"https:\/\/baturina-homewear.com\/de\/wp-json\/wp\/v2\/product_cat?post=32485"},{"taxonomy":"product_tag","embeddable":true,"href":"https:\/\/baturina-homewear.com\/de\/wp-json\/wp\/v2\/product_tag?post=32485"}],"curies":[{"name":"wp","href":"https:\/\/api.w.org\/{rel}","templated":true}]}}