{"id":34614,"date":"2022-08-15T18:06:31","date_gmt":"2022-08-15T16:06:31","guid":{"rendered":"https:\/\/baturina-homewear.com\/product\/gutschein\/"},"modified":"2024-11-25T12:06:26","modified_gmt":"2024-11-25T11:06:26","slug":"gutschein","status":"publish","type":"product","link":"https:\/\/baturina-homewear.com\/de\/produkt\/gutschein\/","title":{"rendered":"Gutschein"},"content":{"rendered":"<p>Ob zum Geburtstag, zur Hochzeit oder zum Feiertag &#8211; mit unseren digitalen Geschenkkarten k\u00f6nnen Sie ein wirklich einzigartiges Geschenk machen. Vielleicht fragen Sie sich, was man jemandem schenken soll, der schon alles hat? Mit unserer Auswahl an luxuri\u00f6sen Morgenm\u00e4ntel, Nachtw\u00e4sche und Accessoires k\u00f6nnen Sie sicher sein, ein unvergessliches Geschenk zu machen.<\/p>\n<ul>\n<li>digitale Geschenkkarte<\/li>\n<li>Zustellung per E-Mail &#8211; jetzt oder zu einem bestimmten Zeitpunkt in der Zukunft<\/li>\n<li>unsere Geschenkkarten verfallen nie<\/li>\n<li>\u00dcberpr\u00fcfen Sie Ihr Geschenkkartenguthaben einfach in Ihrem Konto<\/li>\n<\/ul>\n<p><em>Bitte beachten Sie, dass der Geschenkgutschein nur f\u00fcr Artikel aus unserem Gesch\u00e4ft g\u00fcltig ist. Wenn Sie ein individuelles Design mit einem Geschenkgutschein erwerben m\u00f6chten, <a href=\"https:\/\/baturina-homewear.com\/de\/kundenservice\/kontakt\/\">nehmen Sie bitte Kontakt mit uns auf<\/a>.<\/em><\/p>\n","protected":false},"excerpt":{"rendered":"<p>Ob zum Geburtstag, zur Hochzeit oder zum Feiertag &#8211; mit unseren digitalen Geschenkkarten k\u00f6nnen Sie ein wirklich einzigartiges Geschenk machen.<\/p>\n","protected":false},"featured_media":34904,"comment_status":"closed","ping_status":"closed","template":"","meta":[],"product_brand":[],"product_cat":[654],"product_tag":[],"class_list":{"0":"post-34614","1":"product","2":"type-product","3":"status-publish","4":"has-post-thumbnail","6":"product_cat-geschenke","8":"first","9":"instock","10":"purchasable","11":"product-type-variable"},"_links":{"self":[{"href":"https:\/\/baturina-homewear.com\/de\/wp-json\/wp\/v2\/product\/34614","targetHints":{"allow":["GET"]}}],"collection":[{"href":"https:\/\/baturina-homewear.com\/de\/wp-json\/wp\/v2\/product"}],"about":[{"href":"https:\/\/baturina-homewear.com\/de\/wp-json\/wp\/v2\/types\/product"}],"replies":[{"embeddable":true,"href":"https:\/\/baturina-homewear.com\/de\/wp-json\/wp\/v2\/comments?post=34614"}],"version-history":[{"count":1,"href":"https:\/\/baturina-homewear.com\/de\/wp-json\/wp\/v2\/product\/34614\/revisions"}],"predecessor-version":[{"id":45574,"href":"https:\/\/baturina-homewear.com\/de\/wp-json\/wp\/v2\/product\/34614\/revisions\/45574"}],"wp:featuredmedia":[{"embeddable":true,"href":"https:\/\/baturina-homewear.com\/de\/wp-json\/wp\/v2\/media\/34904"}],"wp:attachment":[{"href":"https:\/\/baturina-homewear.com\/de\/wp-json\/wp\/v2\/media?parent=34614"}],"wp:term":[{"taxonomy":"product_brand","embeddable":true,"href":"https:\/\/baturina-homewear.com\/de\/wp-json\/wp\/v2\/product_brand?post=34614"},{"taxonomy":"product_cat","embeddable":true,"href":"https:\/\/baturina-homewear.com\/de\/wp-json\/wp\/v2\/product_cat?post=34614"},{"taxonomy":"product_tag","embeddable":true,"href":"https:\/\/baturina-homewear.com\/de\/wp-json\/wp\/v2\/product_tag?post=34614"}],"curies":[{"name":"wp","href":"https:\/\/api.w.org\/{rel}","templated":true}]}}