{"id":34777,"date":"2022-09-16T19:52:54","date_gmt":"2022-09-16T17:52:54","guid":{"rendered":"https:\/\/baturina-homewear.com\/?post_type=product&#038;p=34777"},"modified":"2025-07-03T18:39:30","modified_gmt":"2025-07-03T16:39:30","slug":"herren-boxershorts-blau-und-gold-paisley-print-satin","status":"publish","type":"product","link":"https:\/\/baturina-homewear.com\/de\/produkt\/herren-boxershorts-blau-und-gold-paisley-print-satin\/","title":{"rendered":"Herren Boxer Shorts Blau und Gold Paisley Print Satin"},"content":{"rendered":"<p>Luxuri\u00f6se und elegante Boxershorts. Hergestellt aus einem atemberaubend weichen Satinstoff mit blauem und goldenem Design. Sie ist sehr weich, perfekt zum Faulenzen und Schlafen. In unserer Auswahl an Shorts und Hosen f\u00fcr M\u00e4nner finden Sie perfekt passende St\u00fccke f\u00fcr Ihren Morgenmantel oder Hausjacke. Vervollst\u00e4ndigen Sie den klassischen Entspannungsstil mit unseren Morgenm\u00e4nteln und Shorts.<br \/>\nF\u00fcr eine bequeme Passform entworfen und aus luxuri\u00f6sen Stoffen gefertigt, gibt es nichts, was Sie mehr tun m\u00f6chten, als sich in unseren Herren Shorts und Hosen zu entspannen.<\/p>\n<ul>\n<li>elastischer Bund, verdeckter Hosenschlitz mit Knopf<\/li>\n<li>Standard-Au\u00dfennahtl\u00e4nge: 35 cm<\/li>\n<\/ul>\n<p>Material und Pflege: 60% Polyester, 40% Viskose. Separat in der Maschine bei 30\u00b0C waschen, nicht im Trockner trocknen, bei niedriger Hitze b\u00fcgeln. <\/p>\n<p>&nbsp;<\/p>\n","protected":false},"excerpt":{"rendered":"<p>Luxuri\u00f6se und elegante Boxershorts. Hergestellt aus einem atemberaubend weichen Satinstoff mit blauem und goldenem Design. Sie ist sehr weich, perfekt<\/p>\n","protected":false},"featured_media":34755,"comment_status":"open","ping_status":"closed","template":"","meta":[],"product_brand":[],"product_cat":[492],"product_tag":[],"class_list":{"0":"post-34777","1":"product","2":"type-product","3":"status-publish","4":"has-post-thumbnail","6":"product_cat-herren-boxershorts","7":"product_shipping_class-small-de","8":"pa_color-blau","9":"pa_color-gold-de","10":"pa_fabric-content-polyester-viscose-mix-de","11":"pa_fabric-weave-type-jacquard-de","12":"pa_pattern-paisley-de","13":"pa_size-2xl-de","14":"pa_size-l-de","15":"pa_size-m-de","16":"pa_size-s-de","17":"pa_size-xl-de","19":"first","20":"outofstock","21":"taxable","22":"shipping-taxable","23":"purchasable","24":"product-type-variable"},"_links":{"self":[{"href":"https:\/\/baturina-homewear.com\/de\/wp-json\/wp\/v2\/product\/34777","targetHints":{"allow":["GET"]}}],"collection":[{"href":"https:\/\/baturina-homewear.com\/de\/wp-json\/wp\/v2\/product"}],"about":[{"href":"https:\/\/baturina-homewear.com\/de\/wp-json\/wp\/v2\/types\/product"}],"replies":[{"embeddable":true,"href":"https:\/\/baturina-homewear.com\/de\/wp-json\/wp\/v2\/comments?post=34777"}],"version-history":[{"count":2,"href":"https:\/\/baturina-homewear.com\/de\/wp-json\/wp\/v2\/product\/34777\/revisions"}],"predecessor-version":[{"id":63353,"href":"https:\/\/baturina-homewear.com\/de\/wp-json\/wp\/v2\/product\/34777\/revisions\/63353"}],"wp:featuredmedia":[{"embeddable":true,"href":"https:\/\/baturina-homewear.com\/de\/wp-json\/wp\/v2\/media\/34755"}],"wp:attachment":[{"href":"https:\/\/baturina-homewear.com\/de\/wp-json\/wp\/v2\/media?parent=34777"}],"wp:term":[{"taxonomy":"product_brand","embeddable":true,"href":"https:\/\/baturina-homewear.com\/de\/wp-json\/wp\/v2\/product_brand?post=34777"},{"taxonomy":"product_cat","embeddable":true,"href":"https:\/\/baturina-homewear.com\/de\/wp-json\/wp\/v2\/product_cat?post=34777"},{"taxonomy":"product_tag","embeddable":true,"href":"https:\/\/baturina-homewear.com\/de\/wp-json\/wp\/v2\/product_tag?post=34777"}],"curies":[{"name":"wp","href":"https:\/\/api.w.org\/{rel}","templated":true}]}}