{"id":34824,"date":"2022-09-18T16:29:59","date_gmt":"2022-09-18T14:29:59","guid":{"rendered":"https:\/\/baturina-homewear.com\/product\/gold-paisley-gesteppte-decke-satin-samt\/"},"modified":"2024-11-25T12:06:25","modified_gmt":"2024-11-25T11:06:25","slug":"gold-paisley-gesteppte-decke-satin-velvet","status":"publish","type":"product","link":"https:\/\/baturina-homewear.com\/de\/produkt\/gold-paisley-gesteppte-decke-satin-velvet\/","title":{"rendered":"Gold Paisley gesteppte Decke aus Satin und Samt"},"content":{"rendered":"<p>Tauchen Sie in unserer Auswahl an Wohnaccessoires in eine Welt voller luxuri\u00f6ser Textilien ein. Diese einzigartige Decke ist aus goldfarbenem Paisleysatin und weichem, dunkelbraunem Chenille-Samt gefertigt und auf beiden Seiten mit einer handgen\u00e4hten Steppung versehen. Der Satin hat eine leicht k\u00fchlende Wirkung, w\u00e4hrend die Samtseite extra warm ist. Sie k\u00f6nnen sich also in die Seite h\u00fcllen, die Sie bevorzugen. Vollst\u00e4ndig mit Fleece gef\u00fcllt, was ihn sehr warm macht. Mit dieser Decke k\u00f6nnen Sie sicher sein, ein perfektes Mittagsschl\u00e4fchen zu halten.<\/p>\n<p>Dieser Artikel ist ein Unikat<\/p>\n<p>Abmessungen &amp; Gewicht:<\/p>\n<ul>\n<li>Breite: 150 cm (59 1\/16 Zoll)<\/li>\n<li>L\u00e4nge: 200cm (78 3\/4 in)<\/li>\n<li>H\u00f6he: 2 cm (13\/16 Zoll)<\/li>\n<li>Gewicht: 2kg (4 lb)<\/li>\n<\/ul>\n<p>Material und Pflege: 20% Polyester, 30% Viskose, 50% Baumwolle. Maschinenw\u00e4sche 30\u00b0C (86 F), nicht im Trockner trocknen, nicht b\u00fcgeln.<\/p>\n<p>Alle \u00dcberw\u00fcrfe sind handgefertigt und handgen\u00e4ht. Handgefertigte Artikel haben von Natur aus Unvollkommenheiten. Obwohl wir gr\u00fcndlich sind, gibt es Ungereimtheiten. Aufgrund der kreativen Natur wird jeder Artikel ein wenig anders aussehen als der n\u00e4chste. Das ist es, was handwerkliche Arbeit einzigartig macht.<\/p>\n<p>&nbsp;<\/p>\n<p>&nbsp;<\/p>\n","protected":false},"excerpt":{"rendered":"<p>Tauchen Sie in unserer Auswahl an Wohnaccessoires in eine Welt voller luxuri\u00f6ser Textilien ein. Diese einzigartige Decke ist aus goldfarbenem<\/p>\n","protected":false},"featured_media":34821,"comment_status":"open","ping_status":"closed","template":"","meta":[],"product_brand":[],"product_cat":[654],"product_tag":[],"class_list":{"0":"post-34824","1":"product","2":"type-product","3":"status-publish","4":"has-post-thumbnail","6":"product_cat-geschenke","7":"pa_color-braun","8":"pa_color-gold-de","9":"pa_fabric-content-cotton-de","10":"pa_fabric-content-polyester-viscose-mix-de","11":"pa_fabric-weave-type-chenille-de","12":"pa_fabric-weave-type-samt","13":"pa_fabric-weave-type-satin-de","14":"pa_fabric-weight-schwer-und-warm","15":"pa_pattern-paisley-de","17":"first","18":"outofstock","19":"taxable","20":"shipping-taxable","21":"purchasable","22":"product-type-simple"},"_links":{"self":[{"href":"https:\/\/baturina-homewear.com\/de\/wp-json\/wp\/v2\/product\/34824","targetHints":{"allow":["GET"]}}],"collection":[{"href":"https:\/\/baturina-homewear.com\/de\/wp-json\/wp\/v2\/product"}],"about":[{"href":"https:\/\/baturina-homewear.com\/de\/wp-json\/wp\/v2\/types\/product"}],"replies":[{"embeddable":true,"href":"https:\/\/baturina-homewear.com\/de\/wp-json\/wp\/v2\/comments?post=34824"}],"version-history":[{"count":2,"href":"https:\/\/baturina-homewear.com\/de\/wp-json\/wp\/v2\/product\/34824\/revisions"}],"predecessor-version":[{"id":56629,"href":"https:\/\/baturina-homewear.com\/de\/wp-json\/wp\/v2\/product\/34824\/revisions\/56629"}],"wp:featuredmedia":[{"embeddable":true,"href":"https:\/\/baturina-homewear.com\/de\/wp-json\/wp\/v2\/media\/34821"}],"wp:attachment":[{"href":"https:\/\/baturina-homewear.com\/de\/wp-json\/wp\/v2\/media?parent=34824"}],"wp:term":[{"taxonomy":"product_brand","embeddable":true,"href":"https:\/\/baturina-homewear.com\/de\/wp-json\/wp\/v2\/product_brand?post=34824"},{"taxonomy":"product_cat","embeddable":true,"href":"https:\/\/baturina-homewear.com\/de\/wp-json\/wp\/v2\/product_cat?post=34824"},{"taxonomy":"product_tag","embeddable":true,"href":"https:\/\/baturina-homewear.com\/de\/wp-json\/wp\/v2\/product_tag?post=34824"}],"curies":[{"name":"wp","href":"https:\/\/api.w.org\/{rel}","templated":true}]}}