{"id":34841,"date":"2022-09-18T19:01:49","date_gmt":"2022-09-18T17:01:49","guid":{"rendered":"https:\/\/baturina-homewear.com\/product\/herren-hausmantel-weinrot-barock-gesteppter-samt\/"},"modified":"2023-06-26T20:13:36","modified_gmt":"2023-06-26T18:13:36","slug":"herren-hausmantel-burgunderroter-barocker-gesteppter-samt","status":"publish","type":"product","link":"https:\/\/baturina-homewear.com\/de\/produkt\/herren-hausmantel-burgunderroter-barocker-gesteppter-samt\/","title":{"rendered":"Herren Hausmantel Weinrot Barock Gesteppter Samt"},"content":{"rendered":"<p>Dieser luxuri\u00f6se Morgenmantel ist aus einer wundersch\u00f6nen barocken, gebl\u00fcmten Baumwolle gefertigt. Er ist mit einem weichen, gesteppten Samtkragen, Manschetten und Taschendetails ausgestattet. Es ist innen sehr weich, da es vollst\u00e4ndig mit seidenartigem Satin gef\u00fcttert ist. Einfach mit dem langen G\u00fcrtel befestigen. Wenn Sie auf der Suche nach einem luxuri\u00f6sen Morgenmantel im Vintage-Stil f\u00fcr ganzj\u00e4hrigen Komfort und Stil sind, ist dieses Design perfekt.<\/p>\n<ul>\n<li>Schalkragen<\/li>\n<li>Brusttasche<\/li>\n<li>zwei tiefe Seitentaschen<\/li>\n<li>verstellbare Umschlagmanschetten<\/li>\n<li>bequeme, lockere Passform<\/li>\n<li>diskrete Aufh\u00e4ngeschlaufe auf der R\u00fcckseite<\/li>\n<li>lange G\u00fcrtel mit Quasten<\/li>\n<\/ul>\n<p>Material und Pflege: \u00c4u\u00dferes: 60% Baumwolle, 40% Polyester. Innen: 60%Polyester, 40% Viskose. Maschinenw\u00e4sche bei 30\u00b0C, nicht im Trockner trocknen, bei niedriger Hitze b\u00fcgeln.<\/p>\n","protected":false},"excerpt":{"rendered":"<p>Dieser luxuri\u00f6se Morgenmantel ist aus einer wundersch\u00f6nen barocken, gebl\u00fcmten Baumwolle gefertigt. Er ist mit einem weichen, gesteppten Samtkragen, Manschetten und<\/p>\n","protected":false},"featured_media":34837,"comment_status":"open","ping_status":"closed","template":"","meta":[],"product_brand":[],"product_cat":[463],"product_tag":[464],"class_list":{"0":"post-34841","1":"product","2":"type-product","3":"status-publish","4":"has-post-thumbnail","6":"product_cat-herren-hausmantel","7":"product_tag-custom-size-de","8":"pa_color-rot","9":"pa_fabric-content-cotton-de","10":"pa_fabric-content-polyester-viscose-mix-de","11":"pa_fabric-weave-type-jacquard-de","12":"pa_fabric-weave-type-samt","13":"pa_fabric-weight-regular-de","14":"pa_pattern-blumen","15":"pa_size-2xl-de","16":"pa_size-3xl-de","17":"pa_size-4xl-de","18":"pa_size-5xl-de","19":"pa_size-l-de","20":"pa_size-m-de","21":"pa_size-massanfertigung","22":"pa_size-s-de","23":"pa_size-xl-de","24":"pa_size-xs-de","26":"first","27":"outofstock","28":"taxable","29":"shipping-taxable","30":"purchasable","31":"product-type-simple"},"_links":{"self":[{"href":"https:\/\/baturina-homewear.com\/de\/wp-json\/wp\/v2\/product\/34841","targetHints":{"allow":["GET"]}}],"collection":[{"href":"https:\/\/baturina-homewear.com\/de\/wp-json\/wp\/v2\/product"}],"about":[{"href":"https:\/\/baturina-homewear.com\/de\/wp-json\/wp\/v2\/types\/product"}],"replies":[{"embeddable":true,"href":"https:\/\/baturina-homewear.com\/de\/wp-json\/wp\/v2\/comments?post=34841"}],"version-history":[{"count":1,"href":"https:\/\/baturina-homewear.com\/de\/wp-json\/wp\/v2\/product\/34841\/revisions"}],"predecessor-version":[{"id":44844,"href":"https:\/\/baturina-homewear.com\/de\/wp-json\/wp\/v2\/product\/34841\/revisions\/44844"}],"wp:featuredmedia":[{"embeddable":true,"href":"https:\/\/baturina-homewear.com\/de\/wp-json\/wp\/v2\/media\/34837"}],"wp:attachment":[{"href":"https:\/\/baturina-homewear.com\/de\/wp-json\/wp\/v2\/media?parent=34841"}],"wp:term":[{"taxonomy":"product_brand","embeddable":true,"href":"https:\/\/baturina-homewear.com\/de\/wp-json\/wp\/v2\/product_brand?post=34841"},{"taxonomy":"product_cat","embeddable":true,"href":"https:\/\/baturina-homewear.com\/de\/wp-json\/wp\/v2\/product_cat?post=34841"},{"taxonomy":"product_tag","embeddable":true,"href":"https:\/\/baturina-homewear.com\/de\/wp-json\/wp\/v2\/product_tag?post=34841"}],"curies":[{"name":"wp","href":"https:\/\/api.w.org\/{rel}","templated":true}]}}