{"id":35401,"date":"2022-10-02T14:17:28","date_gmt":"2022-10-02T12:17:28","guid":{"rendered":"https:\/\/baturina-homewear.com\/product\/herren-hausmantel-leopard-print-baumwolle\/"},"modified":"2025-07-23T15:19:00","modified_gmt":"2025-07-23T13:19:00","slug":"herren-hausmantel-leopardenmuster-baumwolle","status":"publish","type":"product","link":"https:\/\/baturina-homewear.com\/de\/produkt\/herren-hausmantel-leopardenmuster-baumwolle\/","title":{"rendered":"Herren Hausmantel Leopard Print Baumwolle"},"content":{"rendered":"<p>Eleganter, gef\u00fctterter Morgenmantel mit Schalkragen aus einer atemberaubenden Baumwolle mit Leopardenmuster, perfekt zum Entspannen zu Hause. Das Design ist mit einem Besatz aus gleichem Stoff, schwarzen Paspeln und einem cremefarbenen Satin Futter ausgestattet. Wenn Sie einen leichten, aber dicken Morgenmantel suchen, ist dieser die richtige Wahl f\u00fcr ganzj\u00e4hrigen Komfort und Stil.<\/p>\n<ul>\n<li>Schalkragen<\/li>\n<li>Brusttasche<\/li>\n<li>zwei tiefe Seitentaschen<\/li>\n<li>verstellbare Umschlagmanschetten<\/li>\n<li>Bequeme, lockere Passform<\/li>\n<li>diskrete Aufh\u00e4ngeschlaufe auf der R\u00fcckseite<\/li>\n<li>langer G\u00fcrtel<\/li>\n<\/ul>\n<p>Materialien und Pflege: Au\u00dfen: 100% Baumwolle, Innen: 60% Polyester, 40% Viskose. Separat waschen, 30\u00b0 C, nicht im Trockner trocknen, bei niedriger Hitze b\u00fcgeln.<\/p>\n<p>Alle unsere Designs werden individuell auf Bestellung in unserem Atelier angefertigt und jedes ist das Ergebnis stundenlanger handwerklicher Arbeit. Genie\u00dfen Sie Komfort und Stil in unseren Herren Morgenm\u00e4nteln, Pyjama Sets und Accessoires, hergestellt in Hamburg, Deutschland.<\/p>\n<p>Das Model ist 185 cm gro\u00df und tr\u00e4gt die Gr\u00f6\u00dfe M.<\/p>\n","protected":false},"excerpt":{"rendered":"<p>Eleganter, gef\u00fctterter Morgenmantel mit Schalkragen aus einer atemberaubenden Baumwolle mit Leopardenmuster, perfekt zum Entspannen zu Hause. Das Design ist mit<\/p>\n","protected":false},"featured_media":35385,"comment_status":"open","ping_status":"closed","template":"","meta":[],"product_brand":[],"product_cat":[463,491],"product_tag":[464],"class_list":{"0":"post-35401","1":"product","2":"type-product","3":"status-publish","4":"has-post-thumbnail","6":"product_cat-herren-hausmantel","7":"product_cat-morgenmaentel","8":"product_tag-custom-size-de","9":"product_shipping_class-auf-bestellung","10":"pa_color-creme","11":"pa_color-black-de","12":"pa_fabric-content-cotton-de","13":"pa_fabric-weave-type-einfach","14":"pa_fabric-weight-regular-de","15":"pa_pattern-animal-de","16":"pa_size-2xl-de","17":"pa_size-3xl-de","18":"pa_size-4xl-de","19":"pa_size-5xl-de","20":"pa_size-l-de","21":"pa_size-m-de","22":"pa_size-massanfertigung","23":"pa_size-s-de","24":"pa_size-xl-de","25":"pa_size-xs-de","27":"first","28":"outofstock","29":"taxable","30":"shipping-taxable","31":"purchasable","32":"product-type-simple"},"_links":{"self":[{"href":"https:\/\/baturina-homewear.com\/de\/wp-json\/wp\/v2\/product\/35401","targetHints":{"allow":["GET"]}}],"collection":[{"href":"https:\/\/baturina-homewear.com\/de\/wp-json\/wp\/v2\/product"}],"about":[{"href":"https:\/\/baturina-homewear.com\/de\/wp-json\/wp\/v2\/types\/product"}],"replies":[{"embeddable":true,"href":"https:\/\/baturina-homewear.com\/de\/wp-json\/wp\/v2\/comments?post=35401"}],"version-history":[{"count":7,"href":"https:\/\/baturina-homewear.com\/de\/wp-json\/wp\/v2\/product\/35401\/revisions"}],"predecessor-version":[{"id":73462,"href":"https:\/\/baturina-homewear.com\/de\/wp-json\/wp\/v2\/product\/35401\/revisions\/73462"}],"wp:featuredmedia":[{"embeddable":true,"href":"https:\/\/baturina-homewear.com\/de\/wp-json\/wp\/v2\/media\/35385"}],"wp:attachment":[{"href":"https:\/\/baturina-homewear.com\/de\/wp-json\/wp\/v2\/media?parent=35401"}],"wp:term":[{"taxonomy":"product_brand","embeddable":true,"href":"https:\/\/baturina-homewear.com\/de\/wp-json\/wp\/v2\/product_brand?post=35401"},{"taxonomy":"product_cat","embeddable":true,"href":"https:\/\/baturina-homewear.com\/de\/wp-json\/wp\/v2\/product_cat?post=35401"},{"taxonomy":"product_tag","embeddable":true,"href":"https:\/\/baturina-homewear.com\/de\/wp-json\/wp\/v2\/product_tag?post=35401"}],"curies":[{"name":"wp","href":"https:\/\/api.w.org\/{rel}","templated":true}]}}