{"id":35403,"date":"2022-10-02T14:24:39","date_gmt":"2022-10-02T12:24:39","guid":{"rendered":"https:\/\/baturina-homewear.com\/product\/herren-pyjama-leopard-print-baumwolle\/"},"modified":"2024-11-25T11:39:41","modified_gmt":"2024-11-25T10:39:41","slug":"herren-schlafanzug-set-leoparden-print-baumwolle","status":"publish","type":"product","link":"https:\/\/baturina-homewear.com\/de\/produkt\/herren-schlafanzug-set-leoparden-print-baumwolle\/","title":{"rendered":"Herren Pyjama Set Leopard Print Baumwolle"},"content":{"rendered":"<p>Klassisches Pyjama-Set mit einem bequemen Langarmshirt und einer langen Hose. Hergestellt aus mittelschwerer Baumwolle, die ein wenig w\u00e4rmt. Es ist mit einem auff\u00e4lligen Leopardenmuster in Schwarz und Cremefarben versehen. Es ist vollst\u00e4ndig mit einer schwarzen Paspel<br \/>\n eingefasst. Dieses Set ist ein unverzichtbares St\u00fcck Loungewear und sorgt f\u00fcr einen zeitlos eleganten Look. Wenn Sie ein w\u00e4rmeres Paar Schlafanz\u00fcge suchen, ist dieses Set perfekt. Alle unsere Designs werden individuell auf Bestellung in unserem Atelier hergestellt und sind das Ergebnis stundenlanger handwerklicher Arbeit. Genie\u00dfen Sie Komfort und Stil in unseren Morgenmantel, Pyjama-Sets und Accessoires, hergestellt in Hamburg, Deutschland.<\/p>\n<ul>\n<li>bequeme, lockere Passform<\/li>\n<li>Hemd mit gekerbtem Kragen, Knopfleiste, drei Taschen<\/li>\n<li>Hose mit elastischem Bund, Kordelzug, verdeckter Knopfleiste, zwei Seitentaschen<\/li>\n<li>schwarze Acrylkn\u00f6pfe<\/li>\n<\/ul>\n<p>Material und Pflege: 100% Baumwolle. Separate Maschinenw\u00e4sche bei 30\u00b0C, nicht im Trockner trocknen, B\u00fcgeln bei niedriger Hitze.<\/p>\n<p>Das Model ist 185 cm gro\u00df und tr\u00e4gt die Gr\u00f6\u00dfe M.<\/p>\n","protected":false},"excerpt":{"rendered":"<p>Klassisches Pyjama-Set mit einem bequemen Langarmshirt und einer langen Hose. Hergestellt aus mittelschwerer Baumwolle, die ein wenig w\u00e4rmt. Es ist<\/p>\n","protected":false},"featured_media":42928,"comment_status":"open","ping_status":"closed","template":"","meta":[],"product_brand":[],"product_cat":[565,493],"product_tag":[482],"class_list":{"0":"post-35403","1":"product","2":"type-product","3":"status-publish","4":"has-post-thumbnail","6":"product_cat-pyjamas","7":"product_cat-herren-pyjamas","8":"product_tag-custom-size-pajamas-de","9":"pa_fabric-content-cotton-de","10":"pa_fabric-weave-type-einfach","11":"pa_fabric-weight-regular-de","12":"pa_pattern-animal-de","13":"pa_size-m-de","15":"first","16":"outofstock","17":"taxable","18":"shipping-taxable","19":"purchasable","20":"product-type-simple"},"_links":{"self":[{"href":"https:\/\/baturina-homewear.com\/de\/wp-json\/wp\/v2\/product\/35403","targetHints":{"allow":["GET"]}}],"collection":[{"href":"https:\/\/baturina-homewear.com\/de\/wp-json\/wp\/v2\/product"}],"about":[{"href":"https:\/\/baturina-homewear.com\/de\/wp-json\/wp\/v2\/types\/product"}],"replies":[{"embeddable":true,"href":"https:\/\/baturina-homewear.com\/de\/wp-json\/wp\/v2\/comments?post=35403"}],"version-history":[{"count":5,"href":"https:\/\/baturina-homewear.com\/de\/wp-json\/wp\/v2\/product\/35403\/revisions"}],"predecessor-version":[{"id":63348,"href":"https:\/\/baturina-homewear.com\/de\/wp-json\/wp\/v2\/product\/35403\/revisions\/63348"}],"wp:featuredmedia":[{"embeddable":true,"href":"https:\/\/baturina-homewear.com\/de\/wp-json\/wp\/v2\/media\/42928"}],"wp:attachment":[{"href":"https:\/\/baturina-homewear.com\/de\/wp-json\/wp\/v2\/media?parent=35403"}],"wp:term":[{"taxonomy":"product_brand","embeddable":true,"href":"https:\/\/baturina-homewear.com\/de\/wp-json\/wp\/v2\/product_brand?post=35403"},{"taxonomy":"product_cat","embeddable":true,"href":"https:\/\/baturina-homewear.com\/de\/wp-json\/wp\/v2\/product_cat?post=35403"},{"taxonomy":"product_tag","embeddable":true,"href":"https:\/\/baturina-homewear.com\/de\/wp-json\/wp\/v2\/product_tag?post=35403"}],"curies":[{"name":"wp","href":"https:\/\/api.w.org\/{rel}","templated":true}]}}