{"id":35709,"date":"2022-10-08T19:47:02","date_gmt":"2022-10-08T17:47:02","guid":{"rendered":"https:\/\/baturina-homewear.com\/product\/herren-bademantel-baumwolle-waffel-pique-rot\/"},"modified":"2024-11-25T18:24:22","modified_gmt":"2024-11-25T17:24:22","slug":"herren-bademantel-baumwoll-waffel-pique-rot","status":"publish","type":"product","link":"https:\/\/baturina-homewear.com\/de\/produkt\/herren-bademantel-baumwoll-waffel-pique-rot\/","title":{"rendered":"Herren Bademantel Baumwolle Waffel Pique Rot"},"content":{"rendered":"<p>Unsere Badem\u00e4ntel sind aus wasserabsorbierenden, schnell trocknenden Stoffen gefertigt und f\u00fcr Komfort und m\u00fchelosen Stil Design. Dieser Bademantel ist aus einer herrlich leichten Waffel-Piqu\u00e9-Baumwolle gefertigt. Es ist mit einem eingewebten Wabenmuster versehen, das ein schachbrettartiges Aussehen erzeugt. Kragen, Tasche und Manschetten sind mit gold-schwarz gestreiften Paspel<br \/>\n versehen. Er ist so bequem, dass man ihn gar nicht mehr ausziehen m\u00f6chte! Unsere Badem\u00e4ntel sind \u00e4hnlich wie unsere anderen Morgenm\u00e4ntel, und Sie k\u00f6nnen sie sogar tags\u00fcber tragen. Einfach mit dem langen G\u00fcrtel befestigen.<\/p>\n<ul>\n<li>Schalkragen<\/li>\n<li>zwei tiefe Seitentaschen<\/li>\n<li>verstellbare Umschlagmanschetten<\/li>\n<li>ungef\u00fcttert<\/li>\n<li>bequeme, lockere Passform<\/li>\n<li>diskrete Aufh\u00e4ngeschlaufe auf der R\u00fcckseite<\/li>\n<li>lange G\u00fcrtel<\/li>\n<\/ul>\n<p>Material und Pflege: 100% Baumwolle. Maschinenw\u00e4sche bei 30\u00b0C, nicht im Trockner trocknen, bei niedriger Hitze b\u00fcgeln.<\/p>\n<p>Das Model ist 180 cm gro\u00df und tr\u00e4gt die Gr\u00f6\u00dfe M.<\/p>\n","protected":false},"excerpt":{"rendered":"<p>Unsere Badem\u00e4ntel sind aus wasserabsorbierenden, schnell trocknenden Stoffen gefertigt und f\u00fcr Komfort und m\u00fchelosen Stil Design. Dieser Bademantel ist aus<\/p>\n","protected":false},"featured_media":35707,"comment_status":"open","ping_status":"closed","template":"","meta":[],"product_brand":[],"product_cat":[662,491],"product_tag":[464,768],"class_list":{"0":"post-35709","1":"product","2":"type-product","3":"status-publish","4":"has-post-thumbnail","6":"product_cat-bademantel","7":"product_cat-morgenmaentel","8":"product_tag-custom-size-de","9":"product_tag-monogram-de","10":"pa_color-rot","11":"pa_color-swatch-purpur-rot","12":"pa_fabric-content-cotton-de","13":"pa_fabric-weave-type-waffel-pique","14":"pa_fabric-weight-lightweight-de","15":"pa_pattern-einfarbig","16":"pa_size-m-de","18":"first","19":"outofstock","20":"taxable","21":"shipping-taxable","22":"purchasable","23":"product-type-simple"},"_links":{"self":[{"href":"https:\/\/baturina-homewear.com\/de\/wp-json\/wp\/v2\/product\/35709","targetHints":{"allow":["GET"]}}],"collection":[{"href":"https:\/\/baturina-homewear.com\/de\/wp-json\/wp\/v2\/product"}],"about":[{"href":"https:\/\/baturina-homewear.com\/de\/wp-json\/wp\/v2\/types\/product"}],"replies":[{"embeddable":true,"href":"https:\/\/baturina-homewear.com\/de\/wp-json\/wp\/v2\/comments?post=35709"}],"version-history":[{"count":4,"href":"https:\/\/baturina-homewear.com\/de\/wp-json\/wp\/v2\/product\/35709\/revisions"}],"predecessor-version":[{"id":61570,"href":"https:\/\/baturina-homewear.com\/de\/wp-json\/wp\/v2\/product\/35709\/revisions\/61570"}],"wp:featuredmedia":[{"embeddable":true,"href":"https:\/\/baturina-homewear.com\/de\/wp-json\/wp\/v2\/media\/35707"}],"wp:attachment":[{"href":"https:\/\/baturina-homewear.com\/de\/wp-json\/wp\/v2\/media?parent=35709"}],"wp:term":[{"taxonomy":"product_brand","embeddable":true,"href":"https:\/\/baturina-homewear.com\/de\/wp-json\/wp\/v2\/product_brand?post=35709"},{"taxonomy":"product_cat","embeddable":true,"href":"https:\/\/baturina-homewear.com\/de\/wp-json\/wp\/v2\/product_cat?post=35709"},{"taxonomy":"product_tag","embeddable":true,"href":"https:\/\/baturina-homewear.com\/de\/wp-json\/wp\/v2\/product_tag?post=35709"}],"curies":[{"name":"wp","href":"https:\/\/api.w.org\/{rel}","templated":true}]}}