{"id":35773,"date":"2022-10-10T20:29:46","date_gmt":"2022-10-10T18:29:46","guid":{"rendered":"https:\/\/baturina-homewear.com\/product\/hausmantel-fuer-maenner-dunkelrot-gold-brokat\/"},"modified":"2025-11-14T10:43:48","modified_gmt":"2025-11-14T09:43:48","slug":"herren-hausmantel-weinrot-gold-metallic-brokat","status":"publish","type":"product","link":"https:\/\/baturina-homewear.com\/de\/produkt\/herren-hausmantel-weinrot-gold-metallic-brokat\/","title":{"rendered":"Herren Hausmantel Maroon Gold Metallic Brocade"},"content":{"rendered":"<p>Dieser luxuri\u00f6se Morgenmantel ist aus einem atemberaubenden Brokat-Metallic-Stoff in Dunkelrot und Gold gefertigt. Es weist ein dezentes eingewobenes geometrisches Muster auf. Schalkragen, Manschetten und Taschendetails sind mit einer besonders feinen Handnaht abgesteppt. Es ist innen sehr weich, da es vollst\u00e4ndig mit seidenartigem Satin gef\u00fcttert ist. Einfach mit dem langen G\u00fcrtel befestigen. Der Stoff besteht aus goldenem Garn und hat einen metallischen Schimmer. Ein sehr festlicher und bequemer Morgenmantel, der sich perfekt f\u00fcr jeden Urlaub, jede Party oder andere besondere Gelegenheit eignet.<\/p>\n<ul>\n<li>Schalkragen<\/li>\n<li>Brusttasche<\/li>\n<li>zwei tiefe Seitentaschen<\/li>\n<li>verstellbare Umschlagmanschetten<\/li>\n<li>bequeme, lockere Passform<\/li>\n<li>diskrete Aufh\u00e4ngeschlaufe auf der R\u00fcckseite<\/li>\n<li>langer G\u00fcrtel mit Quasten<\/li>\n<\/ul>\n<p>Materialien und Pflege: \u00c4u\u00dferes: 60% Baumwolle, 40% Polyester. Innen: 60%Polyester, 40% Viskose. Maschinenw\u00e4sche bei 30\u00b0C, nicht im Trockner trocknen, bei niedriger Hitze b\u00fcgeln.  <\/p>\n<p>Das Model ist 185 cm gro\u00df und tr\u00e4gt die Gr\u00f6\u00dfe M.<\/p>\n","protected":false},"excerpt":{"rendered":"<p><strong>Letzter<\/strong> in Gr\u00f6\u00dfe 2XL, L\u00e4nge 125 cm (49 in)<\/p>\n","protected":false},"featured_media":35751,"comment_status":"open","ping_status":"closed","template":"","meta":[],"product_brand":[],"product_cat":[463,491,899],"product_tag":[],"class_list":{"0":"post-35773","1":"product","2":"type-product","3":"status-publish","4":"has-post-thumbnail","6":"product_cat-herren-hausmantel","7":"product_cat-morgenmaentel","8":"product_cat-limited-edition-de","9":"product_shipping_class-auf-bestellung","10":"pa_color-rot","11":"pa_color-black-de","12":"pa_fabric-content-polyester-viscose-mix-de","13":"pa_fabric-weave-type-brokat","14":"pa_fabric-weight-regular-de","15":"pa_pattern-abstrakt","16":"pa_product-type-limited-edition-de","17":"pa_size-2xl-de","18":"pa_size-3xl-de","19":"pa_size-4xl-de","20":"pa_size-5xl-de","21":"pa_size-l-de","22":"pa_size-m-de","23":"pa_size-massanfertigung","24":"pa_size-s-de","25":"pa_size-xl-de","26":"pa_size-xs-de","28":"first","29":"outofstock","30":"taxable","31":"shipping-taxable","32":"purchasable","33":"product-type-variable","34":"has-default-attributes"},"_links":{"self":[{"href":"https:\/\/baturina-homewear.com\/de\/wp-json\/wp\/v2\/product\/35773","targetHints":{"allow":["GET"]}}],"collection":[{"href":"https:\/\/baturina-homewear.com\/de\/wp-json\/wp\/v2\/product"}],"about":[{"href":"https:\/\/baturina-homewear.com\/de\/wp-json\/wp\/v2\/types\/product"}],"replies":[{"embeddable":true,"href":"https:\/\/baturina-homewear.com\/de\/wp-json\/wp\/v2\/comments?post=35773"}],"version-history":[{"count":5,"href":"https:\/\/baturina-homewear.com\/de\/wp-json\/wp\/v2\/product\/35773\/revisions"}],"predecessor-version":[{"id":73137,"href":"https:\/\/baturina-homewear.com\/de\/wp-json\/wp\/v2\/product\/35773\/revisions\/73137"}],"wp:featuredmedia":[{"embeddable":true,"href":"https:\/\/baturina-homewear.com\/de\/wp-json\/wp\/v2\/media\/35751"}],"wp:attachment":[{"href":"https:\/\/baturina-homewear.com\/de\/wp-json\/wp\/v2\/media?parent=35773"}],"wp:term":[{"taxonomy":"product_brand","embeddable":true,"href":"https:\/\/baturina-homewear.com\/de\/wp-json\/wp\/v2\/product_brand?post=35773"},{"taxonomy":"product_cat","embeddable":true,"href":"https:\/\/baturina-homewear.com\/de\/wp-json\/wp\/v2\/product_cat?post=35773"},{"taxonomy":"product_tag","embeddable":true,"href":"https:\/\/baturina-homewear.com\/de\/wp-json\/wp\/v2\/product_tag?post=35773"}],"curies":[{"name":"wp","href":"https:\/\/api.w.org\/{rel}","templated":true}]}}