{"id":36058,"date":"2022-10-15T19:47:20","date_gmt":"2022-10-15T17:47:20","guid":{"rendered":"https:\/\/baturina-homewear.com\/product\/herren-hausmantel-creme-weiss-barock-baumwolle-schwarz-samt\/"},"modified":"2025-07-23T15:18:06","modified_gmt":"2025-07-23T13:18:06","slug":"herren-hausmantel-creme-weis-barock-baumwolle-schwarz-samt","status":"publish","type":"product","link":"https:\/\/baturina-homewear.com\/de\/produkt\/herren-hausmantel-creme-weis-barock-baumwolle-schwarz-samt\/","title":{"rendered":"Herren Hausmantel Creme Wei\u00df Barock Baumwolle Schwarz Samt"},"content":{"rendered":"<p>Dieser luxuri\u00f6se Morgenmantel ist aus einer atemberaubend weichen, barock gemusterten Baumwolle in cremewei\u00dfen und braunen Farbt\u00f6nen gefertigt. Kragen, Manschetten und Taschendetails sind aus weichem, schwarzem Baumwollsamt. Es ist innen sehr weich, da es vollst\u00e4ndig mit seidenartigem Satin gef\u00fcttert ist. Einfach mit dem langen G\u00fcrtel befestigen. Wenn Sie auf der Suche nach einem luxuri\u00f6sen Morgenmantel im Vintage-Stil sind, der das ganze Jahr \u00fcber Komfort und Stil bietet, ist dieses klassische Design perfekt.<\/p>\n<ul>\n<li>Schalkragen<\/li>\n<li>Brusttasche<\/li>\n<li>zwei tiefe Seitentaschen<\/li>\n<li>verstellbare Umschlagmanschetten<\/li>\n<li>bequeme, lockere Passform<\/li>\n<li>diskrete Aufh\u00e4ngeschlaufe auf der R\u00fcckseite<\/li>\n<li>langer G\u00fcrtel<\/li>\n<\/ul>\n<p>Materialien und Pflege: Au\u00dfenseite: 100% Baumwolle. Innen: 60%Polyester, 40% Viskose. Maschinenw\u00e4sche bei 30\u00b0C, nicht im Trockner trocknen, bei niedriger Hitze b\u00fcgeln.  <\/p>\n<p>Das Model ist 185 cm gro\u00df und tr\u00e4gt die Gr\u00f6\u00dfe M.<\/p>\n","protected":false},"excerpt":{"rendered":"<p>Dieser luxuri\u00f6se Morgenmantel ist aus einer atemberaubend weichen, barock gemusterten Baumwolle in cremewei\u00dfen und braunen Farbt\u00f6nen gefertigt. Kragen, Manschetten und<\/p>\n","protected":false},"featured_media":36541,"comment_status":"open","ping_status":"closed","template":"","meta":[],"product_brand":[],"product_cat":[463,491,899],"product_tag":[464,768],"class_list":{"0":"post-36058","1":"product","2":"type-product","3":"status-publish","4":"has-post-thumbnail","6":"product_cat-herren-hausmantel","7":"product_cat-morgenmaentel","8":"product_cat-limited-edition-de","9":"product_tag-custom-size-de","10":"product_tag-monogram-de","11":"product_shipping_class-auf-bestellung","12":"pa_color-creme","13":"pa_color-black-de","14":"pa_color-swatch-creme-schwarz","15":"pa_fabric-content-cotton-de","16":"pa_fabric-weave-type-jacquard-de","17":"pa_fabric-weave-type-samt","18":"pa_fabric-weight-regular-de","19":"pa_pattern-blumen","20":"pa_product-type-limited-edition-de","21":"pa_size-2xl-de","22":"pa_size-3xl-de","23":"pa_size-4xl-de","24":"pa_size-5xl-de","25":"pa_size-l-de","26":"pa_size-m-de","27":"pa_size-massanfertigung","28":"pa_size-s-de","29":"pa_size-xl-de","30":"pa_size-xs-de","32":"first","33":"instock","34":"taxable","35":"shipping-taxable","36":"purchasable","37":"product-type-simple"},"_links":{"self":[{"href":"https:\/\/baturina-homewear.com\/de\/wp-json\/wp\/v2\/product\/36058","targetHints":{"allow":["GET"]}}],"collection":[{"href":"https:\/\/baturina-homewear.com\/de\/wp-json\/wp\/v2\/product"}],"about":[{"href":"https:\/\/baturina-homewear.com\/de\/wp-json\/wp\/v2\/types\/product"}],"replies":[{"embeddable":true,"href":"https:\/\/baturina-homewear.com\/de\/wp-json\/wp\/v2\/comments?post=36058"}],"version-history":[{"count":5,"href":"https:\/\/baturina-homewear.com\/de\/wp-json\/wp\/v2\/product\/36058\/revisions"}],"predecessor-version":[{"id":73358,"href":"https:\/\/baturina-homewear.com\/de\/wp-json\/wp\/v2\/product\/36058\/revisions\/73358"}],"wp:featuredmedia":[{"embeddable":true,"href":"https:\/\/baturina-homewear.com\/de\/wp-json\/wp\/v2\/media\/36541"}],"wp:attachment":[{"href":"https:\/\/baturina-homewear.com\/de\/wp-json\/wp\/v2\/media?parent=36058"}],"wp:term":[{"taxonomy":"product_brand","embeddable":true,"href":"https:\/\/baturina-homewear.com\/de\/wp-json\/wp\/v2\/product_brand?post=36058"},{"taxonomy":"product_cat","embeddable":true,"href":"https:\/\/baturina-homewear.com\/de\/wp-json\/wp\/v2\/product_cat?post=36058"},{"taxonomy":"product_tag","embeddable":true,"href":"https:\/\/baturina-homewear.com\/de\/wp-json\/wp\/v2\/product_tag?post=36058"}],"curies":[{"name":"wp","href":"https:\/\/api.w.org\/{rel}","templated":true}]}}