{"id":36064,"date":"2022-10-15T19:47:42","date_gmt":"2022-10-15T17:47:42","guid":{"rendered":"https:\/\/baturina-homewear.com\/product\/herren-hausmantel-barock-baumwolle-samt-lachsrosa-anthrazit-grau\/"},"modified":"2025-12-01T19:22:17","modified_gmt":"2025-12-01T18:22:17","slug":"herren-hausmantel-barock-baumwollsamt-lachsrosa-anthrazit-grau","status":"publish","type":"product","link":"https:\/\/baturina-homewear.com\/de\/produkt\/herren-hausmantel-barock-baumwollsamt-lachsrosa-anthrazit-grau\/","title":{"rendered":"Herren Hausmantel Barock Baumwolle Samt Lachsrosa Anthrazit Grau"},"content":{"rendered":"<p>Dieser luxuri\u00f6se Morgenmantel ist aus einer umwerfend weichen Baumwolle mit Barockblumenmuster in einem eleganten Lachsrosa gefertigt. Kragen, Manschetten und Taschendetails sind aus weichem, reinem anthrazitfarbenem Baumwollsamt. Es ist innen sehr weich, da es vollst\u00e4ndig mit seidenartigem Satin gef\u00fcttert ist. Einfach mit dem langen G\u00fcrtel befestigen. Wenn Sie auf der Suche nach einem luxuri\u00f6sen Morgenmantel im Vintage-Stil sind, der das ganze Jahr \u00fcber Komfort und Stil bietet, ist dieses klassische Design perfekt.<\/p>\n<ul>\n<li>Schalkragen<\/li>\n<li>Brusttasche<\/li>\n<li>zwei tiefe Seitentaschen<\/li>\n<li>verstellbare Umschlagmanschetten<\/li>\n<li>bequeme, lockere Passform<\/li>\n<li>diskrete Aufh\u00e4ngeschlaufe auf der R\u00fcckseite<\/li>\n<li>langer G\u00fcrtel<\/li>\n<\/ul>\n<p>Materialien und Pflege: Au\u00dfenseite: 100% Baumwolle. Innen: 60%Polyester, 40% Viskose. Maschinenw\u00e4sche bei 30\u00b0C, nicht im Trockner trocknen, bei niedriger Hitze b\u00fcgeln.  <\/p>\n<p>Das Model ist 185 cm gro\u00df und tr\u00e4gt die Gr\u00f6\u00dfe M.<\/p>\n","protected":false},"excerpt":{"rendered":"<p>Dieser luxuri\u00f6se Morgenmantel ist aus einer umwerfend weichen Baumwolle mit Barockblumenmuster in einem eleganten Lachsrosa gefertigt. Kragen, Manschetten und Taschendetails<\/p>\n","protected":false},"featured_media":36526,"comment_status":"open","ping_status":"closed","template":"","meta":[],"product_brand":[],"product_cat":[463,491,899],"product_tag":[464,768],"class_list":{"0":"post-36064","1":"product","2":"type-product","3":"status-publish","4":"has-post-thumbnail","6":"product_cat-herren-hausmantel","7":"product_cat-morgenmaentel","8":"product_cat-limited-edition-de","9":"product_tag-custom-size-de","10":"product_tag-monogram-de","11":"product_shipping_class-auf-bestellung","12":"pa_color-pink-de","13":"pa_color-silber-grau","14":"pa_color-swatch-rosa-grau","15":"pa_fabric-content-cotton-de","16":"pa_fabric-weave-type-jacquard-de","17":"pa_fabric-weave-type-samt","18":"pa_fabric-weight-regular-de","19":"pa_pattern-blumen","20":"pa_product-type-limited-edition-de","21":"pa_size-2xl-de","22":"pa_size-3xl-de","23":"pa_size-4xl-de","24":"pa_size-5xl-de","25":"pa_size-l-de","26":"pa_size-m-de","27":"pa_size-massanfertigung","28":"pa_size-s-de","29":"pa_size-xl-de","30":"pa_size-xs-de","32":"first","33":"instock","34":"taxable","35":"shipping-taxable","36":"purchasable","37":"product-type-simple"},"_links":{"self":[{"href":"https:\/\/baturina-homewear.com\/de\/wp-json\/wp\/v2\/product\/36064","targetHints":{"allow":["GET"]}}],"collection":[{"href":"https:\/\/baturina-homewear.com\/de\/wp-json\/wp\/v2\/product"}],"about":[{"href":"https:\/\/baturina-homewear.com\/de\/wp-json\/wp\/v2\/types\/product"}],"replies":[{"embeddable":true,"href":"https:\/\/baturina-homewear.com\/de\/wp-json\/wp\/v2\/comments?post=36064"}],"version-history":[{"count":4,"href":"https:\/\/baturina-homewear.com\/de\/wp-json\/wp\/v2\/product\/36064\/revisions"}],"predecessor-version":[{"id":73332,"href":"https:\/\/baturina-homewear.com\/de\/wp-json\/wp\/v2\/product\/36064\/revisions\/73332"}],"wp:featuredmedia":[{"embeddable":true,"href":"https:\/\/baturina-homewear.com\/de\/wp-json\/wp\/v2\/media\/36526"}],"wp:attachment":[{"href":"https:\/\/baturina-homewear.com\/de\/wp-json\/wp\/v2\/media?parent=36064"}],"wp:term":[{"taxonomy":"product_brand","embeddable":true,"href":"https:\/\/baturina-homewear.com\/de\/wp-json\/wp\/v2\/product_brand?post=36064"},{"taxonomy":"product_cat","embeddable":true,"href":"https:\/\/baturina-homewear.com\/de\/wp-json\/wp\/v2\/product_cat?post=36064"},{"taxonomy":"product_tag","embeddable":true,"href":"https:\/\/baturina-homewear.com\/de\/wp-json\/wp\/v2\/product_tag?post=36064"}],"curies":[{"name":"wp","href":"https:\/\/api.w.org\/{rel}","templated":true}]}}