{"id":36113,"date":"2022-10-15T20:43:10","date_gmt":"2022-10-15T18:43:10","guid":{"rendered":"https:\/\/baturina-homewear.com\/product\/herren-hausmantel-marineblau-schwarzer-crushed-velvet-mit-weisser-paspelierung\/"},"modified":"2024-11-25T11:31:02","modified_gmt":"2024-11-25T10:31:02","slug":"herren-hausmantel-marineblau-schwarz-samt","status":"publish","type":"product","link":"https:\/\/baturina-homewear.com\/de\/produkt\/herren-hausmantel-marineblau-schwarz-samt\/","title":{"rendered":"Herren Hausmantel Marineblau Schwarzer Crushed Velvet mit wei\u00dfer Paspelierung"},"content":{"rendered":"<p>Dieser luxuri\u00f6se Morgenmantel ist aus einem atemberaubenden schweren marineblauen Crushed Velvet gefertigt. Kragen, Manschetten und Taschendetails sind aus weichem, reinem schwarzem Satin gefertigt und mit wei\u00dfen Paspel<br \/>\n eingefasst. Es ist innen sehr weich, da es vollst\u00e4ndig mit seidenartigem Satin gef\u00fcttert ist. Einfach mit dem langen G\u00fcrtel befestigen. Wenn Sie auf der Suche nach einem luxuri\u00f6sen, modernen Morgenmantel f\u00fcr das ganze Jahr sind, ist dieses marineblaue und schwarze Design perfekt.<\/p>\n<ul>\n<li>Schalkragen<\/li>\n<li>Brusttasche<\/li>\n<li>zwei tiefe Seitentaschen<\/li>\n<li>verstellbare Umschlagmanschetten<\/li>\n<li>bequeme, lockere Passform<\/li>\n<li>diskrete Aufh\u00e4ngeschlaufe auf der R\u00fcckseite<\/li>\n<li>lange G\u00fcrtel<\/li>\n<\/ul>\n<p>Materialien und Pflege: Au\u00dfen: 60%Polyester, 40% Baumwolle. Innen: 60%Polyester, 40% Viskose. Maschinenw\u00e4sche bei 30\u00b0C, nicht im Trockner trocknen, bei niedriger Hitze b\u00fcgeln.<\/p>\n<p>Das Model ist 185 cm gro\u00df und tr\u00e4gt die Gr\u00f6\u00dfe M.<\/p>\n","protected":false},"excerpt":{"rendered":"<p>Dieser luxuri\u00f6se Morgenmantel ist aus einem atemberaubenden schweren marineblauen Crushed Velvet gefertigt. Kragen, Manschetten und Taschendetails sind aus weichem, reinem<\/p>\n","protected":false},"featured_media":36621,"comment_status":"open","ping_status":"closed","template":"","meta":[],"product_brand":[],"product_cat":[463],"product_tag":[464],"class_list":{"0":"post-36113","1":"product","2":"type-product","3":"status-publish","4":"has-post-thumbnail","6":"product_cat-herren-hausmantel","7":"product_tag-custom-size-de","8":"pa_color-blau","9":"pa_color-black-de","10":"pa_fabric-content-cotton-de","11":"pa_fabric-content-polyester-viscose-mix-de","12":"pa_fabric-weave-type-samt","13":"pa_fabric-weight-schwer-und-warm","14":"pa_pattern-einfarbig","15":"pa_size-2xl-de","16":"pa_size-3xl-de","17":"pa_size-4xl-de","18":"pa_size-5xl-de","19":"pa_size-l-de","20":"pa_size-m-de","21":"pa_size-massanfertigung","22":"pa_size-s-de","23":"pa_size-xl-de","24":"pa_size-xs-de","26":"first","27":"outofstock","28":"sale","29":"taxable","30":"shipping-taxable","31":"purchasable","32":"product-type-simple"},"_links":{"self":[{"href":"https:\/\/baturina-homewear.com\/de\/wp-json\/wp\/v2\/product\/36113","targetHints":{"allow":["GET"]}}],"collection":[{"href":"https:\/\/baturina-homewear.com\/de\/wp-json\/wp\/v2\/product"}],"about":[{"href":"https:\/\/baturina-homewear.com\/de\/wp-json\/wp\/v2\/types\/product"}],"replies":[{"embeddable":true,"href":"https:\/\/baturina-homewear.com\/de\/wp-json\/wp\/v2\/comments?post=36113"}],"version-history":[{"count":1,"href":"https:\/\/baturina-homewear.com\/de\/wp-json\/wp\/v2\/product\/36113\/revisions"}],"predecessor-version":[{"id":44672,"href":"https:\/\/baturina-homewear.com\/de\/wp-json\/wp\/v2\/product\/36113\/revisions\/44672"}],"wp:featuredmedia":[{"embeddable":true,"href":"https:\/\/baturina-homewear.com\/de\/wp-json\/wp\/v2\/media\/36621"}],"wp:attachment":[{"href":"https:\/\/baturina-homewear.com\/de\/wp-json\/wp\/v2\/media?parent=36113"}],"wp:term":[{"taxonomy":"product_brand","embeddable":true,"href":"https:\/\/baturina-homewear.com\/de\/wp-json\/wp\/v2\/product_brand?post=36113"},{"taxonomy":"product_cat","embeddable":true,"href":"https:\/\/baturina-homewear.com\/de\/wp-json\/wp\/v2\/product_cat?post=36113"},{"taxonomy":"product_tag","embeddable":true,"href":"https:\/\/baturina-homewear.com\/de\/wp-json\/wp\/v2\/product_tag?post=36113"}],"curies":[{"name":"wp","href":"https:\/\/api.w.org\/{rel}","templated":true}]}}