{"id":36701,"date":"2022-11-07T13:43:42","date_gmt":"2022-11-07T12:43:42","guid":{"rendered":"https:\/\/baturina-homewear.com\/product\/hausmantel-gold-braun-floral-paisley-navy-fein-gesteppt-mit-cord-paspelierung\/"},"modified":"2024-11-25T11:31:04","modified_gmt":"2024-11-25T10:31:04","slug":"herren-hausmantel-gold-braun-blumen-paisley-navy-fein-gesteppt-mit-kordel-paspel","status":"publish","type":"product","link":"https:\/\/baturina-homewear.com\/de\/produkt\/herren-hausmantel-gold-braun-blumen-paisley-navy-fein-gesteppt-mit-kordel-paspel\/","title":{"rendered":"Herren Hausmantel Jacquard-Baumwolle gesteppt Marinebraun"},"content":{"rendered":"<p>Dieser luxuri\u00f6se Morgenmantel ist aus einer herrlich dicken Baumwolle gefertigt. Es zeichnet sich durch ein florales Jugendstil-Design in Gold- und Braunt\u00f6nen mit dezenten Nuancen in Wei\u00df und Weinrot aus. Kragen, Manschetten und Taschendetails sind aus seidenartigem, glattem dunkelblauem Satin gefertigt, der mit besonders feinen, handgestickten Steppn\u00e4hten und marineblau-wei\u00df gestreiften Kordelpaspeln veredelt wurde. Es ist innen sehr weich, da es vollst\u00e4ndig mit seidenartigem Satin gef\u00fcttert ist. Einfach mit dem langen G\u00fcrtel befestigen. Wenn Sie auf der Suche nach einem luxuri\u00f6sen, altmodischen und modernen Morgenmantel f\u00fcr ganzj\u00e4hrigen Komfort und Stil sind, ist dieser Morgenmantel genau das Richtige f\u00fcr Sie.<\/p>\n<ul>\n<li>Schalkragen<\/li>\n<li>Brusttasche<\/li>\n<li>zwei tiefe Seitentaschen<\/li>\n<li>verstellbare Umschlagmanschetten<\/li>\n<li>bequeme, lockere Passform<\/li>\n<li>diskrete Aufh\u00e4ngeschlaufe auf der R\u00fcckseite<\/li>\n<li>lange G\u00fcrtel<\/li>\n<li>Gewicht eines Morgenmantels der Gr\u00f6\u00dfe M: 1,5 kg (3 lbs)<\/li>\n<\/ul>\n<p>Material und Pflege: \u00c4u\u00dferes: 60% Baumwolle, 40% Polyester. Innen: 60%Polyester, 40% Viskose. Maschinenw\u00e4sche bei 30\u00b0C, nicht im Trockner trocknen, bei niedriger Hitze b\u00fcgeln.<\/p>\n","protected":false},"excerpt":{"rendered":"<p>Dieser luxuri\u00f6se Morgenmantel ist aus einer herrlich dicken Baumwolle gefertigt. Es zeichnet sich durch ein florales Jugendstil-Design in Gold- und<\/p>\n","protected":false},"featured_media":37221,"comment_status":"open","ping_status":"closed","template":"","meta":[],"product_brand":[],"product_cat":[463],"product_tag":[464],"class_list":{"0":"post-36701","1":"product","2":"type-product","3":"status-publish","4":"has-post-thumbnail","6":"product_cat-herren-hausmantel","7":"product_tag-custom-size-de","8":"pa_color-blau","9":"pa_color-braun","10":"pa_color-gold-de","11":"pa_color-swatch-braun-marineblau","12":"pa_fabric-content-cotton-de","13":"pa_fabric-weave-type-jacquard-de","14":"pa_fabric-weight-regular-de","15":"pa_pattern-blumen","16":"pa_pattern-paisley-de","17":"pa_size-2xl-de","18":"pa_size-m-de","20":"first","21":"outofstock","22":"taxable","23":"shipping-taxable","24":"purchasable","25":"product-type-simple"},"_links":{"self":[{"href":"https:\/\/baturina-homewear.com\/de\/wp-json\/wp\/v2\/product\/36701","targetHints":{"allow":["GET"]}}],"collection":[{"href":"https:\/\/baturina-homewear.com\/de\/wp-json\/wp\/v2\/product"}],"about":[{"href":"https:\/\/baturina-homewear.com\/de\/wp-json\/wp\/v2\/types\/product"}],"replies":[{"embeddable":true,"href":"https:\/\/baturina-homewear.com\/de\/wp-json\/wp\/v2\/comments?post=36701"}],"version-history":[{"count":6,"href":"https:\/\/baturina-homewear.com\/de\/wp-json\/wp\/v2\/product\/36701\/revisions"}],"predecessor-version":[{"id":63319,"href":"https:\/\/baturina-homewear.com\/de\/wp-json\/wp\/v2\/product\/36701\/revisions\/63319"}],"wp:featuredmedia":[{"embeddable":true,"href":"https:\/\/baturina-homewear.com\/de\/wp-json\/wp\/v2\/media\/37221"}],"wp:attachment":[{"href":"https:\/\/baturina-homewear.com\/de\/wp-json\/wp\/v2\/media?parent=36701"}],"wp:term":[{"taxonomy":"product_brand","embeddable":true,"href":"https:\/\/baturina-homewear.com\/de\/wp-json\/wp\/v2\/product_brand?post=36701"},{"taxonomy":"product_cat","embeddable":true,"href":"https:\/\/baturina-homewear.com\/de\/wp-json\/wp\/v2\/product_cat?post=36701"},{"taxonomy":"product_tag","embeddable":true,"href":"https:\/\/baturina-homewear.com\/de\/wp-json\/wp\/v2\/product_tag?post=36701"}],"curies":[{"name":"wp","href":"https:\/\/api.w.org\/{rel}","templated":true}]}}