{"id":36809,"date":"2022-11-09T21:00:33","date_gmt":"2022-11-09T20:00:33","guid":{"rendered":"https:\/\/baturina-homewear.com\/product\/herren-hausmantel-gold-braun-floral-paisley-weinrot-fein-gesteppt-mit-kordelpaspel\/"},"modified":"2024-11-25T11:31:04","modified_gmt":"2024-11-25T10:31:04","slug":"herren-hausmantel-gold-braun-blumig-paisley-burgund-fein-gesteppt-mit-kordel-paspel","status":"publish","type":"product","link":"https:\/\/baturina-homewear.com\/de\/produkt\/herren-hausmantel-gold-braun-blumig-paisley-burgund-fein-gesteppt-mit-kordel-paspel\/","title":{"rendered":"Herren Hausmantel Jacquard Baumwolle gesteppt Braun Burgund"},"content":{"rendered":"<p>Dieser luxuri\u00f6se Morgenmantel ist aus einer herrlich dicken Baumwolle gefertigt. Es zeigt ein vom Jugendstil inspiriertes, eingewobenes florales Design in Gold- und Braunt\u00f6nen mit dezenten Ankl\u00e4ngen von Wei\u00df und Weinrot. Kragen, Manschetten und Taschendetails sind aus seidenartigem, glattem bordeauxfarbenem Satin gefertigt und mit einer besonders feinen, handgen\u00e4hten Steppung und schwarz-gold gestreiften Paspel<br \/>\n versehen. Es ist innen sehr weich, da es vollst\u00e4ndig mit seidenartigem Satin gef\u00fcttert ist. Einfach mit dem langen G\u00fcrtel befestigen. Wenn Sie auf der Suche nach einem luxuri\u00f6sen, altmodischen und modernen Morgenmantel f\u00fcr ganzj\u00e4hrigen Komfort und Stil sind, ist dieser Morgenmantel genau das Richtige f\u00fcr Sie.<\/p>\n<ul>\n<li>Schalkragen<\/li>\n<li>Brusttasche<\/li>\n<li>zwei tiefe Seitentaschen<\/li>\n<li>verstellbare Umschlagmanschetten<\/li>\n<li>bequeme, lockere Passform<\/li>\n<li>diskrete Aufh\u00e4ngeschlaufe auf der R\u00fcckseite<\/li>\n<li>lange G\u00fcrtel<\/li>\n<li>Gewicht eines Morgenmantels der Gr\u00f6\u00dfe M: 1,5 kg (3 lbs)<\/li>\n<\/ul>\n<p>Material und Pflege: \u00c4u\u00dferes: 60% Baumwolle, 40% Polyester. Innen: 60% Polyester, 40% Viskose. Maschinenw\u00e4sche bei 30\u00b0C, nicht im Trockner trocknen, bei niedriger Hitze b\u00fcgeln.<\/p>\n<p>Das Model tr\u00e4gt die Gr\u00f6\u00dfe M und ist 185 cm gro\u00df.<\/p>\n","protected":false},"excerpt":{"rendered":"<p>Dieser luxuri\u00f6se Morgenmantel ist aus einer herrlich dicken Baumwolle gefertigt. Es zeigt ein vom Jugendstil inspiriertes, eingewobenes florales Design in<\/p>\n","protected":false},"featured_media":46013,"comment_status":"open","ping_status":"closed","template":"","meta":[],"product_brand":[],"product_cat":[463],"product_tag":[464],"class_list":{"0":"post-36809","1":"product","2":"type-product","3":"status-publish","4":"has-post-thumbnail","6":"product_cat-herren-hausmantel","7":"product_tag-custom-size-de","8":"pa_color-gold-de","9":"pa_color-rot","10":"pa_color-swatch-braun-weinrot","11":"pa_fabric-content-cotton-de","12":"pa_fabric-weave-type-jacquard-de","13":"pa_fabric-weight-regular-de","14":"pa_pattern-blumen","15":"pa_pattern-paisley-de","16":"pa_size-2xl-de","17":"pa_size-3xl-de","18":"pa_size-4xl-de","19":"pa_size-5xl-de","20":"pa_size-l-de","21":"pa_size-m-de","22":"pa_size-massanfertigung","23":"pa_size-s-de","24":"pa_size-xl-de","25":"pa_size-xs-de","27":"first","28":"outofstock","29":"taxable","30":"shipping-taxable","31":"purchasable","32":"product-type-simple"},"_links":{"self":[{"href":"https:\/\/baturina-homewear.com\/de\/wp-json\/wp\/v2\/product\/36809","targetHints":{"allow":["GET"]}}],"collection":[{"href":"https:\/\/baturina-homewear.com\/de\/wp-json\/wp\/v2\/product"}],"about":[{"href":"https:\/\/baturina-homewear.com\/de\/wp-json\/wp\/v2\/types\/product"}],"replies":[{"embeddable":true,"href":"https:\/\/baturina-homewear.com\/de\/wp-json\/wp\/v2\/comments?post=36809"}],"version-history":[{"count":4,"href":"https:\/\/baturina-homewear.com\/de\/wp-json\/wp\/v2\/product\/36809\/revisions"}],"predecessor-version":[{"id":55802,"href":"https:\/\/baturina-homewear.com\/de\/wp-json\/wp\/v2\/product\/36809\/revisions\/55802"}],"wp:featuredmedia":[{"embeddable":true,"href":"https:\/\/baturina-homewear.com\/de\/wp-json\/wp\/v2\/media\/46013"}],"wp:attachment":[{"href":"https:\/\/baturina-homewear.com\/de\/wp-json\/wp\/v2\/media?parent=36809"}],"wp:term":[{"taxonomy":"product_brand","embeddable":true,"href":"https:\/\/baturina-homewear.com\/de\/wp-json\/wp\/v2\/product_brand?post=36809"},{"taxonomy":"product_cat","embeddable":true,"href":"https:\/\/baturina-homewear.com\/de\/wp-json\/wp\/v2\/product_cat?post=36809"},{"taxonomy":"product_tag","embeddable":true,"href":"https:\/\/baturina-homewear.com\/de\/wp-json\/wp\/v2\/product_tag?post=36809"}],"curies":[{"name":"wp","href":"https:\/\/api.w.org\/{rel}","templated":true}]}}