{"id":36811,"date":"2022-11-09T21:27:17","date_gmt":"2022-11-09T20:27:17","guid":{"rendered":"https:\/\/baturina-homewear.com\/product\/herren-pyjama-dunkelgruen-rosa-jacquard-mit-lila-paspel\/"},"modified":"2025-10-21T13:54:51","modified_gmt":"2025-10-21T11:54:51","slug":"herren-pyjama-set-dunkelgrun-rosa-jacquard-mit-lila-paspel","status":"publish","type":"product","link":"https:\/\/baturina-homewear.com\/de\/produkt\/herren-pyjama-set-dunkelgrun-rosa-jacquard-mit-lila-paspel\/","title":{"rendered":"Herren Pyjama Dunkelgr\u00fcn Rosa Jacquard mit Lila Paspel"},"content":{"rendered":"<p>Ein extravagantes und luxuri\u00f6ses Pyjama-Set, bestehend aus einem bequemen Langarmshirt und einer langen Hose. Aus leichtem, glattem Jacquard mit eingewebtem, schillerndem Paisleymuster in Dunkelgr\u00fcn und Rosa. Vollst\u00e4ndig mit lila Paspeln eingefasst. Dieses Set ist ein unverzichtbares St\u00fcck Loungewear und sorgt f\u00fcr einen zeitlos eleganten Look. Alle unsere Designs werden individuell auf Bestellung in unserem Atelier angefertigt und jedes ist das Ergebnis stundenlanger handwerklicher Arbeit. Genie\u00dfen Sie Komfort und Stil in unseren Herren Morgenm\u00e4nteln, Pyjama Sets und Accessoires, hergestellt in Hamburg, Deutschland. <\/p>\n<ul>\n<li>bequeme, lockere Passform<\/li>\n<li>Hemd mit gekerbtem Kragen, Knopfleiste, drei Taschen<\/li>\n<li>Hose mit elastischem Bund, Kordelzug, verdeckter Knopfleiste, zwei Seitentaschen<\/li>\n<li>Perlmuttkn\u00f6pfe<\/li>\n<\/ul>\n<p>Material und Pflege: 60% Polyester, 40% Viskose. Separate Maschinenw\u00e4sche bei 30\u00b0C, nicht im Trockner trocknen, B\u00fcgeln bei niedriger Hitze. <\/p>\n<p>Das Model tr\u00e4gt die Gr\u00f6\u00dfe M und ist 185 cm gro\u00df.<\/p>\n","protected":false},"excerpt":{"rendered":"<p>Ein extravagantes und luxuri\u00f6ses Pyjama-Set, bestehend aus einem bequemen Langarmshirt und einer langen Hose. Aus leichtem, glattem Jacquard mit eingewebtem,<\/p>\n","protected":false},"featured_media":36783,"comment_status":"open","ping_status":"closed","template":"","meta":[],"product_brand":[],"product_cat":[493],"product_tag":[482,768],"class_list":{"0":"post-36811","1":"product","2":"type-product","3":"status-publish","4":"has-post-thumbnail","6":"product_cat-herren-pyjamas","7":"product_tag-custom-size-pajamas-de","8":"product_tag-monogram-de","9":"product_shipping_class-auf-bestellung","10":"pa_color-green-de","11":"pa_color-pink-de","12":"pa_fabric-content-polyester-viscose-mix-de","13":"pa_fabric-weave-type-jacquard-de","14":"pa_fabric-weight-lightweight-de","15":"pa_pattern-paisley-de","16":"pa_size-2xl-de","17":"pa_size-3xl-de","18":"pa_size-4xl-de","19":"pa_size-5xl-de","20":"pa_size-l-de","21":"pa_size-m-de","22":"pa_size-massanfertigung","23":"pa_size-s-de","24":"pa_size-xl-de","25":"pa_size-xs-de","27":"first","28":"outofstock","29":"taxable","30":"shipping-taxable","31":"purchasable","32":"product-type-simple"},"_links":{"self":[{"href":"https:\/\/baturina-homewear.com\/de\/wp-json\/wp\/v2\/product\/36811","targetHints":{"allow":["GET"]}}],"collection":[{"href":"https:\/\/baturina-homewear.com\/de\/wp-json\/wp\/v2\/product"}],"about":[{"href":"https:\/\/baturina-homewear.com\/de\/wp-json\/wp\/v2\/types\/product"}],"replies":[{"embeddable":true,"href":"https:\/\/baturina-homewear.com\/de\/wp-json\/wp\/v2\/comments?post=36811"}],"version-history":[{"count":5,"href":"https:\/\/baturina-homewear.com\/de\/wp-json\/wp\/v2\/product\/36811\/revisions"}],"predecessor-version":[{"id":74163,"href":"https:\/\/baturina-homewear.com\/de\/wp-json\/wp\/v2\/product\/36811\/revisions\/74163"}],"wp:featuredmedia":[{"embeddable":true,"href":"https:\/\/baturina-homewear.com\/de\/wp-json\/wp\/v2\/media\/36783"}],"wp:attachment":[{"href":"https:\/\/baturina-homewear.com\/de\/wp-json\/wp\/v2\/media?parent=36811"}],"wp:term":[{"taxonomy":"product_brand","embeddable":true,"href":"https:\/\/baturina-homewear.com\/de\/wp-json\/wp\/v2\/product_brand?post=36811"},{"taxonomy":"product_cat","embeddable":true,"href":"https:\/\/baturina-homewear.com\/de\/wp-json\/wp\/v2\/product_cat?post=36811"},{"taxonomy":"product_tag","embeddable":true,"href":"https:\/\/baturina-homewear.com\/de\/wp-json\/wp\/v2\/product_tag?post=36811"}],"curies":[{"name":"wp","href":"https:\/\/api.w.org\/{rel}","templated":true}]}}