{"id":37184,"date":"2022-11-21T15:43:08","date_gmt":"2022-11-21T14:43:08","guid":{"rendered":"https:\/\/baturina-homewear.com\/product\/hausmantel-rosa-barocke-reben-gold-gesteppt-mit-kordelpaspel\/"},"modified":"2025-07-23T15:17:52","modified_gmt":"2025-07-23T13:17:52","slug":"herren-hausmantel-rosa-barock-reben-gold-gesteppt-mit-kordel-paspel","status":"publish","type":"product","link":"https:\/\/baturina-homewear.com\/de\/produkt\/herren-hausmantel-rosa-barock-reben-gold-gesteppt-mit-kordel-paspel\/","title":{"rendered":"Herren Hausmantel Rosa Barock Ranken Gold gesteppt mit Kordelpaspeln"},"content":{"rendered":"<p>Dieser luxuri\u00f6se Morgenmantel ist aus einem wundersch\u00f6nen Baumwolljacquard gefertigt. Es zeichnet sich durch ein Vintage-inspiriertes Design aus eingewebten Ranken in Rosat\u00f6nen aus. Kragen, Manschetten und Taschendetails sind aus seidenartigem, glattem Goldsatin gefertigt und mit handgestickten Steppungen und goldenen Kordelpaspeln versehen. Es ist innen sehr weich, da es vollst\u00e4ndig mit seidenartigem Satin gef\u00fcttert ist. Einfach mit dem langen G\u00fcrtel befestigen. Wenn Sie auf der Suche nach einem luxuri\u00f6sen, altmodischen und modernen Morgenmantel sind, der das ganze Jahr \u00fcber Komfort und Stil bietet, ist dieser Morgenmantel genau das Richtige f\u00fcr Sie.<\/p>\n<ul>\n<li>Gewicht des Hauptstoffs 135 g\/m2 (ein Morgenmantel der Gr\u00f6\u00dfe M wiegt 1,5 kg oder 3,3 lb)<\/li>\n<li>Schalkragen<\/li>\n<li>Brusttasche<\/li>\n<li>zwei tiefe Seitentaschen<\/li>\n<li>verstellbare Umschlagmanschetten<\/li>\n<li>bequeme, lockere Passform<\/li>\n<li>diskrete Aufh\u00e4ngeschlaufe auf der R\u00fcckseite<\/li>\n<li>langer G\u00fcrtel<\/li>\n<\/ul>\n<p>Material und Pflege: 60% Baumwolle, 40% Polyester. Maschinenw\u00e4sche bei 30\u00b0C, nicht im W\u00e4schetrockner trocknen, bei niedriger Hitze b\u00fcgeln.<\/p>\n<p>Das Model tr\u00e4gt die Gr\u00f6\u00dfe M und ist 185 cm gro\u00df.<\/p>\n","protected":false},"excerpt":{"rendered":"<p>Dieser luxuri\u00f6se Morgenmantel ist aus einem wundersch\u00f6nen Baumwolljacquard gefertigt. Es zeichnet sich durch ein Vintage-inspiriertes Design aus eingewebten Ranken in<\/p>\n","protected":false},"featured_media":37175,"comment_status":"open","ping_status":"closed","template":"","meta":[],"product_brand":[],"product_cat":[463,491,899],"product_tag":[464,768],"class_list":{"0":"post-37184","1":"product","2":"type-product","3":"status-publish","4":"has-post-thumbnail","6":"product_cat-herren-hausmantel","7":"product_cat-morgenmaentel","8":"product_cat-limited-edition-de","9":"product_tag-custom-size-de","10":"product_tag-monogram-de","11":"product_shipping_class-auf-bestellung","12":"pa_color-pink-de","13":"pa_color-swatch-rosa-gold","14":"pa_fabric-content-cotton-de","15":"pa_fabric-weave-type-jacquard-de","16":"pa_fabric-weight-regular-de","17":"pa_pattern-blumen","18":"pa_size-2xl-de","19":"pa_size-3xl-de","20":"pa_size-4xl-de","21":"pa_size-5xl-de","22":"pa_size-l-de","23":"pa_size-m-de","24":"pa_size-massanfertigung","25":"pa_size-s-de","26":"pa_size-xl-de","27":"pa_size-xs-de","29":"first","30":"instock","31":"taxable","32":"shipping-taxable","33":"purchasable","34":"product-type-simple"},"_links":{"self":[{"href":"https:\/\/baturina-homewear.com\/de\/wp-json\/wp\/v2\/product\/37184","targetHints":{"allow":["GET"]}}],"collection":[{"href":"https:\/\/baturina-homewear.com\/de\/wp-json\/wp\/v2\/product"}],"about":[{"href":"https:\/\/baturina-homewear.com\/de\/wp-json\/wp\/v2\/types\/product"}],"replies":[{"embeddable":true,"href":"https:\/\/baturina-homewear.com\/de\/wp-json\/wp\/v2\/comments?post=37184"}],"version-history":[{"count":3,"href":"https:\/\/baturina-homewear.com\/de\/wp-json\/wp\/v2\/product\/37184\/revisions"}],"predecessor-version":[{"id":73330,"href":"https:\/\/baturina-homewear.com\/de\/wp-json\/wp\/v2\/product\/37184\/revisions\/73330"}],"wp:featuredmedia":[{"embeddable":true,"href":"https:\/\/baturina-homewear.com\/de\/wp-json\/wp\/v2\/media\/37175"}],"wp:attachment":[{"href":"https:\/\/baturina-homewear.com\/de\/wp-json\/wp\/v2\/media?parent=37184"}],"wp:term":[{"taxonomy":"product_brand","embeddable":true,"href":"https:\/\/baturina-homewear.com\/de\/wp-json\/wp\/v2\/product_brand?post=37184"},{"taxonomy":"product_cat","embeddable":true,"href":"https:\/\/baturina-homewear.com\/de\/wp-json\/wp\/v2\/product_cat?post=37184"},{"taxonomy":"product_tag","embeddable":true,"href":"https:\/\/baturina-homewear.com\/de\/wp-json\/wp\/v2\/product_tag?post=37184"}],"curies":[{"name":"wp","href":"https:\/\/api.w.org\/{rel}","templated":true}]}}