{"id":37669,"date":"2022-10-02T13:16:24","date_gmt":"2022-10-02T11:16:24","guid":{"rendered":"https:\/\/baturina-homewear.com\/product\/anfertigung-auf-bestellung-herren-hausmantel-marineblau-gold-geometrischer-jacquard-baumwollsatin\/"},"modified":"2023-11-03T20:15:00","modified_gmt":"2023-11-03T19:15:00","slug":"herren-hausmantel-marineblau-gold-geometrischer-jacquard-baumwollsatin-2","status":"publish","type":"product","link":"https:\/\/baturina-homewear.com\/de\/produkt\/herren-hausmantel-marineblau-gold-geometrischer-jacquard-baumwollsatin-2\/","title":{"rendered":"Herren Hausmantel Marineblau Gold Geometrischer Jacquard Baumwollsatin"},"content":{"rendered":"<p>Klassischer Morgenmantel aus wundersch\u00f6nem Baumwolljacquard und reichem Satin in Dunkelblau und Gold. Mit weichem Satinbesatz und dunkelbronze-goldener Paspel<br \/>\n. Es hat eine luxuri\u00f6se, glatte und gewebte Textur. Es ist vollst\u00e4ndig mit Satin gef\u00fcttert und in einem tiefen, dunklen Braunton gehalten. Einfach mit dem langen G\u00fcrtel befestigen. Wenn Sie auf der Suche nach einem luxuri\u00f6sen Morgenmantel im Vintage-Stil sind, der das ganze Jahr \u00fcber Komfort und Stil bietet, ist dieses blau-goldene Design perfekt.<\/p>\n<ul>\n<li>Schalkragen<\/li>\n<li>Brusttasche<\/li>\n<li>zwei tiefe Seitentaschen<\/li>\n<li>verstellbare Umschlagmanschetten<\/li>\n<li>bequeme, lockere Passform<\/li>\n<li>diskrete Aufh\u00e4ngeschlaufe auf der R\u00fcckseite<\/li>\n<li>lange G\u00fcrtel<\/li>\n<\/ul>\n<p>Das Model ist 185 cm gro\u00df und tr\u00e4gt Gr\u00f6\u00dfe L.<\/p>\n<p>Material und Pflege: 60% Baumwolle, 40% Polyester. Maschinenw\u00e4sche bei 30\u00b0C, nicht im Trockner trocknen, bei niedriger Hitze b\u00fcgeln.<\/p>\n","protected":false},"excerpt":{"rendered":"<p>Klassischer Morgenmantel aus wundersch\u00f6nem Baumwolljacquard und reichem Satin in Dunkelblau und Gold. Mit weichem Satinbesatz und dunkelbronze-goldener Paspel . Es<\/p>\n","protected":false},"featured_media":30202,"comment_status":"open","ping_status":"closed","template":"","meta":[],"product_brand":[],"product_cat":[463],"product_tag":[464],"class_list":{"0":"post-37669","1":"product","2":"type-product","3":"status-publish","4":"has-post-thumbnail","6":"product_cat-herren-hausmantel","7":"product_tag-custom-size-de","8":"pa_color-blau","9":"pa_color-swatch-marineblau","10":"pa_fabric-content-cotton-de","11":"pa_fabric-weave-type-jacquard-de","12":"pa_fabric-weight-regular-de","13":"pa_pattern-abstrakt","14":"pa_size-2xl-de","15":"pa_size-3xl-de","16":"pa_size-4xl-de","17":"pa_size-5xl-de","18":"pa_size-l-de","19":"pa_size-m-de","20":"pa_size-massanfertigung","21":"pa_size-s-de","22":"pa_size-xl-de","23":"pa_size-xs-de","25":"first","26":"outofstock","27":"taxable","28":"shipping-taxable","29":"purchasable","30":"product-type-simple"},"_links":{"self":[{"href":"https:\/\/baturina-homewear.com\/de\/wp-json\/wp\/v2\/product\/37669","targetHints":{"allow":["GET"]}}],"collection":[{"href":"https:\/\/baturina-homewear.com\/de\/wp-json\/wp\/v2\/product"}],"about":[{"href":"https:\/\/baturina-homewear.com\/de\/wp-json\/wp\/v2\/types\/product"}],"replies":[{"embeddable":true,"href":"https:\/\/baturina-homewear.com\/de\/wp-json\/wp\/v2\/comments?post=37669"}],"version-history":[{"count":1,"href":"https:\/\/baturina-homewear.com\/de\/wp-json\/wp\/v2\/product\/37669\/revisions"}],"predecessor-version":[{"id":50710,"href":"https:\/\/baturina-homewear.com\/de\/wp-json\/wp\/v2\/product\/37669\/revisions\/50710"}],"wp:featuredmedia":[{"embeddable":true,"href":"https:\/\/baturina-homewear.com\/de\/wp-json\/wp\/v2\/media\/30202"}],"wp:attachment":[{"href":"https:\/\/baturina-homewear.com\/de\/wp-json\/wp\/v2\/media?parent=37669"}],"wp:term":[{"taxonomy":"product_brand","embeddable":true,"href":"https:\/\/baturina-homewear.com\/de\/wp-json\/wp\/v2\/product_brand?post=37669"},{"taxonomy":"product_cat","embeddable":true,"href":"https:\/\/baturina-homewear.com\/de\/wp-json\/wp\/v2\/product_cat?post=37669"},{"taxonomy":"product_tag","embeddable":true,"href":"https:\/\/baturina-homewear.com\/de\/wp-json\/wp\/v2\/product_tag?post=37669"}],"curies":[{"name":"wp","href":"https:\/\/api.w.org\/{rel}","templated":true}]}}