{"id":37994,"date":"2022-10-10T15:06:25","date_gmt":"2022-10-10T13:06:25","guid":{"rendered":"https:\/\/baturina-homewear.com\/product\/hausmantel-fuer-herren-rot-muscheln-jacquard-baumwolle\/"},"modified":"2025-12-01T19:25:23","modified_gmt":"2025-12-01T18:25:23","slug":"herren-hausmantel-roter-seemantel-jacquard-baumwolle","status":"publish","type":"product","link":"https:\/\/baturina-homewear.com\/de\/produkt\/herren-hausmantel-roter-seemantel-jacquard-baumwolle\/","title":{"rendered":"Herren Hausmantel Rote Muscheln Baumwolle"},"content":{"rendered":"<p>Eleganter ungef\u00fctterter Morgenmantel mit Schalkragen, ideal zum Entspannen zu Hause. Das Farbschema zeichnet sich durch ein kr\u00e4ftiges Rot und goldene Akzente aus. Das Design ist mit einem Besatz aus gleichem Stoff versehen und mit Paspeln verarbeitet. Einfach mit dem langen G\u00fcrtel mit Quasten schlie\u00dfen. Wenn Sie auf der Suche nach einem leichten Morgenmantel sind, der auch f\u00fcr w\u00e4rmere Temperaturen geeignet ist, ist dieser Morgenmantel die richtige Wahl f\u00fcr ganzj\u00e4hrigen Komfort und Stil. Alle unsere Designs werden individuell auf Bestellung in unserem Atelier angefertigt und jedes ist das Ergebnis stundenlanger handwerklicher Arbeit. Genie\u00dfen Sie Komfort und Stil in unseren Herren Morgenm\u00e4nteln, Pyjama Sets und Accessoires, hergestellt in Hamburg, Deutschland. <\/p>\n<ul>\n<li>Schalkragen<\/li>\n<li>Brusttasche<\/li>\n<li>zwei tiefe Seitentaschen<\/li>\n<li>verstellbare Umschlagmanschetten<\/li>\n<li>bequeme, lockere Passform<\/li>\n<li>diskrete Aufh\u00e4ngeschlaufe auf der R\u00fcckseite<\/li>\n<li>langer G\u00fcrtel<\/li>\n<li>L\u00e4nge des Morgenmantels (abgebildet): 125 cm (49 in)<\/li>\n<\/ul>\n<p>Material und Pflege: 100% Baumwolle. Separat waschen, 30\u00b0 C, nicht im Trockner trocknen, bei niedriger Hitze b\u00fcgeln. <\/p>\n","protected":false},"excerpt":{"rendered":"<p>Eleganter ungef\u00fctterter Morgenmantel mit Schalkragen, ideal zum Entspannen zu Hause. Das Farbschema zeichnet sich durch ein kr\u00e4ftiges Rot und goldene Akzente aus.<\/p>\n","protected":false},"featured_media":45916,"comment_status":"open","ping_status":"closed","template":"","meta":[],"product_brand":[],"product_cat":[463,1105,491,899],"product_tag":[464,768],"class_list":{"0":"post-37994","1":"product","2":"type-product","3":"status-publish","4":"has-post-thumbnail","6":"product_cat-herren-hausmantel","7":"product_cat-sommer-mantel","8":"product_cat-morgenmaentel","9":"product_cat-limited-edition-de","10":"product_tag-custom-size-de","11":"product_tag-monogram-de","12":"product_shipping_class-auf-bestellung","13":"pa_color-rot","14":"pa_color-swatch-hellrot","15":"pa_fabric-content-cotton-de","16":"pa_fabric-weave-type-jacquard-de","17":"pa_fabric-weight-lightweight-de","18":"pa_pattern-animal-de","19":"pa_product-type-limited-edition-de","20":"pa_size-2xl-de","21":"pa_size-3xl-de","22":"pa_size-4xl-de","23":"pa_size-5xl-de","24":"pa_size-l-de","25":"pa_size-m-de","26":"pa_size-massanfertigung","27":"pa_size-s-de","28":"pa_size-xl-de","29":"pa_size-xs-de","31":"first","32":"instock","33":"taxable","34":"shipping-taxable","35":"purchasable","36":"product-type-simple"},"_links":{"self":[{"href":"https:\/\/baturina-homewear.com\/de\/wp-json\/wp\/v2\/product\/37994","targetHints":{"allow":["GET"]}}],"collection":[{"href":"https:\/\/baturina-homewear.com\/de\/wp-json\/wp\/v2\/product"}],"about":[{"href":"https:\/\/baturina-homewear.com\/de\/wp-json\/wp\/v2\/types\/product"}],"replies":[{"embeddable":true,"href":"https:\/\/baturina-homewear.com\/de\/wp-json\/wp\/v2\/comments?post=37994"}],"version-history":[{"count":14,"href":"https:\/\/baturina-homewear.com\/de\/wp-json\/wp\/v2\/product\/37994\/revisions"}],"predecessor-version":[{"id":75278,"href":"https:\/\/baturina-homewear.com\/de\/wp-json\/wp\/v2\/product\/37994\/revisions\/75278"}],"wp:featuredmedia":[{"embeddable":true,"href":"https:\/\/baturina-homewear.com\/de\/wp-json\/wp\/v2\/media\/45916"}],"wp:attachment":[{"href":"https:\/\/baturina-homewear.com\/de\/wp-json\/wp\/v2\/media?parent=37994"}],"wp:term":[{"taxonomy":"product_brand","embeddable":true,"href":"https:\/\/baturina-homewear.com\/de\/wp-json\/wp\/v2\/product_brand?post=37994"},{"taxonomy":"product_cat","embeddable":true,"href":"https:\/\/baturina-homewear.com\/de\/wp-json\/wp\/v2\/product_cat?post=37994"},{"taxonomy":"product_tag","embeddable":true,"href":"https:\/\/baturina-homewear.com\/de\/wp-json\/wp\/v2\/product_tag?post=37994"}],"curies":[{"name":"wp","href":"https:\/\/api.w.org\/{rel}","templated":true}]}}