{"id":38841,"date":"2023-01-08T19:30:46","date_gmt":"2023-01-08T18:30:46","guid":{"rendered":"https:\/\/baturina-homewear.com\/product\/herren-hausmantel-gruen-floral-brokat-dunkel-orange-samt\/"},"modified":"2025-11-14T16:55:12","modified_gmt":"2025-11-14T15:55:12","slug":"herren-hausmantel-grun-blumen-brokat-dunkelorange-velvet","status":"publish","type":"product","link":"https:\/\/baturina-homewear.com\/de\/produkt\/herren-hausmantel-grun-blumen-brokat-dunkelorange-velvet\/","title":{"rendered":"Herren Hausmantel Gr\u00fcn Floral Brokat Dunkel Orange Samt"},"content":{"rendered":"<p>Unser gr\u00fcner Morgenmantel aus gebl\u00fcmtem Brokat ist eine luxuri\u00f6se Neuinterpretation der h\u00e4uslichen Garderobe. In diesem Morgenmantel k\u00f6nnen Sie sicher sein, dass Sie Ihre Zeit zu Hause oder im Urlaub mit Komfort und Stil verbringen. Inspiriert von den Hausm\u00e4nteln vergangener Zeiten, ist er aus einem aufw\u00e4ndig gewebten Brokatstoff gefertigt. Es weist ein metallisches, eingewobenes Rankenmuster in einem satten Gr\u00fcnton auf. Kragen, Manschetten und Taschendetails sind aus pl\u00fcschigem Baumwollsamt in einem kr\u00e4ftigen Farbton von dunklem Orange gefertigt und mit goldenen Kordelpaspeln versehen. Es ist innen sehr weich, da es vollst\u00e4ndig mit seidenartigem Satin in einem tiefen Gr\u00fcn gef\u00fcttert ist. Einfach mit dem langen G\u00fcrtel mit Quasten schlie\u00dfen. Ein zeitlos eleganter Hausmantel, der viele Jahre lang halten wird.<\/p>\n<ul>\n<li>mittleres Gewicht (Gr\u00f6\u00dfe M, L\u00e4nge 125cm, wiegt ca. 1,6kg oder 3.5 lb)<\/li>\n<li>Schalkragen<\/li>\n<li>Brusttasche<\/li>\n<li>zwei tiefe Seitentaschen<\/li>\n<li>verstellbare Umschlagmanschetten<\/li>\n<li>bequeme, lockere Passform<\/li>\n<li>diskrete Aufh\u00e4ngeschlaufe auf der R\u00fcckseite<\/li>\n<li>langer G\u00fcrtel<\/li>\n<\/ul>\n<p>Material und Pflege: \u00c4u\u00dferes: 60% Baumwolle, 40% Polyester. Innen: 60% Polyester, 40% Viskose.  Maschinenw\u00e4sche bei 30\u00b0C, nicht im Trockner trocknen, bei niedriger Hitze b\u00fcgeln.<\/p>\n","protected":false},"excerpt":{"rendered":"<p>Unser gr\u00fcner Morgenmantel aus gebl\u00fcmtem Brokat ist eine luxuri\u00f6se Neuinterpretation der h\u00e4uslichen Garderobe. In diesem Morgenmantel k\u00f6nnen Sie sicher sein, dass Sie Ihre Zeit zu Hause oder im Urlaub mit Komfort und Stil verbringen.<\/p>\n","protected":false},"featured_media":77946,"comment_status":"open","ping_status":"closed","template":"","meta":[],"product_brand":[],"product_cat":[463,491,899],"product_tag":[464,768],"class_list":{"0":"post-38841","1":"product","2":"type-product","3":"status-publish","4":"has-post-thumbnail","6":"product_cat-herren-hausmantel","7":"product_cat-morgenmaentel","8":"product_cat-limited-edition-de","9":"product_tag-custom-size-de","10":"product_tag-monogram-de","11":"product_shipping_class-auf-bestellung","12":"pa_color-braun","13":"pa_color-green-de","14":"pa_color-orange-de","15":"pa_fabric-content-cotton-de","16":"pa_fabric-content-polyester-viscose-mix-de","17":"pa_fabric-weave-type-brokat","18":"pa_fabric-weave-type-samt","19":"pa_fabric-weight-regular-de","20":"pa_pattern-blumen","21":"pa_product-type-limited-edition-de","22":"pa_size-m-de","24":"first","25":"instock","26":"taxable","27":"shipping-taxable","28":"purchasable","29":"product-type-simple"},"_links":{"self":[{"href":"https:\/\/baturina-homewear.com\/de\/wp-json\/wp\/v2\/product\/38841","targetHints":{"allow":["GET"]}}],"collection":[{"href":"https:\/\/baturina-homewear.com\/de\/wp-json\/wp\/v2\/product"}],"about":[{"href":"https:\/\/baturina-homewear.com\/de\/wp-json\/wp\/v2\/types\/product"}],"replies":[{"embeddable":true,"href":"https:\/\/baturina-homewear.com\/de\/wp-json\/wp\/v2\/comments?post=38841"}],"version-history":[{"count":8,"href":"https:\/\/baturina-homewear.com\/de\/wp-json\/wp\/v2\/product\/38841\/revisions"}],"predecessor-version":[{"id":77948,"href":"https:\/\/baturina-homewear.com\/de\/wp-json\/wp\/v2\/product\/38841\/revisions\/77948"}],"wp:featuredmedia":[{"embeddable":true,"href":"https:\/\/baturina-homewear.com\/de\/wp-json\/wp\/v2\/media\/77946"}],"wp:attachment":[{"href":"https:\/\/baturina-homewear.com\/de\/wp-json\/wp\/v2\/media?parent=38841"}],"wp:term":[{"taxonomy":"product_brand","embeddable":true,"href":"https:\/\/baturina-homewear.com\/de\/wp-json\/wp\/v2\/product_brand?post=38841"},{"taxonomy":"product_cat","embeddable":true,"href":"https:\/\/baturina-homewear.com\/de\/wp-json\/wp\/v2\/product_cat?post=38841"},{"taxonomy":"product_tag","embeddable":true,"href":"https:\/\/baturina-homewear.com\/de\/wp-json\/wp\/v2\/product_tag?post=38841"}],"curies":[{"name":"wp","href":"https:\/\/api.w.org\/{rel}","templated":true}]}}