{"id":38851,"date":"2023-01-08T20:04:43","date_gmt":"2023-01-08T19:04:43","guid":{"rendered":"https:\/\/baturina-homewear.com\/product\/herren-pyjama-set-tuerkis-blau-baumwolle\/"},"modified":"2025-07-23T15:18:41","modified_gmt":"2025-07-23T13:18:41","slug":"herren-schlafanzug-set-tuerkis-blau-baumwolle","status":"publish","type":"product","link":"https:\/\/baturina-homewear.com\/de\/produkt\/herren-schlafanzug-set-tuerkis-blau-baumwolle\/","title":{"rendered":"Herren Pyjama Set T\u00fcrkis Blau Baumwolle"},"content":{"rendered":"<p>Klassisches Pyjama-Set f\u00fcr die h\u00e4usliche Garderobe, bestehend aus einem bequemen Langarmshirt und einer langen Hose. Aus leichter, glatter, einfarbig gewebter Baumwolle in einem atemberaubenden blaugr\u00fcnen Farbton. Vollst\u00e4ndig mit schwarzen Paspeln eingefasst. Dieses Set ist ein unverzichtbares St\u00fcck Loungewear und sorgt f\u00fcr einen zeitlos eleganten Look, der viele Jahre lang h\u00e4lt.<\/p>\n<ul>\n<li>Bequeme, lockere Passform<\/li>\n<li>Hemd mit gekerbtem Kragen, Knopfleiste, drei Taschen<\/li>\n<li>Hose mit elastischem Bund, Kordelzug, verdeckter Knopfleiste, zwei Seitentaschen<\/li>\n<li>Acrylkn\u00f6pfe<\/li>\n<li>Gewicht des Stoffes: Gr\u00f6\u00dfe M wiegt etwa 0,4 kg oder 0.8lb<\/li>\n<\/ul>\n<p>Material und Pflege: 100% Baumwolle. Separate Maschinenw\u00e4sche bei 30\u00b0C, nicht im Trockner trocknen, B\u00fcgeln bei niedriger Hitze.<\/p>\n<p>Alle unsere Designs werden individuell auf Bestellung in unserem Atelier angefertigt und jedes ist das Ergebnis stundenlanger handwerklicher Arbeit. Genie\u00dfen Sie Komfort und Stil in unseren Herren Morgenm\u00e4nteln, Pyjama Sets und Accessoires, hergestellt in Hamburg, Deutschland.<\/p>\n","protected":false},"excerpt":{"rendered":"<p>Klassisches Pyjama-Set f\u00fcr die h\u00e4usliche Garderobe, bestehend aus einem bequemen Langarmshirt und einer langen Hose.<\/p>\n","protected":false},"featured_media":38838,"comment_status":"open","ping_status":"closed","template":"","meta":[],"product_brand":[],"product_cat":[493],"product_tag":[482,768],"class_list":{"0":"post-38851","1":"product","2":"type-product","3":"status-publish","4":"has-post-thumbnail","6":"product_cat-herren-pyjamas","7":"product_tag-custom-size-pajamas-de","8":"product_tag-monogram-de","9":"product_shipping_class-auf-bestellung","10":"pa_color-blau","11":"pa_color-green-de","12":"pa_color-swatch-turkis","13":"pa_fabric-content-cotton-de","14":"pa_fabric-weave-type-einfach","15":"pa_fabric-weight-lightweight-de","16":"pa_pattern-einfarbig","17":"pa_size-2xl-de","18":"pa_size-3xl-de","19":"pa_size-4xl-de","20":"pa_size-5xl-de","21":"pa_size-l-de","22":"pa_size-m-de","23":"pa_size-massanfertigung","24":"pa_size-s-de","25":"pa_size-xl-de","26":"pa_size-xs-de","28":"first","29":"outofstock","30":"taxable","31":"shipping-taxable","32":"purchasable","33":"product-type-simple"},"_links":{"self":[{"href":"https:\/\/baturina-homewear.com\/de\/wp-json\/wp\/v2\/product\/38851","targetHints":{"allow":["GET"]}}],"collection":[{"href":"https:\/\/baturina-homewear.com\/de\/wp-json\/wp\/v2\/product"}],"about":[{"href":"https:\/\/baturina-homewear.com\/de\/wp-json\/wp\/v2\/types\/product"}],"replies":[{"embeddable":true,"href":"https:\/\/baturina-homewear.com\/de\/wp-json\/wp\/v2\/comments?post=38851"}],"version-history":[{"count":8,"href":"https:\/\/baturina-homewear.com\/de\/wp-json\/wp\/v2\/product\/38851\/revisions"}],"predecessor-version":[{"id":73427,"href":"https:\/\/baturina-homewear.com\/de\/wp-json\/wp\/v2\/product\/38851\/revisions\/73427"}],"wp:featuredmedia":[{"embeddable":true,"href":"https:\/\/baturina-homewear.com\/de\/wp-json\/wp\/v2\/media\/38838"}],"wp:attachment":[{"href":"https:\/\/baturina-homewear.com\/de\/wp-json\/wp\/v2\/media?parent=38851"}],"wp:term":[{"taxonomy":"product_brand","embeddable":true,"href":"https:\/\/baturina-homewear.com\/de\/wp-json\/wp\/v2\/product_brand?post=38851"},{"taxonomy":"product_cat","embeddable":true,"href":"https:\/\/baturina-homewear.com\/de\/wp-json\/wp\/v2\/product_cat?post=38851"},{"taxonomy":"product_tag","embeddable":true,"href":"https:\/\/baturina-homewear.com\/de\/wp-json\/wp\/v2\/product_tag?post=38851"}],"curies":[{"name":"wp","href":"https:\/\/api.w.org\/{rel}","templated":true}]}}