{"id":39326,"date":"2023-01-22T16:21:16","date_gmt":"2023-01-22T15:21:16","guid":{"rendered":"https:\/\/baturina-homewear.com\/product\/herren-hausjacke-und-hose-schwarz-waffel-baumwolle-weiss-paspel\/"},"modified":"2025-09-25T16:35:36","modified_gmt":"2025-09-25T14:35:36","slug":"morgenmantel-und-hosen-set-schwarz-waffel-baumwolle-weis-paspel","status":"publish","type":"product","link":"https:\/\/baturina-homewear.com\/de\/produkt\/morgenmantel-und-hosen-set-schwarz-waffel-baumwolle-weis-paspel\/","title":{"rendered":"Herren Morgenmantel und Hose Schwarz Waffelbaumwolle Wei\u00df gepaspelt"},"content":{"rendered":"<p>Elegantes Set aus Waffelbaumwolle mit Morgenmantel mit Schalkragen und langer entspannender Hose &#8211; perfekt f\u00fcr warme Temperaturen und Reisen! Atmungsaktive, wasserabsorbierende, leichte und weiche Baumwolle. Der Stoff hat eine luxuri\u00f6se Dicke und ist dennoch leicht. Das Design zeichnet sich durch die zeitlos elegante Silhouette eines Morgenmantels im Stil einer Hausjacke mit Kordelpaspeln aus. In diesem Set k\u00f6nnen Sie sicher sein, dass Sie sich bequem und stilvoll entspannen k\u00f6nnen. Dar\u00fcber hinaus ist es ein gro\u00dfartiges Geschenk f\u00fcr einen Partner, einen Freund oder ein Familienmitglied.<\/p>\n<p>Morgenmantel:<\/p>\n<ul>\n<li>ungef\u00fcttert<\/li>\n<li>Schalkragen<\/li>\n<li>zwei tiefe Seitentaschen<\/li>\n<li>verstellbare Umschlagmanschetten<\/li>\n<li>bequeme, lockere Passform<\/li>\n<li>diskrete Aufh\u00e4ngeschlaufe auf der R\u00fcckseite<\/li>\n<li>langer G\u00fcrtel<\/li>\n<li>Morgenmantel L\u00e4nge (Bilder): 85 cm (33 7\/16 Zoll)<\/li>\n<\/ul>\n<p>Hosen:<\/p>\n<ul>\n<li>elastischer Bund<\/li>\n<li>verdeckter Hosenschlitz mit Knopf<\/li>\n<li>Hosenl\u00e4nge (abgebildet): 100 cm (39 3\/8 Zoll)<\/li>\n<\/ul>\n<p>Material und Pflege: 100% Baumwolle. Separat in der Maschine bei 30\u00b0C waschen, nicht im Trockner trocknen, bei niedriger Hitze b\u00fcgeln. <\/p>\n<p>Alle unsere Designs werden individuell auf Bestellung in unserem Atelier angefertigt und jedes ist das Ergebnis stundenlanger handwerklicher Arbeit. Genie\u00dfen Sie Komfort und Stil in unseren Herren Morgenm\u00e4nteln, Pyjama Sets und Accessoires, hergestellt in Hamburg, Deutschland.<\/p>\n","protected":false},"excerpt":{"rendered":"<p>Elegantes Set aus Waffelbaumwolle mit Morgenmantel mit Schalkragen und langer entspannender Hose &#8211; perfekt f\u00fcr warme Temperaturen und Reisen! Atmungsaktive,<\/p>\n","protected":false},"featured_media":39286,"comment_status":"open","ping_status":"closed","template":"","meta":[],"product_brand":[],"product_cat":[495,662],"product_tag":[1108,768],"class_list":{"0":"post-39326","1":"product","2":"type-product","3":"status-publish","4":"has-post-thumbnail","6":"product_cat-morgenmantel-sets","7":"product_cat-bademantel","8":"product_tag-custom-set-size-de","9":"product_tag-monogram-de","10":"pa_color-black-de","11":"pa_color-swatch-schwarz","12":"pa_fabric-content-cotton-de","13":"pa_fabric-weave-type-waffel-pique","14":"pa_fabric-weight-lightweight-de","15":"pa_pattern-einfarbig","16":"pa_size-2xl-de","17":"pa_size-3xl-de","18":"pa_size-4xl-de","19":"pa_size-5xl-de","20":"pa_size-l-de","21":"pa_size-m-de","22":"pa_size-s-de","23":"pa_size-xl-de","24":"pa_size-xs-de","26":"first","27":"outofstock","28":"taxable","29":"shipping-taxable","30":"purchasable","31":"product-type-simple"},"_links":{"self":[{"href":"https:\/\/baturina-homewear.com\/de\/wp-json\/wp\/v2\/product\/39326","targetHints":{"allow":["GET"]}}],"collection":[{"href":"https:\/\/baturina-homewear.com\/de\/wp-json\/wp\/v2\/product"}],"about":[{"href":"https:\/\/baturina-homewear.com\/de\/wp-json\/wp\/v2\/types\/product"}],"replies":[{"embeddable":true,"href":"https:\/\/baturina-homewear.com\/de\/wp-json\/wp\/v2\/comments?post=39326"}],"version-history":[{"count":5,"href":"https:\/\/baturina-homewear.com\/de\/wp-json\/wp\/v2\/product\/39326\/revisions"}],"predecessor-version":[{"id":73670,"href":"https:\/\/baturina-homewear.com\/de\/wp-json\/wp\/v2\/product\/39326\/revisions\/73670"}],"wp:featuredmedia":[{"embeddable":true,"href":"https:\/\/baturina-homewear.com\/de\/wp-json\/wp\/v2\/media\/39286"}],"wp:attachment":[{"href":"https:\/\/baturina-homewear.com\/de\/wp-json\/wp\/v2\/media?parent=39326"}],"wp:term":[{"taxonomy":"product_brand","embeddable":true,"href":"https:\/\/baturina-homewear.com\/de\/wp-json\/wp\/v2\/product_brand?post=39326"},{"taxonomy":"product_cat","embeddable":true,"href":"https:\/\/baturina-homewear.com\/de\/wp-json\/wp\/v2\/product_cat?post=39326"},{"taxonomy":"product_tag","embeddable":true,"href":"https:\/\/baturina-homewear.com\/de\/wp-json\/wp\/v2\/product_tag?post=39326"}],"curies":[{"name":"wp","href":"https:\/\/api.w.org\/{rel}","templated":true}]}}