{"id":39410,"date":"2023-01-23T21:09:51","date_gmt":"2023-01-23T20:09:51","guid":{"rendered":"https:\/\/baturina-homewear.com\/product\/herren-morgenmantel-houndstooth-baumwolle-jacquard-schwarz-weiss-satin\/"},"modified":"2025-01-16T18:48:50","modified_gmt":"2025-01-16T17:48:50","slug":"herren-morgenmantel-houndstooth-baumwolljacquard-schwarz-weis-satin","status":"publish","type":"product","link":"https:\/\/baturina-homewear.com\/de\/produkt\/herren-morgenmantel-houndstooth-baumwolljacquard-schwarz-weis-satin\/","title":{"rendered":"Herren Morgenmantel Houndstooth Baumwolle Jacquard Schwarz Wei\u00df Satin"},"content":{"rendered":"<p><strong><em>So gesehen bei Damien Broderick, einem Influencer f\u00fcr M\u00e4nnerstyle.<\/em> <\/strong>Das Hahnentrittmuster dieses luxuri\u00f6sen Morgenmantels aus Baumwolle und Satin ist der Inbegriff von schlichter Eleganz. Das Design ist mit einem glatten, seidenartigen Satinbesatz mit Paspel<br \/>\n versehen. Es ist vollst\u00e4ndig mit Satin gef\u00fcttert. Einfach mit dem langen G\u00fcrtel befestigen. Wenn Sie einen mittelschweren Morgenmantel suchen, ist dieser die richtige Wahl f\u00fcr ganzj\u00e4hrigen Komfort und Stil. Alle unsere Designs werden individuell auf Bestellung in unserem Atelier hergestellt und sind das Ergebnis stundenlanger handwerklicher Arbeit. Genie\u00dfen Sie Komfort und Stil in unseren Morgenmantel, Pyjama-Sets und Accessoires, hergestellt in Hamburg, Deutschland.<\/p>\n<ul>\n<li>Schalkragen<\/li>\n<li>Brusttasche<\/li>\n<li>zwei tiefe Seitentaschen<\/li>\n<li>verstellbare Umschlagmanschetten<\/li>\n<li>Bequeme, lockere Passform<\/li>\n<li>diskrete Aufh\u00e4ngeschlaufe auf der R\u00fcckseite<\/li>\n<li>langer G\u00fcrtel<\/li>\n<\/ul>\n<p>Material und Pflege: \u00c4u\u00dferes: 100% Baumwolle. Innen: 60% Polyester, 40% Viskose. Separat waschen, 30\u00b0 C, nicht im Trockner trocknen, bei niedriger Hitze b\u00fcgeln.<\/p>\n","protected":false},"excerpt":{"rendered":"<p>So gesehen bei Damien Broderick, einem Influencer f\u00fcr M\u00e4nnerstyle. Das Hahnentrittmuster dieses luxuri\u00f6sen Morgenmantels aus Baumwolle und Satin ist der Inbegriff von schlichter Eleganz.<\/p>\n","protected":false},"featured_media":39401,"comment_status":"open","ping_status":"closed","template":"","meta":[],"product_brand":[],"product_cat":[463,491,899],"product_tag":[464,768],"class_list":{"0":"post-39410","1":"product","2":"type-product","3":"status-publish","4":"has-post-thumbnail","6":"product_cat-herren-hausmantel","7":"product_cat-morgenmaentel","8":"product_cat-limited-edition-de","9":"product_tag-custom-size-de","10":"product_tag-monogram-de","11":"pa_color-black-de","12":"pa_color-weiss","13":"pa_color-swatch-schwarz","14":"pa_fabric-content-cotton-de","15":"pa_fabric-weave-type-jacquard-de","16":"pa_fabric-weight-regular-de","17":"pa_pattern-abstrakt","18":"pa_product-type-limited-edition-de","19":"pa_size-m-de","21":"first","22":"outofstock","23":"taxable","24":"shipping-taxable","25":"purchasable","26":"product-type-simple"},"_links":{"self":[{"href":"https:\/\/baturina-homewear.com\/de\/wp-json\/wp\/v2\/product\/39410","targetHints":{"allow":["GET"]}}],"collection":[{"href":"https:\/\/baturina-homewear.com\/de\/wp-json\/wp\/v2\/product"}],"about":[{"href":"https:\/\/baturina-homewear.com\/de\/wp-json\/wp\/v2\/types\/product"}],"replies":[{"embeddable":true,"href":"https:\/\/baturina-homewear.com\/de\/wp-json\/wp\/v2\/comments?post=39410"}],"version-history":[{"count":5,"href":"https:\/\/baturina-homewear.com\/de\/wp-json\/wp\/v2\/product\/39410\/revisions"}],"predecessor-version":[{"id":65062,"href":"https:\/\/baturina-homewear.com\/de\/wp-json\/wp\/v2\/product\/39410\/revisions\/65062"}],"wp:featuredmedia":[{"embeddable":true,"href":"https:\/\/baturina-homewear.com\/de\/wp-json\/wp\/v2\/media\/39401"}],"wp:attachment":[{"href":"https:\/\/baturina-homewear.com\/de\/wp-json\/wp\/v2\/media?parent=39410"}],"wp:term":[{"taxonomy":"product_brand","embeddable":true,"href":"https:\/\/baturina-homewear.com\/de\/wp-json\/wp\/v2\/product_brand?post=39410"},{"taxonomy":"product_cat","embeddable":true,"href":"https:\/\/baturina-homewear.com\/de\/wp-json\/wp\/v2\/product_cat?post=39410"},{"taxonomy":"product_tag","embeddable":true,"href":"https:\/\/baturina-homewear.com\/de\/wp-json\/wp\/v2\/product_tag?post=39410"}],"curies":[{"name":"wp","href":"https:\/\/api.w.org\/{rel}","templated":true}]}}