{"id":39421,"date":"2023-01-23T23:49:34","date_gmt":"2023-01-23T22:49:34","guid":{"rendered":"https:\/\/baturina-homewear.com\/product\/herren-hausjacke-weinrot-wolle-fein-gesteppt-satin-schwarz\/"},"modified":"2026-02-17T13:24:09","modified_gmt":"2026-02-17T12:24:09","slug":"herren-hausjacke-weinrot-wolle-fein-gesteppt-satin-schwarz","status":"publish","type":"product","link":"https:\/\/baturina-homewear.com\/de\/produkt\/herren-hausjacke-weinrot-wolle-fein-gesteppt-satin-schwarz\/","title":{"rendered":"Herren Hausjacke Weinrot Fein gesteppte Wolle"},"content":{"rendered":"<p>Diese klassische Hausjacke aus Wolle ist ein echtes Muss f\u00fcr den Kleiderschrank. Es zeichnet sich durch die kultige Schalkragen-Silhouette aus und ist f\u00fcr Komfort und Stil designt. Mit einem fein gesteppten, handgen\u00e4hten Satin Besatz, der mit Paspeln verziert ist. Vollst\u00e4ndig mit Satin gef\u00fcttert. Wenn Sie auf der Suche nach einem warmen Morgenmantel sind, den Sie bei k\u00fchlen Temperaturen im Haus tragen k\u00f6nnen, ist dieser Morgenmantel perfekt. Alle unsere Designs werden individuell auf Bestellung in unserem Atelier angefertigt und jedes ist das Ergebnis stundenlanger handwerklicher Arbeit. Genie\u00dfen Sie Komfort und Stil in unseren Herren Morgenm\u00e4nteln, Pyjama Sets und Accessoires, hergestellt in Hamburg, Deutschland. <\/p>\n<ul>\n<li>Schalkragen<\/li>\n<li>Brusttasche<\/li>\n<li>zwei tiefe Seitentaschen<\/li>\n<li>verstellbare Umschlagmanschetten<\/li>\n<li>bequeme, lockere Passform<\/li>\n<li>diskrete Aufh\u00e4ngeschlaufe auf der R\u00fcckseite<\/li>\n<li>langer G\u00fcrtel<\/li>\n<li>L\u00e4nge des Morgenmantels 85 cm (33 in)<\/li>\n<\/ul>\n<p>Material und Pflege: 60% Wolle, 20% Polyester, 20% Viskose. Professionelle chemische Reinigung.<\/p>\n","protected":false},"excerpt":{"rendered":"<p>Diese klassische Hausjacke aus Wolle ist ein echtes Muss f\u00fcr den Kleiderschrank. Es zeichnet sich durch die kultige Schalkragen-Silhouette aus<\/p>\n","protected":false},"featured_media":47332,"comment_status":"open","ping_status":"closed","template":"","meta":[],"product_brand":[],"product_cat":[496,491,994,981],"product_tag":[464,768],"class_list":{"0":"post-39421","1":"product","2":"type-product","3":"status-publish","4":"has-post-thumbnail","6":"product_cat-herren-hausjacken","7":"product_cat-morgenmaentel","8":"product_cat-warme-mantel","9":"product_cat-wolle-bademantel","10":"product_tag-custom-size-de","11":"product_tag-monogram-de","12":"product_shipping_class-auf-bestellung","13":"pa_color-rot","14":"pa_color-swatch-weinrot","15":"pa_fabric-content-wolle","16":"pa_fabric-weave-type-flanell","17":"pa_fabric-weight-schwer-und-warm","18":"pa_pattern-einfarbig","19":"pa_size-2xl-de","20":"pa_size-3xl-de","21":"pa_size-4xl-de","22":"pa_size-5xl-de","23":"pa_size-l-de","24":"pa_size-m-de","25":"pa_size-massanfertigung","26":"pa_size-s-de","27":"pa_size-xl-de","28":"pa_size-xs-de","30":"first","31":"instock","32":"taxable","33":"shipping-taxable","34":"purchasable","35":"product-type-simple"},"_links":{"self":[{"href":"https:\/\/baturina-homewear.com\/de\/wp-json\/wp\/v2\/product\/39421","targetHints":{"allow":["GET"]}}],"collection":[{"href":"https:\/\/baturina-homewear.com\/de\/wp-json\/wp\/v2\/product"}],"about":[{"href":"https:\/\/baturina-homewear.com\/de\/wp-json\/wp\/v2\/types\/product"}],"replies":[{"embeddable":true,"href":"https:\/\/baturina-homewear.com\/de\/wp-json\/wp\/v2\/comments?post=39421"}],"version-history":[{"count":10,"href":"https:\/\/baturina-homewear.com\/de\/wp-json\/wp\/v2\/product\/39421\/revisions"}],"predecessor-version":[{"id":76168,"href":"https:\/\/baturina-homewear.com\/de\/wp-json\/wp\/v2\/product\/39421\/revisions\/76168"}],"wp:featuredmedia":[{"embeddable":true,"href":"https:\/\/baturina-homewear.com\/de\/wp-json\/wp\/v2\/media\/47332"}],"wp:attachment":[{"href":"https:\/\/baturina-homewear.com\/de\/wp-json\/wp\/v2\/media?parent=39421"}],"wp:term":[{"taxonomy":"product_brand","embeddable":true,"href":"https:\/\/baturina-homewear.com\/de\/wp-json\/wp\/v2\/product_brand?post=39421"},{"taxonomy":"product_cat","embeddable":true,"href":"https:\/\/baturina-homewear.com\/de\/wp-json\/wp\/v2\/product_cat?post=39421"},{"taxonomy":"product_tag","embeddable":true,"href":"https:\/\/baturina-homewear.com\/de\/wp-json\/wp\/v2\/product_tag?post=39421"}],"curies":[{"name":"wp","href":"https:\/\/api.w.org\/{rel}","templated":true}]}}